{"id":62,"date":"2022-11-23T09:45:19","date_gmt":"2022-11-23T09:45:19","guid":{"rendered":"https:\/\/hydria.se\/?page_id=62"},"modified":"2026-03-19T13:08:20","modified_gmt":"2026-03-19T13:08:20","slug":"kontakt","status":"publish","type":"page","link":"https:\/\/hydria.se\/en\/kontakt\/","title":{"rendered":"Contact"},"content":{"rendered":"<div data-elementor-type=\"wp-page\" data-elementor-id=\"62\" class=\"elementor elementor-62\" data-elementor-post-type=\"page\">\n\t\t\t\t<div class=\"elementor-element elementor-element-1d00e9a e-con-full e-flex e-con e-parent\" data-id=\"1d00e9a\" data-element_type=\"container\">\n\t\t<div class=\"elementor-element elementor-element-dea0074 e-con-full e-flex e-con e-child\" data-id=\"dea0074\" data-element_type=\"container\">\n\t\t<div class=\"elementor-element elementor-element-21cf586 e-con-full e-flex e-con e-child\" data-id=\"21cf586\" data-element_type=\"container\" data-settings=\"{&quot;background_background&quot;:&quot;classic&quot;}\">\n\t\t<div class=\"elementor-element elementor-element-dbe38e4 e-flex e-con-boxed e-con e-child\" data-id=\"dbe38e4\" data-element_type=\"container\" data-settings=\"{&quot;position&quot;:&quot;absolute&quot;}\">\n\t\t\t\t\t<div class=\"e-con-inner\">\n\t\t<div class=\"elementor-element elementor-element-98115e7 e-flex e-con-boxed e-con e-child\" data-id=\"98115e7\" data-element_type=\"container\">\n\t\t\t\t\t<div class=\"e-con-inner\">\n\t\t\t\t<div class=\"elementor-element elementor-element-db6ad1c elementor-widget elementor-widget-heading\" data-id=\"db6ad1c\" data-element_type=\"widget\" data-widget_type=\"heading.default\">\n\t\t\t\t<div class=\"elementor-widget-container\">\n\t\t\t\t\t<p class=\"elementor-heading-title elementor-size-default\">Postal address<\/p>\t\t\t\t<\/div>\n\t\t\t\t<\/div>\n\t\t\t\t<div class=\"elementor-element elementor-element-9f112ee elementor-widget elementor-widget-text-editor\" data-id=\"9f112ee\" data-element_type=\"widget\" data-widget_type=\"text-editor.default\">\n\t\t\t\t<div class=\"elementor-widget-container\">\n\t\t\t\t\t\t\t\t\t<p>Box 1739<br \/>501 17 Bor\u00e5s, Sweden<\/p>\t\t\t\t\t\t\t\t<\/div>\n\t\t\t\t<\/div>\n\t\t\t\t\t<\/div>\n\t\t\t\t<\/div>\n\t\t<div class=\"elementor-element elementor-element-87f9bf1 e-flex e-con-boxed e-con e-child\" data-id=\"87f9bf1\" data-element_type=\"container\">\n\t\t\t\t\t<div class=\"e-con-inner\">\n\t\t\t\t<div class=\"elementor-element elementor-element-286d94c elementor-widget elementor-widget-heading\" data-id=\"286d94c\" data-element_type=\"widget\" data-widget_type=\"heading.default\">\n\t\t\t\t<div class=\"elementor-widget-container\">\n\t\t\t\t\t<p class=\"elementor-heading-title elementor-size-default\">Visiting address<\/p>\t\t\t\t<\/div>\n\t\t\t\t<\/div>\n\t\t\t\t<div class=\"elementor-element elementor-element-6087d19 elementor-widget elementor-widget-text-editor\" data-id=\"6087d19\" data-element_type=\"widget\" data-widget_type=\"text-editor.default\">\n\t\t\t\t<div class=\"elementor-widget-container\">\n\t\t\t\t\t\t\t\t\t<p>Skaraborgsv\u00e4gen 6<br \/>506 30 Bor\u00e5s, Sweden<\/p>\t\t\t\t\t\t\t\t<\/div>\n\t\t\t\t<\/div>\n\t\t\t\t\t<\/div>\n\t\t\t\t<\/div>\n\t\t<div class=\"elementor-element elementor-element-64ad823 e-flex e-con-boxed e-con e-child\" data-id=\"64ad823\" data-element_type=\"container\">\n\t\t\t\t\t<div class=\"e-con-inner\">\n\t\t\t\t<div class=\"elementor-element elementor-element-3df9228 elementor-widget elementor-widget-heading\" data-id=\"3df9228\" data-element_type=\"widget\" data-widget_type=\"heading.default\">\n\t\t\t\t<div class=\"elementor-widget-container\">\n\t\t\t\t\t<p class=\"elementor-heading-title elementor-size-default\">Telephone<\/p>\t\t\t\t<\/div>\n\t\t\t\t<\/div>\n\t\t\t\t<div class=\"elementor-element elementor-element-08745ea elementor-widget elementor-widget-text-editor\" data-id=\"08745ea\" data-element_type=\"widget\" data-no-translation=\"\" data-widget_type=\"text-editor.default\">\n\t\t\t\t<div class=\"elementor-widget-container\">\n\t\t\t\t\t<style>.elementor-element-08745ea{display:none !important}<\/style>\t\t\t\t<\/div>\n\t\t\t\t<\/div>\n\t\t\t\t<div class=\"elementor-element elementor-element-a1256a6 elementor-widget elementor-widget-text-editor\" data-id=\"a1256a6\" data-element_type=\"widget\" data-no-translation=\"\" data-widget_type=\"text-editor.default\">\n\t\t\t\t<div class=\"elementor-widget-container\">\n\t\t\t\t\t\t\t\t\t<p>Tel: + 46 33-23 69 50<\/p>\t\t\t\t\t\t\t\t<\/div>\n\t\t\t\t<\/div>\n\t\t\t\t\t<\/div>\n\t\t\t\t<\/div>\n\t\t\t\t\t<\/div>\n\t\t\t\t<\/div>\n\t\t<div class=\"elementor-element elementor-element-51464c6 e-flex e-con-boxed e-con e-child\" data-id=\"51464c6\" data-element_type=\"container\" data-settings=\"{&quot;background_background&quot;:&quot;classic&quot;,&quot;position&quot;:&quot;absolute&quot;}\">\n\t\t\t\t\t<div class=\"e-con-inner\">\n\t\t\t\t\t<\/div>\n\t\t\t\t<\/div>\n\t\t<div class=\"elementor-element elementor-element-0f3e140 e-flex e-con-boxed e-con e-child\" data-id=\"0f3e140\" data-element_type=\"container\" data-settings=\"{&quot;background_background&quot;:&quot;classic&quot;,&quot;position&quot;:&quot;absolute&quot;}\">\n\t\t\t\t\t<div class=\"e-con-inner\">\n\t\t\t\t<div class=\"elementor-element elementor-element-7b70cf0 elementor-widget elementor-widget-heading\" data-id=\"7b70cf0\" data-element_type=\"widget\" data-widget_type=\"heading.default\">\n\t\t\t\t<div class=\"elementor-widget-container\">\n\t\t\t\t\t<h2 class=\"elementor-heading-title elementor-size-default\">Postal address<\/h2>\t\t\t\t<\/div>\n\t\t\t\t<\/div>\n\t\t\t\t\t<\/div>\n\t\t\t\t<\/div>\n\t\t\t\t<\/div>\n\t\t\t\t<\/div>\n\t\t\t\t<\/div>\n\t\t<div class=\"elementor-element elementor-element-05ca6c8 e-flex e-con-boxed e-con e-parent\" data-id=\"05ca6c8\" data-element_type=\"container\">\n\t\t\t\t\t<div class=\"e-con-inner\">\n\t\t<div class=\"elementor-element elementor-element-df7554b e-con-full e-flex e-con e-child\" data-id=\"df7554b\" data-element_type=\"container\">\n\t\t\t\t<div class=\"elementor-element elementor-element-6143eca elementor-widget elementor-widget-image\" data-id=\"6143eca\" data-element_type=\"widget\" data-widget_type=\"image.default\">\n\t\t\t\t<div class=\"elementor-widget-container\">\n\t\t\t\t\t\t\t\t\t\t\t\t\t\t\t<img fetchpriority=\"high\" decoding=\"async\" width=\"800\" height=\"800\" src=\"https:\/\/hydria.se\/wp-content\/uploads\/2022\/12\/hg_ledningen_tobias_barrstrand.jpg\" class=\"attachment-full size-full wp-image-411\" alt=\"\" srcset=\"https:\/\/hydria.se\/wp-content\/uploads\/2022\/12\/hg_ledningen_tobias_barrstrand.jpg 800w, https:\/\/hydria.se\/wp-content\/uploads\/2022\/12\/hg_ledningen_tobias_barrstrand-300x300.jpg 300w, https:\/\/hydria.se\/wp-content\/uploads\/2022\/12\/hg_ledningen_tobias_barrstrand-150x150.jpg 150w, https:\/\/hydria.se\/wp-content\/uploads\/2022\/12\/hg_ledningen_tobias_barrstrand-768x768.jpg 768w\" sizes=\"(max-width: 800px) 100vw, 800px\" \/>\t\t\t\t\t\t\t\t\t\t\t\t\t\t\t<\/div>\n\t\t\t\t<\/div>\n\t\t\t\t<div class=\"elementor-element elementor-element-f299989 elementor-widget elementor-widget-text-editor\" data-id=\"f299989\" data-element_type=\"widget\" data-widget_type=\"text-editor.default\">\n\t\t\t\t<div class=\"elementor-widget-container\">\n\t\t\t\t\t\t\t\t\t<p><strong>Tobias Barrstrand<\/strong><br \/>CEO<\/p><p><a href=\"mailto:tobias@hydria.se\">tobias@hydria.se<\/a><\/p>\t\t\t\t\t\t\t\t<\/div>\n\t\t\t\t<\/div>\n\t\t\t\t<\/div>\n\t\t<div class=\"elementor-element elementor-element-f42b91d e-con-full e-flex e-con e-child\" data-id=\"f42b91d\" data-element_type=\"container\">\n\t\t\t\t<div class=\"elementor-element elementor-element-bf4d6c7 elementor-widget elementor-widget-image\" data-id=\"bf4d6c7\" data-element_type=\"widget\" data-widget_type=\"image.default\">\n\t\t\t\t<div class=\"elementor-widget-container\">\n\t\t\t\t\t\t\t\t\t\t\t\t\t\t\t<img decoding=\"async\" width=\"800\" height=\"800\" src=\"https:\/\/hydria.se\/wp-content\/uploads\/2025\/07\/HydriaWater_personal_01_800x800.jpg\" class=\"attachment-large size-large wp-image-2630\" alt=\"\" srcset=\"https:\/\/hydria.se\/wp-content\/uploads\/2025\/07\/HydriaWater_personal_01_800x800.jpg 800w, https:\/\/hydria.se\/wp-content\/uploads\/2025\/07\/HydriaWater_personal_01_800x800-300x300.jpg 300w, https:\/\/hydria.se\/wp-content\/uploads\/2025\/07\/HydriaWater_personal_01_800x800-150x150.jpg 150w, https:\/\/hydria.se\/wp-content\/uploads\/2025\/07\/HydriaWater_personal_01_800x800-768x768.jpg 768w, https:\/\/hydria.se\/wp-content\/uploads\/2025\/07\/HydriaWater_personal_01_800x800-12x12.jpg 12w\" sizes=\"(max-width: 800px) 100vw, 800px\" \/>\t\t\t\t\t\t\t\t\t\t\t\t\t\t\t<\/div>\n\t\t\t\t<\/div>\n\t\t\t\t<div class=\"elementor-element elementor-element-c9bfa8c elementor-widget elementor-widget-text-editor\" data-id=\"c9bfa8c\" data-element_type=\"widget\" data-widget_type=\"text-editor.default\">\n\t\t\t\t<div class=\"elementor-widget-container\">\n\t\t\t\t\t\t\t\t\t<p><strong>Andreas Riedel<\/strong><br \/>CTO<\/p><p><a href=\"mailto:andreas.riedel@hydriawater.com\">andreas.riedel@hydria.se<\/a><\/p>\t\t\t\t\t\t\t\t<\/div>\n\t\t\t\t<\/div>\n\t\t\t\t<\/div>\n\t\t<div class=\"elementor-element elementor-element-481ce20 e-con-full e-flex e-con e-child\" data-id=\"481ce20\" data-element_type=\"container\">\n\t\t\t\t<div class=\"elementor-element elementor-element-a197f18 elementor-widget elementor-widget-image\" data-id=\"a197f18\" data-element_type=\"widget\" data-widget_type=\"image.default\">\n\t\t\t\t<div class=\"elementor-widget-container\">\n\t\t\t\t\t\t\t\t\t\t\t\t\t\t\t<img decoding=\"async\" width=\"800\" height=\"800\" src=\"https:\/\/hydria.se\/wp-content\/uploads\/2025\/11\/HydriaWater_personal_02_800x800.jpg\" class=\"attachment-full size-full wp-image-2684\" alt=\"\" srcset=\"https:\/\/hydria.se\/wp-content\/uploads\/2025\/11\/HydriaWater_personal_02_800x800.jpg 800w, https:\/\/hydria.se\/wp-content\/uploads\/2025\/11\/HydriaWater_personal_02_800x800-300x300.jpg 300w, https:\/\/hydria.se\/wp-content\/uploads\/2025\/11\/HydriaWater_personal_02_800x800-150x150.jpg 150w, https:\/\/hydria.se\/wp-content\/uploads\/2025\/11\/HydriaWater_personal_02_800x800-768x768.jpg 768w, https:\/\/hydria.se\/wp-content\/uploads\/2025\/11\/HydriaWater_personal_02_800x800-12x12.jpg 12w\" sizes=\"(max-width: 800px) 100vw, 800px\" \/>\t\t\t\t\t\t\t\t\t\t\t\t\t\t\t<\/div>\n\t\t\t\t<\/div>\n\t\t\t\t<div class=\"elementor-element elementor-element-3f0ad9a elementor-widget elementor-widget-text-editor\" data-id=\"3f0ad9a\" data-element_type=\"widget\" data-widget_type=\"text-editor.default\">\n\t\t\t\t<div class=\"elementor-widget-container\">\n\t\t\t\t\t\t\t\t\t<p><strong>Kristoffer Lindberg<\/strong><br \/>COO<\/p><p><a href=\"mailto:kristoffer.lindberg@hydriawater.com\">kristoffer.lindberg<\/a><br \/><a href=\"mailto:kristoffer.lindberg@hydriawater.com\">@hydria.se<\/a><\/p>\t\t\t\t\t\t\t\t<\/div>\n\t\t\t\t<\/div>\n\t\t\t\t<\/div>\n\t\t<div class=\"elementor-element elementor-element-1278deb e-con-full e-flex e-con e-child\" data-id=\"1278deb\" data-element_type=\"container\">\n\t\t\t\t<\/div>\n\t\t\t\t\t<\/div>\n\t\t\t\t<\/div>\n\t\t<div class=\"elementor-element elementor-element-1d7977c e-flex e-con-boxed e-con e-parent\" data-id=\"1d7977c\" data-element_type=\"container\">\n\t\t\t\t\t<div class=\"e-con-inner\">\n\t\t<div class=\"elementor-element elementor-element-08cbf48 e-con-full e-flex e-con e-child\" data-id=\"08cbf48\" data-element_type=\"container\">\n\t\t\t\t<\/div>\n\t\t<div class=\"elementor-element elementor-element-e21dbe3 e-con-full e-flex e-con e-child\" data-id=\"e21dbe3\" data-element_type=\"container\">\n\t\t\t\t<div class=\"elementor-element elementor-element-d2f547a elementor-widget elementor-widget-image\" data-id=\"d2f547a\" data-element_type=\"widget\" data-widget_type=\"image.default\">\n\t\t\t\t<div class=\"elementor-widget-container\">\n\t\t\t\t\t\t\t\t\t\t\t\t\t\t\t<img loading=\"lazy\" decoding=\"async\" width=\"768\" height=\"768\" src=\"https:\/\/hydria.se\/wp-content\/uploads\/2026\/01\/johan_fritz.jpg\" class=\"attachment-full size-full wp-image-2699\" alt=\"\" srcset=\"https:\/\/hydria.se\/wp-content\/uploads\/2026\/01\/johan_fritz.jpg 768w, https:\/\/hydria.se\/wp-content\/uploads\/2026\/01\/johan_fritz-300x300.jpg 300w, https:\/\/hydria.se\/wp-content\/uploads\/2026\/01\/johan_fritz-150x150.jpg 150w, https:\/\/hydria.se\/wp-content\/uploads\/2026\/01\/johan_fritz-12x12.jpg 12w\" sizes=\"(max-width: 768px) 100vw, 768px\" \/>\t\t\t\t\t\t\t\t\t\t\t\t\t\t\t<\/div>\n\t\t\t\t<\/div>\n\t\t\t\t<div class=\"elementor-element elementor-element-85cf7f4 elementor-widget elementor-widget-text-editor\" data-id=\"85cf7f4\" data-element_type=\"widget\" data-widget_type=\"text-editor.default\">\n\t\t\t\t<div class=\"elementor-widget-container\">\n\t\t\t\t\t\t\t\t\t<p><strong>Johan Fritz<\/strong><br \/>CSO<\/p><p><a href=\"mailto:johan.fritz@hydria.se\">johan.fritz@hydria.se<\/a><\/p><p>\u00a0<\/p>\t\t\t\t\t\t\t\t<\/div>\n\t\t\t\t<\/div>\n\t\t\t\t<\/div>\n\t\t<div class=\"elementor-element elementor-element-a581f82 e-con-full e-flex e-con e-child\" data-id=\"a581f82\" data-element_type=\"container\">\n\t\t\t\t<div class=\"elementor-element elementor-element-424b226 elementor-widget elementor-widget-image\" data-id=\"424b226\" data-element_type=\"widget\" data-widget_type=\"image.default\">\n\t\t\t\t<div class=\"elementor-widget-container\">\n\t\t\t\t\t\t\t\t\t\t\t\t\t\t\t<img loading=\"lazy\" decoding=\"async\" width=\"800\" height=\"800\" src=\"https:\/\/hydria.se\/wp-content\/uploads\/2026\/02\/MartinHjalmarsson_800x800.jpg\" class=\"attachment-full size-full wp-image-2708\" alt=\"\" srcset=\"https:\/\/hydria.se\/wp-content\/uploads\/2026\/02\/MartinHjalmarsson_800x800.jpg 800w, https:\/\/hydria.se\/wp-content\/uploads\/2026\/02\/MartinHjalmarsson_800x800-300x300.jpg 300w, https:\/\/hydria.se\/wp-content\/uploads\/2026\/02\/MartinHjalmarsson_800x800-150x150.jpg 150w, https:\/\/hydria.se\/wp-content\/uploads\/2026\/02\/MartinHjalmarsson_800x800-768x768.jpg 768w, https:\/\/hydria.se\/wp-content\/uploads\/2026\/02\/MartinHjalmarsson_800x800-12x12.jpg 12w\" sizes=\"(max-width: 800px) 100vw, 800px\" \/>\t\t\t\t\t\t\t\t\t\t\t\t\t\t\t<\/div>\n\t\t\t\t<\/div>\n\t\t\t\t<div class=\"elementor-element elementor-element-a6124c8 elementor-widget elementor-widget-text-editor\" data-id=\"a6124c8\" data-element_type=\"widget\" data-widget_type=\"text-editor.default\">\n\t\t\t\t<div class=\"elementor-widget-container\">\n\t\t\t\t\t\t\t\t\t<p><strong>Martin Hjalmarsson<\/strong><br \/>CIO<\/p><p><a href=\"mailto:martin.hjalmarsson@hydria.se\" target=\"_blank\" rel=\"noopener\">martin.hjalmarsson@hydria.se<\/a><\/p><p>\u00a0<\/p>\t\t\t\t\t\t\t\t<\/div>\n\t\t\t\t<\/div>\n\t\t\t\t<\/div>\n\t\t<div class=\"elementor-element elementor-element-a11e9fe e-con-full e-flex e-con e-child\" data-id=\"a11e9fe\" data-element_type=\"container\">\n\t\t\t\t<div class=\"elementor-element elementor-element-b8dc29d elementor-widget elementor-widget-image\" data-id=\"b8dc29d\" data-element_type=\"widget\" data-widget_type=\"image.default\">\n\t\t\t\t<div class=\"elementor-widget-container\">\n\t\t\t\t\t\t\t\t\t\t\t\t\t\t\t<img loading=\"lazy\" decoding=\"async\" width=\"800\" height=\"800\" src=\"https:\/\/hydria.se\/wp-content\/uploads\/2022\/12\/hg_ledningen_curt_larsson.jpg\" class=\"attachment-full size-full wp-image-468\" alt=\"\" srcset=\"https:\/\/hydria.se\/wp-content\/uploads\/2022\/12\/hg_ledningen_curt_larsson.jpg 800w, https:\/\/hydria.se\/wp-content\/uploads\/2022\/12\/hg_ledningen_curt_larsson-300x300.jpg 300w, https:\/\/hydria.se\/wp-content\/uploads\/2022\/12\/hg_ledningen_curt_larsson-150x150.jpg 150w, https:\/\/hydria.se\/wp-content\/uploads\/2022\/12\/hg_ledningen_curt_larsson-768x768.jpg 768w\" sizes=\"(max-width: 800px) 100vw, 800px\" \/>\t\t\t\t\t\t\t\t\t\t\t\t\t\t\t<\/div>\n\t\t\t\t<\/div>\n\t\t\t\t<div class=\"elementor-element elementor-element-2d17f7d elementor-widget elementor-widget-text-editor\" data-id=\"2d17f7d\" data-element_type=\"widget\" data-widget_type=\"text-editor.default\">\n\t\t\t\t<div class=\"elementor-widget-container\">\n\t\t\t\t\t\t\t\t\t<p><strong>Curt Larsson<\/strong><br \/>Group Account Manager<\/p><p><a href=\"mailto:curt@hydria.se\">curt@hydria.se<\/a><\/p>\t\t\t\t\t\t\t\t<\/div>\n\t\t\t\t<\/div>\n\t\t\t\t<\/div>\n\t\t\t\t\t<\/div>\n\t\t\t\t<\/div>\n\t\t<div class=\"elementor-element elementor-element-2a9ae4e e-flex e-con-boxed e-con e-parent\" data-id=\"2a9ae4e\" data-element_type=\"container\">\n\t\t\t\t\t<div class=\"e-con-inner\">\n\t\t<div class=\"elementor-element elementor-element-a53319e e-con-full e-flex e-con e-child\" data-id=\"a53319e\" data-element_type=\"container\">\n\t\t\t\t<div class=\"elementor-element elementor-element-addbd59 elementor-widget elementor-widget-image\" data-id=\"addbd59\" data-element_type=\"widget\" data-widget_type=\"image.default\">\n\t\t\t\t<div class=\"elementor-widget-container\">\n\t\t\t\t\t\t\t\t\t\t\t\t\t\t\t<img loading=\"lazy\" decoding=\"async\" width=\"1080\" height=\"1080\" src=\"https:\/\/hydria.se\/wp-content\/uploads\/2025\/05\/helen_persson_1080x1080.jpg\" class=\"attachment-full size-full wp-image-2614\" alt=\"\" srcset=\"https:\/\/hydria.se\/wp-content\/uploads\/2025\/05\/helen_persson_1080x1080.jpg 1080w, https:\/\/hydria.se\/wp-content\/uploads\/2025\/05\/helen_persson_1080x1080-300x300.jpg 300w, https:\/\/hydria.se\/wp-content\/uploads\/2025\/05\/helen_persson_1080x1080-1024x1024.jpg 1024w, https:\/\/hydria.se\/wp-content\/uploads\/2025\/05\/helen_persson_1080x1080-150x150.jpg 150w, https:\/\/hydria.se\/wp-content\/uploads\/2025\/05\/helen_persson_1080x1080-768x768.jpg 768w, https:\/\/hydria.se\/wp-content\/uploads\/2025\/05\/helen_persson_1080x1080-12x12.jpg 12w\" sizes=\"(max-width: 1080px) 100vw, 1080px\" \/>\t\t\t\t\t\t\t\t\t\t\t\t\t\t\t<\/div>\n\t\t\t\t<\/div>\n\t\t\t\t<div class=\"elementor-element elementor-element-6f77403 elementor-widget elementor-widget-text-editor\" data-id=\"6f77403\" data-element_type=\"widget\" data-widget_type=\"text-editor.default\">\n\t\t\t\t<div class=\"elementor-widget-container\">\n\t\t\t\t\t\t\t\t\t<p><strong>Helen Persson<\/strong><br \/>Human Resource Manager<\/p><p><a href=\"mailto:helen.persson@hydria.se\">helen.persson@hydria.se<\/a><\/p>\t\t\t\t\t\t\t\t<\/div>\n\t\t\t\t<\/div>\n\t\t\t\t<\/div>\n\t\t<div class=\"elementor-element elementor-element-96fce33 e-con-full e-flex e-con e-child\" data-id=\"96fce33\" data-element_type=\"container\">\n\t\t\t\t<div class=\"elementor-element elementor-element-a84558c elementor-widget elementor-widget-image\" data-id=\"a84558c\" data-element_type=\"widget\" data-widget_type=\"image.default\">\n\t\t\t\t<div class=\"elementor-widget-container\">\n\t\t\t\t\t\t\t\t\t\t\t\t\t\t\t<img loading=\"lazy\" decoding=\"async\" width=\"600\" height=\"600\" src=\"https:\/\/hydria.se\/wp-content\/uploads\/2025\/05\/maria.png\" class=\"attachment-full size-full wp-image-2610\" alt=\"\" srcset=\"https:\/\/hydria.se\/wp-content\/uploads\/2025\/05\/maria.png 600w, https:\/\/hydria.se\/wp-content\/uploads\/2025\/05\/maria-300x300.png 300w, https:\/\/hydria.se\/wp-content\/uploads\/2025\/05\/maria-150x150.png 150w, https:\/\/hydria.se\/wp-content\/uploads\/2025\/05\/maria-12x12.png 12w\" sizes=\"(max-width: 600px) 100vw, 600px\" \/>\t\t\t\t\t\t\t\t\t\t\t\t\t\t\t<\/div>\n\t\t\t\t<\/div>\n\t\t\t\t<div class=\"elementor-element elementor-element-c4ea72c elementor-widget elementor-widget-text-editor\" data-id=\"c4ea72c\" data-element_type=\"widget\" data-widget_type=\"text-editor.default\">\n\t\t\t\t<div class=\"elementor-widget-container\">\n\t\t\t\t\t\t\t\t\t<p><strong>Maria Borg<\/strong><br \/>Communications Manager<\/p><p><a href=\"mailto:maria.borg@hydria.se\">maria.borg@hydria.se<\/a><\/p>\t\t\t\t\t\t\t\t<\/div>\n\t\t\t\t<\/div>\n\t\t\t\t<\/div>\n\t\t<div class=\"elementor-element elementor-element-49f2ca1 e-con-full e-flex e-con e-child\" data-id=\"49f2ca1\" data-element_type=\"container\">\n\t\t\t\t<div class=\"elementor-element elementor-element-97378e6 elementor-widget elementor-widget-image\" data-id=\"97378e6\" data-element_type=\"widget\" data-widget_type=\"image.default\">\n\t\t\t\t<div class=\"elementor-widget-container\">\n\t\t\t\t\t\t\t\t\t\t\t\t\t\t\t<img loading=\"lazy\" decoding=\"async\" width=\"640\" height=\"640\" src=\"https:\/\/hydria.se\/wp-content\/uploads\/2022\/12\/kontakt_anna.jpg\" class=\"attachment-full size-full wp-image-1794\" alt=\"\" srcset=\"https:\/\/hydria.se\/wp-content\/uploads\/2022\/12\/kontakt_anna.jpg 640w, https:\/\/hydria.se\/wp-content\/uploads\/2022\/12\/kontakt_anna-300x300.jpg 300w, https:\/\/hydria.se\/wp-content\/uploads\/2022\/12\/kontakt_anna-150x150.jpg 150w, https:\/\/hydria.se\/wp-content\/uploads\/2022\/12\/kontakt_anna-12x12.jpg 12w\" sizes=\"(max-width: 640px) 100vw, 640px\" \/>\t\t\t\t\t\t\t\t\t\t\t\t\t\t\t<\/div>\n\t\t\t\t<\/div>\n\t\t\t\t<div class=\"elementor-element elementor-element-f8435af elementor-widget elementor-widget-text-editor\" data-id=\"f8435af\" data-element_type=\"widget\" data-widget_type=\"text-editor.default\">\n\t\t\t\t<div class=\"elementor-widget-container\">\n\t\t\t\t\t\t\t\t\t<p><strong>Anna Berg<\/strong><br \/>Account and administration<\/p><p><a href=\"mailto:anna.berg@hydria.se\">anna.berg@hydria.se<\/a><\/p>\t\t\t\t\t\t\t\t<\/div>\n\t\t\t\t<\/div>\n\t\t\t\t<\/div>\n\t\t<div class=\"elementor-element elementor-element-72d62ed e-con-full e-flex e-con e-child\" data-id=\"72d62ed\" data-element_type=\"container\">\n\t\t\t\t<\/div>\n\t\t\t\t\t<\/div>\n\t\t\t\t<\/div>\n\t\t<div class=\"elementor-element elementor-element-f77e989 e-flex e-con-boxed e-con e-parent\" data-id=\"f77e989\" data-element_type=\"container\">\n\t\t\t\t\t<div class=\"e-con-inner\">\n\t\t\t\t<div class=\"elementor-element elementor-element-4eef52f elementor-widget elementor-widget-heading\" data-id=\"4eef52f\" data-element_type=\"widget\" data-widget_type=\"heading.default\">\n\t\t\t\t<div class=\"elementor-widget-container\">\n\t\t\t\t\t<h2 class=\"elementor-heading-title elementor-size-default\">Where to find us<\/h2>\t\t\t\t<\/div>\n\t\t\t\t<\/div>\n\t\t<div class=\"elementor-element elementor-element-cbd8308 e-con-full e-flex e-con e-child\" data-id=\"cbd8308\" data-element_type=\"container\" id=\"map\">\n\t\t\t\t<\/div>\n\t\t\t\t\t<\/div>\n\t\t\t\t<\/div>\n\t\t<div class=\"elementor-element elementor-element-7f468ef e-con-full e-flex e-con e-parent\" data-id=\"7f468ef\" data-element_type=\"container\">\n\t\t<div class=\"elementor-element elementor-element-d5b4e5c e-con-full e-flex e-con e-child\" data-id=\"d5b4e5c\" data-element_type=\"container\">\n\t\t<div class=\"elementor-element elementor-element-0f9e0d4 e-flex e-con-boxed e-con e-child\" data-id=\"0f9e0d4\" data-element_type=\"container\" data-settings=\"{&quot;background_background&quot;:&quot;classic&quot;,&quot;position&quot;:&quot;absolute&quot;}\">\n\t\t\t\t\t<div class=\"e-con-inner\">\n\t\t\t\t\t<\/div>\n\t\t\t\t<\/div>\n\t\t<div class=\"elementor-element elementor-element-bf31bcc e-flex e-con-boxed e-con e-child\" data-id=\"bf31bcc\" data-element_type=\"container\" data-settings=\"{&quot;background_background&quot;:&quot;classic&quot;,&quot;position&quot;:&quot;absolute&quot;}\">\n\t\t\t\t\t<div class=\"e-con-inner\">\n\t\t\t\t\t<\/div>\n\t\t\t\t<\/div>\n\t\t\t\t<\/div>\n\t\t\t\t<\/div>\n\t\t\t\t<\/div>","protected":false},"excerpt":{"rendered":"<p>Postadress Box 1739501 17 Bor\u00e5s Bes\u00f6ksadress Skaraborgsv\u00e4gen 6506 30 Bor\u00e5s Telefon Tel: 033-23 69 50Fax: 033-23 69 59 Tel: + 46 33-23 69 50 Postadress Tobias BarrstrandCEO tobias@hydria.se Andreas RiedelCTO andreas.riedel@hydria.se Kristoffer LindbergCOO kristoffer.lindberg@hydria.se Johan FritzCSO johan.fritz@hydria.se \u00a0 Martin HjalmarssonCIO martin.hjalmarsson@hydria.se \u00a0 Curt LarssonGroup Account Manager curt@hydria.se Helen PerssonHuman Resource Manager helen.persson@hydria.se Maria BorgCommunications Manager [&hellip;]<\/p>","protected":false},"author":1,"featured_media":0,"parent":0,"menu_order":0,"comment_status":"closed","ping_status":"closed","template":"","meta":{"footnotes":""},"class_list":["post-62","page","type-page","status-publish","hentry"],"_links":{"self":[{"href":"https:\/\/hydria.se\/en\/wp-json\/wp\/v2\/pages\/62","targetHints":{"allow":["GET"]}}],"collection":[{"href":"https:\/\/hydria.se\/en\/wp-json\/wp\/v2\/pages"}],"about":[{"href":"https:\/\/hydria.se\/en\/wp-json\/wp\/v2\/types\/page"}],"author":[{"embeddable":true,"href":"https:\/\/hydria.se\/en\/wp-json\/wp\/v2\/users\/1"}],"replies":[{"embeddable":true,"href":"https:\/\/hydria.se\/en\/wp-json\/wp\/v2\/comments?post=62"}],"version-history":[{"count":199,"href":"https:\/\/hydria.se\/en\/wp-json\/wp\/v2\/pages\/62\/revisions"}],"predecessor-version":[{"id":2715,"href":"https:\/\/hydria.se\/en\/wp-json\/wp\/v2\/pages\/62\/revisions\/2715"}],"wp:attachment":[{"href":"https:\/\/hydria.se\/en\/wp-json\/wp\/v2\/media?parent=62"}],"curies":[{"name":"wp","href":"https:\/\/api.w.org\/{rel}","templated":true}]}}