{"id":60,"date":"2022-11-23T09:45:12","date_gmt":"2022-11-23T09:45:12","guid":{"rendered":"https:\/\/hydria.se\/?page_id=60"},"modified":"2023-03-29T08:49:27","modified_gmt":"2023-03-29T08:49:27","slug":"karriar","status":"publish","type":"page","link":"https:\/\/hydria.se\/en\/karriar\/","title":{"rendered":"Carreer"},"content":{"rendered":"<div data-elementor-type=\"wp-page\" data-elementor-id=\"60\" class=\"elementor elementor-60\" data-elementor-post-type=\"page\">\n\t\t\t\t<div class=\"elementor-element elementor-element-58357e0e e-con-full e-flex e-con e-parent\" data-id=\"58357e0e\" data-element_type=\"container\">\n\t\t<div class=\"elementor-element elementor-element-70341696 e-flex e-con-boxed e-con e-parent\" data-id=\"70341696\" data-element_type=\"container\">\n\t\t\t\t\t<div class=\"e-con-inner\">\n\t\t<div class=\"elementor-element elementor-element-19425a1b e-flex e-con-boxed e-con e-parent\" data-id=\"19425a1b\" data-element_type=\"container\">\n\t\t\t\t\t<div class=\"e-con-inner\">\n\t\t<div class=\"elementor-element elementor-element-411da906 e-con-full e-flex e-con e-parent\" data-id=\"411da906\" data-element_type=\"container\">\n\t\t\t\t<div class=\"elementor-element elementor-element-133a68f2 elementor-widget elementor-widget-heading\" data-id=\"133a68f2\" data-element_type=\"widget\" data-widget_type=\"heading.default\">\n\t\t\t\t<div class=\"elementor-widget-container\">\n\t\t\t\t\t<h1 class=\"elementor-heading-title elementor-size-default\">Carreer<\/h1>\t\t\t\t<\/div>\n\t\t\t\t<\/div>\n\t\t\t\t<\/div>\n\t\t\t\t\t<\/div>\n\t\t\t\t<\/div>\n\t\t<div class=\"elementor-element elementor-element-22b17a78 e-flex e-con-boxed e-con e-parent\" data-id=\"22b17a78\" data-element_type=\"container\" data-settings=\"{&quot;background_background&quot;:&quot;classic&quot;,&quot;position&quot;:&quot;absolute&quot;}\">\n\t\t\t\t\t<div class=\"e-con-inner\">\n\t\t\t\t\t<\/div>\n\t\t\t\t<\/div>\n\t\t<div class=\"elementor-element elementor-element-70a0ec71 e-flex e-con-boxed e-con e-parent\" data-id=\"70a0ec71\" data-element_type=\"container\" data-settings=\"{&quot;background_background&quot;:&quot;classic&quot;,&quot;position&quot;:&quot;absolute&quot;}\">\n\t\t\t\t\t<div class=\"e-con-inner\">\n\t\t\t\t\t<\/div>\n\t\t\t\t<\/div>\n\t\t\t\t\t<\/div>\n\t\t\t\t<\/div>\n\t\t\t\t<\/div>\n\t\t<div class=\"elementor-element elementor-element-a3a9dfe e-flex e-con-boxed e-con e-parent\" data-id=\"a3a9dfe\" data-element_type=\"container\">\n\t\t\t\t\t<div class=\"e-con-inner\">\n\t\t\t\t<div class=\"elementor-element elementor-element-cfa9737 elementor-widget elementor-widget-text-editor\" data-id=\"cfa9737\" data-element_type=\"widget\" data-widget_type=\"text-editor.default\">\n\t\t\t\t<div class=\"elementor-widget-container\">\n\t\t\t\t\t\t\t\t\t<p>Hydria Group can offer many great opportunities for development. We know our employees are the key to our success, so it is important to cultivate the drive of each and every one of us. Our goal is to see everyone grow in their roles through personal development.<\/p><p>Become part of Hydria Group and make a difference with us. We are always interested in new finding employees.<\/p>\t\t\t\t\t\t\t\t<\/div>\n\t\t\t\t<\/div>\n\t\t\t\t\t<\/div>\n\t\t\t\t<\/div>\n\t\t<div class=\"elementor-element elementor-element-0294173 e-flex e-con-boxed e-con e-parent\" data-id=\"0294173\" data-element_type=\"container\">\n\t\t\t\t\t<div class=\"e-con-inner\">\n\t\t<div class=\"elementor-element elementor-element-a16d351 e-con-full e-flex e-con e-parent\" data-id=\"a16d351\" data-element_type=\"container\" data-settings=\"{&quot;background_background&quot;:&quot;classic&quot;}\">\n\t\t\t\t<div class=\"elementor-element elementor-element-8803fc5 elementor-blockquote--skin-quotation elementor-widget elementor-widget-blockquote\" data-id=\"8803fc5\" data-element_type=\"widget\" data-widget_type=\"blockquote.default\">\n\t\t\t\t<div class=\"elementor-widget-container\">\n\t\t\t\t\t\t\t<blockquote class=\"elementor-blockquote\">\n\t\t\t<p class=\"elementor-blockquote__content\">\n\t\t\t\tOur employees propel us forward. We want to make the most of the wonderful mix of skills and experience our employees have and to help them reach the next level and beyond.\t\t\t<\/p>\n\t\t\t\t\t\t\t<div class=\"e-q-footer\">\n\t\t\t\t\t\t\t\t\t\t\t<cite class=\"elementor-blockquote__author\">Tobias Barrstrand, CEO Hydria Group<\/cite>\n\t\t\t\t\t\t\t\t\t\t\t\t\t\t<\/div>\n\t\t\t\t\t<\/blockquote>\n\t\t\t\t\t\t<\/div>\n\t\t\t\t<\/div>\n\t\t\t\t<\/div>\n\t\t\t\t\t<\/div>\n\t\t\t\t<\/div>\n\t\t<div class=\"elementor-element elementor-element-4c7a48e e-flex e-con-boxed e-con e-parent\" data-id=\"4c7a48e\" data-element_type=\"container\">\n\t\t\t\t\t<div class=\"e-con-inner\">\n\t\t\t\t<div class=\"elementor-element elementor-element-e08ea1f elementor-widget elementor-widget-heading\" data-id=\"e08ea1f\" data-element_type=\"widget\" data-widget_type=\"heading.default\">\n\t\t\t\t<div class=\"elementor-widget-container\">\n\t\t\t\t\t<h2 class=\"elementor-heading-title elementor-size-default\">Network<\/h2>\t\t\t\t<\/div>\n\t\t\t\t<\/div>\n\t\t\t\t<div class=\"elementor-element elementor-element-6d0415d elementor-widget elementor-widget-text-editor\" data-id=\"6d0415d\" data-element_type=\"widget\" data-widget_type=\"text-editor.default\">\n\t\t\t\t<div class=\"elementor-widget-container\">\n\t\t\t\t\t\t\t\t\t<p>In order for our group companies to continue developing, we get involved in many efforts aimed at contributing to a better world. As part of this journey, we are involved in different university programs, and are always interested in contributing to various networks and initiatives.<\/p>\t\t\t\t\t\t\t\t<\/div>\n\t\t\t\t<\/div>\n\t\t\t\t\t<\/div>\n\t\t\t\t<\/div>\n\t\t<div class=\"elementor-element elementor-element-24efa99 e-flex e-con-boxed e-con e-parent\" data-id=\"24efa99\" data-element_type=\"container\">\n\t\t\t\t\t<div class=\"e-con-inner\">\n\t\t\t\t<div class=\"elementor-element elementor-element-203e305 elementor-widget elementor-widget-image\" data-id=\"203e305\" data-element_type=\"widget\" data-widget_type=\"image.default\">\n\t\t\t\t<div class=\"elementor-widget-container\">\n\t\t\t\t\t\t\t\t\t\t\t\t\t\t\t\t<a href=\"https:\/\/www.vastsvenskahandelskammaren.se\/\" target=\"_blank\">\n\t\t\t\t\t\t\t<img decoding=\"async\" width=\"180\" height=\"44\" src=\"https:\/\/hydria.se\/wp-content\/uploads\/2023\/01\/vastsvanska-handelskammaren.svg\" class=\"attachment-large size-large wp-image-1877\" alt=\"V\u00e4stsvenska handelskammaren\" \/>\t\t\t\t\t\t\t\t<\/a>\n\t\t\t\t\t\t\t\t\t\t\t\t\t\t\t<\/div>\n\t\t\t\t<\/div>\n\t\t\t\t<div class=\"elementor-element elementor-element-6ed4b18 elementor-widget elementor-widget-image\" data-id=\"6ed4b18\" data-element_type=\"widget\" data-widget_type=\"image.default\">\n\t\t\t\t<div class=\"elementor-widget-container\">\n\t\t\t\t\t\t\t\t\t\t\t\t\t\t\t\t<a href=\"https:\/\/www.handelsklubben.se\/\" target=\"_blank\">\n\t\t\t\t\t\t\t<img fetchpriority=\"high\" decoding=\"async\" width=\"800\" height=\"70\" src=\"https:\/\/hydria.se\/wp-content\/uploads\/2023\/01\/handelsklubben-logotyp.png\" class=\"attachment-large size-large wp-image-1878\" alt=\"Bor\u00e5s industri- och handelsklubb\" srcset=\"https:\/\/hydria.se\/wp-content\/uploads\/2023\/01\/handelsklubben-logotyp.png 920w, https:\/\/hydria.se\/wp-content\/uploads\/2023\/01\/handelsklubben-logotyp-300x26.png 300w, https:\/\/hydria.se\/wp-content\/uploads\/2023\/01\/handelsklubben-logotyp-768x68.png 768w, https:\/\/hydria.se\/wp-content\/uploads\/2023\/01\/handelsklubben-logotyp-18x2.png 18w\" sizes=\"(max-width: 800px) 100vw, 800px\" \/>\t\t\t\t\t\t\t\t<\/a>\n\t\t\t\t\t\t\t\t\t\t\t\t\t\t\t<\/div>\n\t\t\t\t<\/div>\n\t\t\t\t<div class=\"elementor-element elementor-element-2c02ea2 elementor-widget elementor-widget-image\" data-id=\"2c02ea2\" data-element_type=\"widget\" data-widget_type=\"image.default\">\n\t\t\t\t<div class=\"elementor-widget-container\">\n\t\t\t\t\t\t\t\t\t\t\t\t\t\t\t\t<a href=\"https:\/\/www.viared.se\/\" target=\"_blank\">\n\t\t\t\t\t\t\t<img decoding=\"async\" width=\"800\" height=\"227\" src=\"https:\/\/hydria.se\/wp-content\/uploads\/2023\/01\/vff-logo-color-1024x291.png\" class=\"attachment-large size-large wp-image-1879\" alt=\"Viared f\u00f6retagsf\u00f6rening\" srcset=\"https:\/\/hydria.se\/wp-content\/uploads\/2023\/01\/vff-logo-color-1024x291.png 1024w, https:\/\/hydria.se\/wp-content\/uploads\/2023\/01\/vff-logo-color-300x85.png 300w, https:\/\/hydria.se\/wp-content\/uploads\/2023\/01\/vff-logo-color-768x218.png 768w, https:\/\/hydria.se\/wp-content\/uploads\/2023\/01\/vff-logo-color-1536x437.png 1536w, https:\/\/hydria.se\/wp-content\/uploads\/2023\/01\/vff-logo-color-2048x582.png 2048w, https:\/\/hydria.se\/wp-content\/uploads\/2023\/01\/vff-logo-color-18x5.png 18w\" sizes=\"(max-width: 800px) 100vw, 800px\" \/>\t\t\t\t\t\t\t\t<\/a>\n\t\t\t\t\t\t\t\t\t\t\t\t\t\t\t<\/div>\n\t\t\t\t<\/div>\n\t\t\t\t<div class=\"elementor-element elementor-element-94f6537 elementor-widget elementor-widget-image\" data-id=\"94f6537\" data-element_type=\"widget\" data-widget_type=\"image.default\">\n\t\t\t\t<div class=\"elementor-widget-container\">\n\t\t\t\t\t\t\t\t\t\t\t\t\t\t\t\t<a href=\"https:\/\/www.borasnaringsliv.se\/\" target=\"_blank\">\n\t\t\t\t\t\t\t<img loading=\"lazy\" decoding=\"async\" width=\"141\" height=\"69\" src=\"https:\/\/hydria.se\/wp-content\/uploads\/2023\/01\/boras-naringsliv.svg\" class=\"attachment-large size-large wp-image-1880\" alt=\"Bor\u00e5s n\u00e4ringsliv\" \/>\t\t\t\t\t\t\t\t<\/a>\n\t\t\t\t\t\t\t\t\t\t\t\t\t\t\t<\/div>\n\t\t\t\t<\/div>\n\t\t\t\t<div class=\"elementor-element elementor-element-b8e85b7 elementor-widget elementor-widget-image\" data-id=\"b8e85b7\" data-element_type=\"widget\" data-widget_type=\"image.default\">\n\t\t\t\t<div class=\"elementor-widget-container\">\n\t\t\t\t\t\t\t\t\t\t\t\t\t\t\t\t<a href=\"https:\/\/creativecluster.se\/\" target=\"_blank\">\n\t\t\t\t\t\t\t<img loading=\"lazy\" decoding=\"async\" width=\"200\" height=\"117\" src=\"https:\/\/hydria.se\/wp-content\/uploads\/2023\/01\/cc-logo-200.png\" class=\"attachment-large size-large wp-image-1882\" alt=\"Creative cluster\" srcset=\"https:\/\/hydria.se\/wp-content\/uploads\/2023\/01\/cc-logo-200.png 200w, https:\/\/hydria.se\/wp-content\/uploads\/2023\/01\/cc-logo-200-18x12.png 18w\" sizes=\"(max-width: 200px) 100vw, 200px\" \/>\t\t\t\t\t\t\t\t<\/a>\n\t\t\t\t\t\t\t\t\t\t\t\t\t\t\t<\/div>\n\t\t\t\t<\/div>\n\t\t\t\t<div class=\"elementor-element elementor-element-ff18308 elementor-widget elementor-widget-image\" data-id=\"ff18308\" data-element_type=\"widget\" data-widget_type=\"image.default\">\n\t\t\t\t<div class=\"elementor-widget-container\">\n\t\t\t\t\t\t\t\t\t\t\t\t\t\t\t\t<a href=\"https:\/\/www.svenskventilation.se\/\" target=\"_blank\">\n\t\t\t\t\t\t\t<img loading=\"lazy\" decoding=\"async\" width=\"291\" height=\"73\" src=\"https:\/\/hydria.se\/wp-content\/uploads\/2023\/01\/svensk-ventilation-logo.png\" class=\"attachment-large size-large wp-image-1883\" alt=\"Svensk ventilation\" srcset=\"https:\/\/hydria.se\/wp-content\/uploads\/2023\/01\/svensk-ventilation-logo.png 291w, https:\/\/hydria.se\/wp-content\/uploads\/2023\/01\/svensk-ventilation-logo-18x5.png 18w\" sizes=\"(max-width: 291px) 100vw, 291px\" \/>\t\t\t\t\t\t\t\t<\/a>\n\t\t\t\t\t\t\t\t\t\t\t\t\t\t\t<\/div>\n\t\t\t\t<\/div>\n\t\t\t\t<div class=\"elementor-element elementor-element-249d47a elementor-widget elementor-widget-image\" data-id=\"249d47a\" data-element_type=\"widget\" data-widget_type=\"image.default\">\n\t\t\t\t<div class=\"elementor-widget-container\">\n\t\t\t\t\t\t\t\t\t\t\t\t\t\t\t\t<a href=\"https:\/\/www.svensktvatten.se\/\" target=\"_blank\">\n\t\t\t\t\t\t\t<img loading=\"lazy\" decoding=\"async\" width=\"681\" height=\"82\" src=\"https:\/\/hydria.se\/wp-content\/uploads\/2023\/01\/svenskt-vatten.png\" class=\"attachment-large size-large wp-image-1884\" alt=\"Svenskt vatten\" srcset=\"https:\/\/hydria.se\/wp-content\/uploads\/2023\/01\/svenskt-vatten.png 681w, https:\/\/hydria.se\/wp-content\/uploads\/2023\/01\/svenskt-vatten-300x36.png 300w, https:\/\/hydria.se\/wp-content\/uploads\/2023\/01\/svenskt-vatten-18x2.png 18w\" sizes=\"(max-width: 681px) 100vw, 681px\" \/>\t\t\t\t\t\t\t\t<\/a>\n\t\t\t\t\t\t\t\t\t\t\t\t\t\t\t<\/div>\n\t\t\t\t<\/div>\n\t\t\t\t\t<\/div>\n\t\t\t\t<\/div>\n\t\t<div class=\"elementor-element elementor-element-341906f e-flex e-con-boxed e-con e-parent\" data-id=\"341906f\" data-element_type=\"container\">\n\t\t\t\t\t<div class=\"e-con-inner\">\n\t\t\t\t<div class=\"elementor-element elementor-element-6bf674f elementor-widget elementor-widget-heading\" data-id=\"6bf674f\" data-element_type=\"widget\" data-widget_type=\"heading.default\">\n\t\t\t\t<div class=\"elementor-widget-container\">\n\t\t\t\t\t<h2 class=\"elementor-heading-title elementor-size-default\">Internship<\/h2>\t\t\t\t<\/div>\n\t\t\t\t<\/div>\n\t\t\t\t<div class=\"elementor-element elementor-element-21bc66f elementor-widget elementor-widget-text-editor\" data-id=\"21bc66f\" data-element_type=\"widget\" data-widget_type=\"text-editor.default\">\n\t\t\t\t<div class=\"elementor-widget-container\">\n\t\t\t\t\t\t\t\t\t<p>Our greatest strength is our employees, and to have the privilege right now to collaborate with future colleagues, we want to initiate an exchange of knowledge and experience with students at various colleges and universities. We believe that cooperation with fearless and innovative people allows us not only to develop but will also hopefully lead us to our future employees.<\/p><p>Are you interested in completing your thesis with us? Or are you curious about what we do and want to carry out your internship at one of our companies? Contact the group company you want to collaborate with.<\/p>\t\t\t\t\t\t\t\t<\/div>\n\t\t\t\t<\/div>\n\t\t\t\t\t<\/div>\n\t\t\t\t<\/div>\n\t\t<div class=\"elementor-element elementor-element-f8f16d3 e-con-full e-flex e-con e-parent\" data-id=\"f8f16d3\" data-element_type=\"container\">\n\t\t<div class=\"elementor-element elementor-element-1c86579 e-con-full e-flex e-con e-parent\" data-id=\"1c86579\" data-element_type=\"container\">\n\t\t<div class=\"elementor-element elementor-element-fd9d603 e-con-full e-flex e-con e-parent\" data-id=\"fd9d603\" data-element_type=\"container\" data-settings=\"{&quot;background_background&quot;:&quot;classic&quot;,&quot;position&quot;:&quot;absolute&quot;}\">\n\t\t\t\t<\/div>\n\t\t<div class=\"elementor-element elementor-element-d7e9766 e-con-full e-flex e-con e-parent\" data-id=\"d7e9766\" data-element_type=\"container\" data-settings=\"{&quot;background_background&quot;:&quot;classic&quot;,&quot;position&quot;:&quot;absolute&quot;}\">\n\t\t\t\t<\/div>\n\t\t\t\t<\/div>\n\t\t\t\t<\/div>\n\t\t\t\t<\/div>","protected":false},"excerpt":{"rendered":"<p>Inom Hydria Group finns m\u00e5nga och stora m\u00f6jligheter till utveckling inom v\u00e5ra bolag. Vi vet att v\u00e5ra medarbetare \u00e4r delaktiga i v\u00e5r framg\u00e5ng och f\u00f6r oss \u00e4r det en sj\u00e4lvklart att ta tillvara p\u00e5 varje enskild individs driv! V\u00e5rt m\u00e5l \u00e4r att utveckla m\u00e4nniskor och se dem v\u00e4xa i sin roll. G\u00f6r skillnad tillsammans med [&hellip;]<\/p>","protected":false},"author":1,"featured_media":0,"parent":0,"menu_order":0,"comment_status":"closed","ping_status":"closed","template":"","meta":{"footnotes":""},"class_list":["post-60","page","type-page","status-publish","hentry"],"_links":{"self":[{"href":"https:\/\/hydria.se\/en\/wp-json\/wp\/v2\/pages\/60","targetHints":{"allow":["GET"]}}],"collection":[{"href":"https:\/\/hydria.se\/en\/wp-json\/wp\/v2\/pages"}],"about":[{"href":"https:\/\/hydria.se\/en\/wp-json\/wp\/v2\/types\/page"}],"author":[{"embeddable":true,"href":"https:\/\/hydria.se\/en\/wp-json\/wp\/v2\/users\/1"}],"replies":[{"embeddable":true,"href":"https:\/\/hydria.se\/en\/wp-json\/wp\/v2\/comments?post=60"}],"version-history":[{"count":73,"href":"https:\/\/hydria.se\/en\/wp-json\/wp\/v2\/pages\/60\/revisions"}],"predecessor-version":[{"id":1965,"href":"https:\/\/hydria.se\/en\/wp-json\/wp\/v2\/pages\/60\/revisions\/1965"}],"wp:attachment":[{"href":"https:\/\/hydria.se\/en\/wp-json\/wp\/v2\/media?parent=60"}],"curies":[{"name":"wp","href":"https:\/\/api.w.org\/{rel}","templated":true}]}}