{"id":58,"date":"2022-11-23T09:45:04","date_gmt":"2022-11-23T09:45:04","guid":{"rendered":"https:\/\/hydria.se\/?page_id=58"},"modified":"2023-12-21T09:40:47","modified_gmt":"2023-12-21T09:40:47","slug":"hallbarhet","status":"publish","type":"page","link":"https:\/\/hydria.se\/en\/hallbarhet\/","title":{"rendered":"Sustainability"},"content":{"rendered":"<div data-elementor-type=\"wp-page\" data-elementor-id=\"58\" class=\"elementor elementor-58\" data-elementor-post-type=\"page\">\n\t\t\t\t<div class=\"elementor-element elementor-element-386e4f5 e-con-full e-flex e-con e-parent\" data-id=\"386e4f5\" data-element_type=\"container\" data-settings=\"{&quot;background_background&quot;:&quot;classic&quot;}\">\n\t\t<div class=\"elementor-element elementor-element-1bbeb30 e-con-full e-flex e-con e-child\" data-id=\"1bbeb30\" data-element_type=\"container\" data-settings=\"{&quot;background_background&quot;:&quot;classic&quot;}\">\n\t\t<div class=\"elementor-element elementor-element-1d82ee7 e-flex e-con-boxed e-con e-child\" data-id=\"1d82ee7\" data-element_type=\"container\">\n\t\t\t\t\t<div class=\"e-con-inner\">\n\t\t\t\t<div class=\"elementor-element elementor-element-e16609c elementor-widget elementor-widget-heading\" data-id=\"e16609c\" data-element_type=\"widget\" data-widget_type=\"heading.default\">\n\t\t\t\t<div class=\"elementor-widget-container\">\n\t\t\t\t\t<h1 class=\"elementor-heading-title elementor-size-default\">Sustainable business practices<\/h1>\t\t\t\t<\/div>\n\t\t\t\t<\/div>\n\t\t\t\t\t<\/div>\n\t\t\t\t<\/div>\n\t\t\t\t<\/div>\n\t\t\t\t<\/div>\n\t\t<div class=\"elementor-element elementor-element-3133612 e-flex e-con-boxed e-con e-parent\" data-id=\"3133612\" data-element_type=\"container\">\n\t\t\t\t\t<div class=\"e-con-inner\">\n\t\t\t\t<div class=\"elementor-element elementor-element-9eb54a5 elementor-widget elementor-widget-text-editor\" data-id=\"9eb54a5\" data-element_type=\"widget\" data-widget_type=\"text-editor.default\">\n\t\t\t\t<div class=\"elementor-widget-container\">\n\t\t\t\t\t\t\t\t\t<p>Our long-term, fundamental philosophies regarding our subsidiaries also permeate our sustainability efforts. We feel it is crucial to think long-term, both when it comes to products\u00b4 longevity as well as providing lasting benefits. Sustainability efforts have always aligned with the goals of our group and what each company strives to achieve. We want to pass on the group companies to the next generation knowing that we have done good for the world around us, from which people in the future can benefit. However, we also want to develop products that are of use immediately both for our customers and end users. For us, it is important to carefully develop products and services that make a real difference.<\/p><p class=\"translation-block\">Our sustainability efforts are based on <span style=\"text-decoration: underline\"><a href=\"https:\/\/www.regeringen.se\/regeringens-politik\/globala-malen-och-agenda-2030\/\" target=\"_blank\" rel=\"noopener\">Agenda 2030<\/a><\/span>, and we are constantly looking to make improvements within three perspectives; economic, social, and environmental sustainability.<\/p>\t\t\t\t\t\t\t\t<\/div>\n\t\t\t\t<\/div>\n\t\t\t\t\t<\/div>\n\t\t\t\t<\/div>\n\t\t<div class=\"elementor-element elementor-element-e44ba69 e-flex e-con-boxed e-con e-parent\" data-id=\"e44ba69\" data-element_type=\"container\">\n\t\t\t\t\t<div class=\"e-con-inner\">\n\t\t\t\t<div class=\"elementor-element elementor-element-9638751 elementor-widget elementor-widget-heading\" data-id=\"9638751\" data-element_type=\"widget\" data-widget_type=\"heading.default\">\n\t\t\t\t<div class=\"elementor-widget-container\">\n\t\t\t\t\t<h2 class=\"elementor-heading-title elementor-size-default\">Financial sustainability<\/h2>\t\t\t\t<\/div>\n\t\t\t\t<\/div>\n\t\t\t\t<div class=\"elementor-element elementor-element-28b3f0b elementor-widget elementor-widget-text-editor\" data-id=\"28b3f0b\" data-element_type=\"widget\" data-widget_type=\"text-editor.default\">\n\t\t\t\t<div class=\"elementor-widget-container\">\n\t\t\t\t\t\t\t\t\t<p>Hydria Group is a stable group with a long-term investment horizon aimed at developing our subsidiaries. Today, we have a revenue of SEK 350 million and a target of SEK 1 billion by 2030. Reaching these goals requires financial sustainability and a long-term perspective. Ensuring sustainable finances is a fundamental prerequisite for a company\u2019s existence, including good profitability, financial stability, smart investments, good business ethics and sustainable acquisitions. Hydria Group has several key functions ensuring the group\u00b4s financial management. All profits generated by the group companies are reinvested.<\/p>\t\t\t\t\t\t\t\t<\/div>\n\t\t\t\t<\/div>\n\t\t\t\t\t<\/div>\n\t\t\t\t<\/div>\n\t\t<div class=\"elementor-element elementor-element-aa11399 e-flex e-con-boxed e-con e-parent\" data-id=\"aa11399\" data-element_type=\"container\">\n\t\t\t\t\t<div class=\"e-con-inner\">\n\t\t\t\t<div class=\"elementor-element elementor-element-cc942a5 elementor-widget elementor-widget-heading\" data-id=\"cc942a5\" data-element_type=\"widget\" data-widget_type=\"heading.default\">\n\t\t\t\t<div class=\"elementor-widget-container\">\n\t\t\t\t\t<h2 class=\"elementor-heading-title elementor-size-default\">Social sustainability<\/h2>\t\t\t\t<\/div>\n\t\t\t\t<\/div>\n\t\t\t\t<div class=\"elementor-element elementor-element-66c8900 elementor-widget elementor-widget-text-editor\" data-id=\"66c8900\" data-element_type=\"widget\" data-widget_type=\"text-editor.default\">\n\t\t\t\t<div class=\"elementor-widget-container\">\n\t\t\t\t\t\t\t\t\t<p>We would get nowhere without our employees. Therefore, it is important to us that they are happy and feel safe in their workplace and that each individual is given the right development opportunities. Hydria Group has a policy in place ensuring everyone is treated equally and fairly, where no form of discrimination may occur, and we foster a good physical and psychosocial work environment. In addition, we care greatly about the long-term health of our employees and therefore choose to focus on both their mental and physical health. We offer Hydria Boost to our group companies, a commitment that aims to preemptively ensure the health of employees. The initiative started in 2017 and includes both physical activities for the various companies, as well as group-wide family days and development goals designed for each employee.<\/p><p>There is also an initiative to provide possibilities for personal development through Hydria Academy. In 2022, we concluded a two-year management trainee program for everyone with a managerial position within the group, focusing on leadership and communication. The participants in this course developed an understanding through a series of in-depth lectures on different themes such as policy, employment law, crisis management and leadership. Future plans include courses in finance, sales, and construction.<\/p>\t\t\t\t\t\t\t\t<\/div>\n\t\t\t\t<\/div>\n\t\t\t\t\t<\/div>\n\t\t\t\t<\/div>\n\t\t<div class=\"elementor-element elementor-element-e4cfdc1 e-flex e-con-boxed e-con e-parent\" data-id=\"e4cfdc1\" data-element_type=\"container\">\n\t\t\t\t\t<div class=\"e-con-inner\">\n\t\t\t\t<div class=\"elementor-element elementor-element-231b4c9 elementor-widget elementor-widget-heading\" data-id=\"231b4c9\" data-element_type=\"widget\" data-widget_type=\"heading.default\">\n\t\t\t\t<div class=\"elementor-widget-container\">\n\t\t\t\t\t<h2 class=\"elementor-heading-title elementor-size-default\">Environmental sustainability<\/h2>\t\t\t\t<\/div>\n\t\t\t\t<\/div>\n\t\t\t\t<div class=\"elementor-element elementor-element-589f9d3 elementor-widget elementor-widget-text-editor\" data-id=\"589f9d3\" data-element_type=\"widget\" data-widget_type=\"text-editor.default\">\n\t\t\t\t<div class=\"elementor-widget-container\">\n\t\t\t\t\t\t\t\t\t<p>In the sustainability strategy currently being developed, we state the goals that are being implemented in the group companies. These concern how our group companies can develop products and organize transport in a more sustainable way. We have a responsibility to do our part in achieving the Paris Agreement, and thus we implement measures to limit global warming throughout the group.<\/p><p>As a result of being available for and working closely with our customers, we often travel to visit them, and in order to reduce our carbon footprint as much as possible, we have switched to a fleet of a fully electric company cars. This is a significant investment in line with the sustainable direction Hydria Group wants to take. To ensure our efforts matter, we look at the entire value chain to see at which stages changes need to be made. Recently, we installed solar panels at our factory in Motala and our goal is to carry out more efforts aimed at reducing our climate footprint.<\/p>\t\t\t\t\t\t\t\t<\/div>\n\t\t\t\t<\/div>\n\t\t\t\t\t<\/div>\n\t\t\t\t<\/div>\n\t\t<div class=\"elementor-element elementor-element-c305fbb e-flex e-con-boxed e-con e-parent\" data-id=\"c305fbb\" data-element_type=\"container\">\n\t\t\t\t\t<div class=\"e-con-inner\">\n\t\t\t\t<div class=\"elementor-element elementor-element-eaca281 elementor-widget elementor-widget-heading\" data-id=\"eaca281\" data-element_type=\"widget\" data-widget_type=\"heading.default\">\n\t\t\t\t<div class=\"elementor-widget-container\">\n\t\t\t\t\t<h2 class=\"elementor-heading-title elementor-size-default\">Visselbl\u00e5sning<\/h2>\t\t\t\t<\/div>\n\t\t\t\t<\/div>\n\t\t\t\t<div class=\"elementor-element elementor-element-ca067dc elementor-widget elementor-widget-text-editor\" data-id=\"ca067dc\" data-element_type=\"widget\" data-widget_type=\"text-editor.default\">\n\t\t\t\t<div class=\"elementor-widget-container\">\n\t\t\t\t\t\t\t\t\tVi str\u00e4var efter att ha en \u00f6ppen och transparent arbetsplats. Genom v\u00e5rt oberoende visselbl\u00e5sarverktyg kan medarbetare och andra rapportera misst\u00e4nkta \u00f6vertr\u00e4delser inom v\u00e5r verksamhet.\n<br><br>\n<span style=\"text-decoration: underline;\"><a href=\"\/en\/visselblasning\/\">H\u00e4r kan du l\u00e4sa den fullst\u00e4ndiga policyn och g\u00f6ra en anm\u00e4lan &gt;&gt;<\/a><\/span>.\t\t\t\t\t\t\t\t<\/div>\n\t\t\t\t<\/div>\n\t\t\t\t\t<\/div>\n\t\t\t\t<\/div>\n\t\t<div class=\"elementor-element elementor-element-5bb32dd e-flex e-con-boxed e-con e-parent\" data-id=\"5bb32dd\" data-element_type=\"container\">\n\t\t\t\t\t<div class=\"e-con-inner\">\n\t\t<div class=\"elementor-element elementor-element-9c7c5bf e-con-full e-flex e-con e-child\" data-id=\"9c7c5bf\" data-element_type=\"container\" data-settings=\"{&quot;background_background&quot;:&quot;classic&quot;}\">\n\t\t\t\t<div class=\"elementor-element elementor-element-1baac3b elementor-blockquote--skin-quotation elementor-widget elementor-widget-blockquote\" data-id=\"1baac3b\" data-element_type=\"widget\" data-widget_type=\"blockquote.default\">\n\t\t\t\t<div class=\"elementor-widget-container\">\n\t\t\t\t\t\t\t<blockquote class=\"elementor-blockquote\">\n\t\t\t<p class=\"elementor-blockquote__content\">\n\t\t\t\tBeing part of the manufacturing industry, we have a responsibility towards our environment, our customers, and our employees. Therefore, we always strive to develop innovative products that benefit our customers while also minimizing our impact on our planet. In addition, the employees \u2018well-being is paramount to us, and we make investments to serve their long-term health.\t\t\t<\/p>\n\t\t\t\t\t\t\t<div class=\"e-q-footer\">\n\t\t\t\t\t\t\t\t\t\t\t<cite class=\"elementor-blockquote__author\">Tobias Barrstrand, CEO Hydria Group<\/cite>\n\t\t\t\t\t\t\t\t\t\t\t\t\t\t<\/div>\n\t\t\t\t\t<\/blockquote>\n\t\t\t\t\t\t<\/div>\n\t\t\t\t<\/div>\n\t\t\t\t<\/div>\n\t\t\t\t\t<\/div>\n\t\t\t\t<\/div>\n\t\t<div class=\"elementor-element elementor-element-2d65202 e-con-full e-flex e-con e-parent\" data-id=\"2d65202\" data-element_type=\"container\">\n\t\t<div class=\"elementor-element elementor-element-8ac65fb e-flex e-con-boxed e-con e-child\" data-id=\"8ac65fb\" data-element_type=\"container\" data-settings=\"{&quot;background_background&quot;:&quot;classic&quot;,&quot;position&quot;:&quot;absolute&quot;}\">\n\t\t\t\t\t<div class=\"e-con-inner\">\n\t\t\t\t\t<\/div>\n\t\t\t\t<\/div>\n\t\t<div class=\"elementor-element elementor-element-2347698 e-flex e-con-boxed e-con e-child\" data-id=\"2347698\" data-element_type=\"container\" data-settings=\"{&quot;background_background&quot;:&quot;classic&quot;,&quot;position&quot;:&quot;absolute&quot;}\">\n\t\t\t\t\t<div class=\"e-con-inner\">\n\t\t\t\t\t<\/div>\n\t\t\t\t<\/div>\n\t\t<div class=\"elementor-element elementor-element-fcf4c14 e-flex e-con-boxed e-con e-child\" data-id=\"fcf4c14\" data-element_type=\"container\" data-settings=\"{&quot;background_background&quot;:&quot;classic&quot;,&quot;position&quot;:&quot;absolute&quot;}\">\n\t\t\t\t\t<div class=\"e-con-inner\">\n\t\t\t\t\t<\/div>\n\t\t\t\t<\/div>\n\t\t\t\t<\/div>\n\t\t<div class=\"elementor-element elementor-element-5c381e4 e-flex e-con-boxed e-con e-parent\" data-id=\"5c381e4\" data-element_type=\"container\">\n\t\t\t\t\t<div class=\"e-con-inner\">\n\t\t\t\t<div class=\"elementor-element elementor-element-f4d243c elementor-widget elementor-widget-heading\" data-id=\"f4d243c\" data-element_type=\"widget\" data-widget_type=\"heading.default\">\n\t\t\t\t<div class=\"elementor-widget-container\">\n\t\t\t\t\t<h2 class=\"elementor-heading-title elementor-size-default\">Commitment and sponsorship<\/h2>\t\t\t\t<\/div>\n\t\t\t\t<\/div>\n\t\t\t\t\t<\/div>\n\t\t\t\t<\/div>\n\t\t<div class=\"elementor-element elementor-element-0419153 e-flex e-con-boxed e-con e-parent\" data-id=\"0419153\" data-element_type=\"container\">\n\t\t\t\t\t<div class=\"e-con-inner\">\n\t\t\t\t<div class=\"elementor-element elementor-element-e695626 elementor-widget elementor-widget-image\" data-id=\"e695626\" data-element_type=\"widget\" data-widget_type=\"image.default\">\n\t\t\t\t<div class=\"elementor-widget-container\">\n\t\t\t\t\t\t\t\t\t\t\t\t\t\t\t\t<a href=\"https:\/\/www.team-rynkeby.se\/\" target=\"_blank\">\n\t\t\t\t\t\t\t<img fetchpriority=\"high\" decoding=\"async\" width=\"800\" height=\"386\" src=\"https:\/\/hydria.se\/wp-content\/uploads\/2023\/01\/Rynkeby-1024x494.png\" class=\"elementor-animation-grow attachment-large size-large wp-image-1866\" alt=\"Team Rynkeby\" srcset=\"https:\/\/hydria.se\/wp-content\/uploads\/2023\/01\/Rynkeby-1024x494.png 1024w, https:\/\/hydria.se\/wp-content\/uploads\/2023\/01\/Rynkeby-300x145.png 300w, https:\/\/hydria.se\/wp-content\/uploads\/2023\/01\/Rynkeby-768x370.png 768w, https:\/\/hydria.se\/wp-content\/uploads\/2023\/01\/Rynkeby-18x9.png 18w, https:\/\/hydria.se\/wp-content\/uploads\/2023\/01\/Rynkeby.png 1354w\" sizes=\"(max-width: 800px) 100vw, 800px\" \/>\t\t\t\t\t\t\t\t<\/a>\n\t\t\t\t\t\t\t\t\t\t\t\t\t\t\t<\/div>\n\t\t\t\t<\/div>\n\t\t\t\t<div class=\"elementor-element elementor-element-7044778 elementor-widget elementor-widget-image\" data-id=\"7044778\" data-element_type=\"widget\" data-widget_type=\"image.default\">\n\t\t\t\t<div class=\"elementor-widget-container\">\n\t\t\t\t\t\t\t\t\t\t\t\t\t\t\t\t<a href=\"https:\/\/www.barncancerfonden.se\/\" target=\"_blank\">\n\t\t\t\t\t\t\t<img decoding=\"async\" width=\"772\" height=\"792\" src=\"https:\/\/hydria.se\/wp-content\/uploads\/2023\/01\/Barncancerfonden.png\" class=\"elementor-animation-grow attachment-large size-large wp-image-1867\" alt=\"Barncancerfonden\" srcset=\"https:\/\/hydria.se\/wp-content\/uploads\/2023\/01\/Barncancerfonden.png 772w, https:\/\/hydria.se\/wp-content\/uploads\/2023\/01\/Barncancerfonden-292x300.png 292w, https:\/\/hydria.se\/wp-content\/uploads\/2023\/01\/Barncancerfonden-768x788.png 768w, https:\/\/hydria.se\/wp-content\/uploads\/2023\/01\/Barncancerfonden-12x12.png 12w\" sizes=\"(max-width: 772px) 100vw, 772px\" \/>\t\t\t\t\t\t\t\t<\/a>\n\t\t\t\t\t\t\t\t\t\t\t\t\t\t\t<\/div>\n\t\t\t\t<\/div>\n\t\t\t\t<div class=\"elementor-element elementor-element-6aee18e elementor-widget elementor-widget-image\" data-id=\"6aee18e\" data-element_type=\"widget\" data-widget_type=\"image.default\">\n\t\t\t\t<div class=\"elementor-widget-container\">\n\t\t\t\t\t\t\t\t\t\t\t\t\t\t\t\t<a href=\"https:\/\/elfsborg.se\/\" target=\"_blank\">\n\t\t\t\t\t\t\t<img decoding=\"async\" width=\"121\" height=\"102\" src=\"https:\/\/hydria.se\/wp-content\/uploads\/2023\/01\/logo-ife.svg\" class=\"elementor-animation-grow attachment-large size-large wp-image-1868\" alt=\"IF Elfsborg\" \/>\t\t\t\t\t\t\t\t<\/a>\n\t\t\t\t\t\t\t\t\t\t\t\t\t\t\t<\/div>\n\t\t\t\t<\/div>\n\t\t\t\t<div class=\"elementor-element elementor-element-ec6840f elementor-widget elementor-widget-image\" data-id=\"ec6840f\" data-element_type=\"widget\" data-widget_type=\"image.default\">\n\t\t\t\t<div class=\"elementor-widget-container\">\n\t\t\t\t\t\t\t\t\t\t\t\t\t\t\t\t<a href=\"https:\/\/www.norrbyif.se\/start\/\" target=\"_blank\">\n\t\t\t\t\t\t\t<img loading=\"lazy\" decoding=\"async\" width=\"295\" height=\"320\" src=\"https:\/\/hydria.se\/wp-content\/uploads\/2023\/01\/norrby-if.png\" class=\"elementor-animation-grow attachment-large size-large wp-image-1869\" alt=\"Norrby IF\" srcset=\"https:\/\/hydria.se\/wp-content\/uploads\/2023\/01\/norrby-if.png 295w, https:\/\/hydria.se\/wp-content\/uploads\/2023\/01\/norrby-if-277x300.png 277w, https:\/\/hydria.se\/wp-content\/uploads\/2023\/01\/norrby-if-11x12.png 11w\" sizes=\"(max-width: 295px) 100vw, 295px\" \/>\t\t\t\t\t\t\t\t<\/a>\n\t\t\t\t\t\t\t\t\t\t\t\t\t\t\t<\/div>\n\t\t\t\t<\/div>\n\t\t\t\t\t<\/div>\n\t\t\t\t<\/div>\n\t\t<div class=\"elementor-element elementor-element-dc33da1 e-flex e-con-boxed e-con e-parent\" data-id=\"dc33da1\" data-element_type=\"container\">\n\t\t\t\t\t<div class=\"e-con-inner\">\n\t\t\t\t<div class=\"elementor-element elementor-element-2aebe75 elementor-widget elementor-widget-image\" data-id=\"2aebe75\" data-element_type=\"widget\" data-widget_type=\"image.default\">\n\t\t\t\t<div class=\"elementor-widget-container\">\n\t\t\t\t\t\t\t\t\t\t\t\t\t\t\t\t<a href=\"https:\/\/www.laget.se\/SJOMARKENSIF\" target=\"_blank\">\n\t\t\t\t\t\t\t<img loading=\"lazy\" decoding=\"async\" width=\"800\" height=\"713\" src=\"https:\/\/hydria.se\/wp-content\/uploads\/2023\/01\/SIF-logo.png\" class=\"elementor-animation-grow attachment-large size-large wp-image-1870\" alt=\"Sj\u00f6markens IF\" srcset=\"https:\/\/hydria.se\/wp-content\/uploads\/2023\/01\/SIF-logo.png 862w, https:\/\/hydria.se\/wp-content\/uploads\/2023\/01\/SIF-logo-300x267.png 300w, https:\/\/hydria.se\/wp-content\/uploads\/2023\/01\/SIF-logo-768x684.png 768w, https:\/\/hydria.se\/wp-content\/uploads\/2023\/01\/SIF-logo-13x12.png 13w\" sizes=\"(max-width: 800px) 100vw, 800px\" \/>\t\t\t\t\t\t\t\t<\/a>\n\t\t\t\t\t\t\t\t\t\t\t\t\t\t\t<\/div>\n\t\t\t\t<\/div>\n\t\t\t\t<div class=\"elementor-element elementor-element-58da6b5 elementor-widget elementor-widget-image\" data-id=\"58da6b5\" data-element_type=\"widget\" data-widget_type=\"image.default\">\n\t\t\t\t<div class=\"elementor-widget-container\">\n\t\t\t\t\t\t\t\t\t\t\t\t\t\t\t\t<a href=\"https:\/\/www.borasgif.nu\/\" target=\"_blank\">\n\t\t\t\t\t\t\t<img loading=\"lazy\" decoding=\"async\" width=\"700\" height=\"700\" src=\"https:\/\/hydria.se\/wp-content\/uploads\/2023\/01\/Boras-GIF-logo.png\" class=\"elementor-animation-grow attachment-large size-large wp-image-1871\" alt=\"Bor\u00e5s GIF\" srcset=\"https:\/\/hydria.se\/wp-content\/uploads\/2023\/01\/Boras-GIF-logo.png 700w, https:\/\/hydria.se\/wp-content\/uploads\/2023\/01\/Boras-GIF-logo-300x300.png 300w, https:\/\/hydria.se\/wp-content\/uploads\/2023\/01\/Boras-GIF-logo-150x150.png 150w, https:\/\/hydria.se\/wp-content\/uploads\/2023\/01\/Boras-GIF-logo-12x12.png 12w\" sizes=\"(max-width: 700px) 100vw, 700px\" \/>\t\t\t\t\t\t\t\t<\/a>\n\t\t\t\t\t\t\t\t\t\t\t\t\t\t\t<\/div>\n\t\t\t\t<\/div>\n\t\t\t\t<div class=\"elementor-element elementor-element-fc6b3d1 elementor-widget elementor-widget-image\" data-id=\"fc6b3d1\" data-element_type=\"widget\" data-widget_type=\"image.default\">\n\t\t\t\t<div class=\"elementor-widget-container\">\n\t\t\t\t\t\t\t\t\t\t\t\t\t\t\t\t<a href=\"https:\/\/www.sparsorsaik.nu\/start\/\" target=\"_blank\">\n\t\t\t\t\t\t\t<img loading=\"lazy\" decoding=\"async\" width=\"800\" height=\"655\" src=\"https:\/\/hydria.se\/wp-content\/uploads\/2023\/01\/Sparsors-AIK.png\" class=\"elementor-animation-grow attachment-large size-large wp-image-1872\" alt=\"Spars\u00f6rs AIK\" srcset=\"https:\/\/hydria.se\/wp-content\/uploads\/2023\/01\/Sparsors-AIK.png 946w, https:\/\/hydria.se\/wp-content\/uploads\/2023\/01\/Sparsors-AIK-300x246.png 300w, https:\/\/hydria.se\/wp-content\/uploads\/2023\/01\/Sparsors-AIK-768x629.png 768w, https:\/\/hydria.se\/wp-content\/uploads\/2023\/01\/Sparsors-AIK-15x12.png 15w\" sizes=\"(max-width: 800px) 100vw, 800px\" \/>\t\t\t\t\t\t\t\t<\/a>\n\t\t\t\t\t\t\t\t\t\t\t\t\t\t\t<\/div>\n\t\t\t\t<\/div>\n\t\t\t\t<div class=\"elementor-element elementor-element-e9f839b elementor-widget elementor-widget-image\" data-id=\"e9f839b\" data-element_type=\"widget\" data-widget_type=\"image.default\">\n\t\t\t\t<div class=\"elementor-widget-container\">\n\t\t\t\t\t\t\t\t\t\t\t\t\t\t\t\t<a href=\"https:\/\/epvanner.se\/\" target=\"_blank\">\n\t\t\t\t\t\t\t<img loading=\"lazy\" decoding=\"async\" width=\"667\" height=\"463\" src=\"https:\/\/hydria.se\/wp-content\/uploads\/2023\/09\/EPV-ftgpartner.jpg\" class=\"elementor-animation-grow attachment-large size-large wp-image-2033\" alt=\"\" srcset=\"https:\/\/hydria.se\/wp-content\/uploads\/2023\/09\/EPV-ftgpartner.jpg 667w, https:\/\/hydria.se\/wp-content\/uploads\/2023\/09\/EPV-ftgpartner-300x208.jpg 300w, https:\/\/hydria.se\/wp-content\/uploads\/2023\/09\/EPV-ftgpartner-18x12.jpg 18w\" sizes=\"(max-width: 667px) 100vw, 667px\" \/>\t\t\t\t\t\t\t\t<\/a>\n\t\t\t\t\t\t\t\t\t\t\t\t\t\t\t<\/div>\n\t\t\t\t<\/div>\n\t\t\t\t\t<\/div>\n\t\t\t\t<\/div>\n\t\t<div class=\"elementor-element elementor-element-b14c7eb e-con-full e-flex e-con e-parent\" data-id=\"b14c7eb\" data-element_type=\"container\">\n\t\t<div class=\"elementor-element elementor-element-e6c67ba e-con-full e-flex e-con e-child\" data-id=\"e6c67ba\" data-element_type=\"container\">\n\t\t<div class=\"elementor-element elementor-element-a77a11e e-con-full e-flex e-con e-child\" data-id=\"a77a11e\" data-element_type=\"container\" data-settings=\"{&quot;background_background&quot;:&quot;classic&quot;,&quot;position&quot;:&quot;absolute&quot;}\">\n\t\t\t\t<\/div>\n\t\t<div class=\"elementor-element elementor-element-2edc36d e-con-full e-flex e-con e-child\" data-id=\"2edc36d\" data-element_type=\"container\" data-settings=\"{&quot;background_background&quot;:&quot;classic&quot;,&quot;position&quot;:&quot;absolute&quot;}\">\n\t\t\t\t<\/div>\n\t\t\t\t<\/div>\n\t\t\t\t<\/div>\n\t\t\t\t<\/div>","protected":false},"excerpt":{"rendered":"<p>H\u00e5llbara aff\u00e4rer \u00f6ver tid V\u00e5rt l\u00e5ngsiktiga och grundl\u00e4ggande t\u00e4nk kring v\u00e5ra bolag genomsyrar \u00e4ven v\u00e5rt h\u00e5llbarhetsarbete. F\u00f6r oss \u00e4r det en sj\u00e4lvklarhet att alltid t\u00e4nka l\u00e5ngsiktigt oavsett om det handlar om produkternas l\u00e5nga livsl\u00e4ngd eller att de ska skapa nytta p\u00e5 sikt. H\u00e5llbarhet har alltid g\u00e5tt hand i hand med koncernens m\u00e5l, men \u00e4r ocks\u00e5 [&hellip;]<\/p>","protected":false},"author":1,"featured_media":0,"parent":0,"menu_order":0,"comment_status":"closed","ping_status":"closed","template":"","meta":{"footnotes":""},"class_list":["post-58","page","type-page","status-publish","hentry"],"_links":{"self":[{"href":"https:\/\/hydria.se\/en\/wp-json\/wp\/v2\/pages\/58","targetHints":{"allow":["GET"]}}],"collection":[{"href":"https:\/\/hydria.se\/en\/wp-json\/wp\/v2\/pages"}],"about":[{"href":"https:\/\/hydria.se\/en\/wp-json\/wp\/v2\/types\/page"}],"author":[{"embeddable":true,"href":"https:\/\/hydria.se\/en\/wp-json\/wp\/v2\/users\/1"}],"replies":[{"embeddable":true,"href":"https:\/\/hydria.se\/en\/wp-json\/wp\/v2\/comments?post=58"}],"version-history":[{"count":79,"href":"https:\/\/hydria.se\/en\/wp-json\/wp\/v2\/pages\/58\/revisions"}],"predecessor-version":[{"id":2155,"href":"https:\/\/hydria.se\/en\/wp-json\/wp\/v2\/pages\/58\/revisions\/2155"}],"wp:attachment":[{"href":"https:\/\/hydria.se\/en\/wp-json\/wp\/v2\/media?parent=58"}],"curies":[{"name":"wp","href":"https:\/\/api.w.org\/{rel}","templated":true}]}}