{"id":52,"date":"2022-11-23T09:44:35","date_gmt":"2022-11-23T09:44:35","guid":{"rendered":"https:\/\/hydria.se\/?page_id=52"},"modified":"2024-12-23T10:42:44","modified_gmt":"2024-12-23T10:42:44","slug":"om-hydria-group","status":"publish","type":"page","link":"https:\/\/hydria.se\/en\/om-hydria-group\/","title":{"rendered":"About Hydria Group"},"content":{"rendered":"<div data-elementor-type=\"wp-page\" data-elementor-id=\"52\" class=\"elementor elementor-52\" data-elementor-post-type=\"page\">\n\t\t\t\t<div class=\"elementor-element elementor-element-ab12016 e-con-full e-flex e-con e-parent\" data-id=\"ab12016\" data-element_type=\"container\" data-settings=\"{&quot;background_background&quot;:&quot;classic&quot;}\">\n\t\t<div class=\"elementor-element elementor-element-edac0f5 e-con-full e-flex e-con e-child\" data-id=\"edac0f5\" data-element_type=\"container\" data-settings=\"{&quot;background_background&quot;:&quot;classic&quot;}\">\n\t\t<div class=\"elementor-element elementor-element-ea60995 e-flex e-con-boxed e-con e-child\" data-id=\"ea60995\" data-element_type=\"container\">\n\t\t\t\t\t<div class=\"e-con-inner\">\n\t\t\t\t<div class=\"elementor-element elementor-element-0fda4e1 elementor-widget elementor-widget-heading\" data-id=\"0fda4e1\" data-element_type=\"widget\" data-widget_type=\"heading.default\">\n\t\t\t\t<div class=\"elementor-widget-container\">\n\t\t\t\t\t<h1 class=\"elementor-heading-title elementor-size-default\">The family business with the courage to make changes<\/h1>\t\t\t\t<\/div>\n\t\t\t\t<\/div>\n\t\t\t\t<div class=\"elementor-element elementor-element-cef7e65 elementor-widget elementor-widget-text-editor\" data-id=\"cef7e65\" data-element_type=\"widget\" data-widget_type=\"text-editor.default\">\n\t\t\t\t<div class=\"elementor-widget-container\">\n\t\t\t\t\t\t\t\t\t<p>Our history and heritage are an essential part of our DNA, and as we strive for continuous improvement, we will reach the billion mark by 2030.<\/p>\t\t\t\t\t\t\t\t<\/div>\n\t\t\t\t<\/div>\n\t\t\t\t\t<\/div>\n\t\t\t\t<\/div>\n\t\t\t\t<\/div>\n\t\t\t\t<\/div>\n\t\t<div class=\"elementor-element elementor-element-941669e e-flex e-con-boxed e-con e-parent\" data-id=\"941669e\" data-element_type=\"container\">\n\t\t\t\t\t<div class=\"e-con-inner\">\n\t\t<div class=\"elementor-element elementor-element-2f92f42 e-con-full e-flex e-con e-child\" data-id=\"2f92f42\" data-element_type=\"container\">\n\t\t\t\t<div class=\"elementor-element elementor-element-15eb235 elementor-widget elementor-widget-counter\" data-id=\"15eb235\" data-element_type=\"widget\" data-widget_type=\"counter.default\">\n\t\t\t\t<div class=\"elementor-widget-container\">\n\t\t\t\t\t\t\t<div class=\"elementor-counter\">\n\t\t\t<div class=\"elementor-counter-title\">Oms\u00e4ttning maj 2023-april 2024 (Mkr)<\/div>\t\t\t<div class=\"elementor-counter-number-wrapper\">\n\t\t\t\t<span class=\"elementor-counter-number-prefix\"><\/span>\n\t\t\t\t<span class=\"elementor-counter-number\" data-duration=\"500\" data-to-value=\"459\" data-from-value=\"0\">0<\/span>\n\t\t\t\t<span class=\"elementor-counter-number-suffix\"><\/span>\n\t\t\t<\/div>\n\t\t<\/div>\n\t\t\t\t\t\t<\/div>\n\t\t\t\t<\/div>\n\t\t\t\t<\/div>\n\t\t<div class=\"elementor-element elementor-element-cf6c655 e-con-full e-flex e-con e-child\" data-id=\"cf6c655\" data-element_type=\"container\">\n\t\t\t\t<div class=\"elementor-element elementor-element-6c5a472 elementor-widget elementor-widget-counter\" data-id=\"6c5a472\" data-element_type=\"widget\" data-widget_type=\"counter.default\">\n\t\t\t\t<div class=\"elementor-widget-container\">\n\t\t\t\t\t\t\t<div class=\"elementor-counter\">\n\t\t\t<div class=\"elementor-counter-title\">Employees<\/div>\t\t\t<div class=\"elementor-counter-number-wrapper\">\n\t\t\t\t<span class=\"elementor-counter-number-prefix\"><\/span>\n\t\t\t\t<span class=\"elementor-counter-number\" data-duration=\"500\" data-to-value=\"205\" data-from-value=\"0\">0<\/span>\n\t\t\t\t<span class=\"elementor-counter-number-suffix\"><\/span>\n\t\t\t<\/div>\n\t\t<\/div>\n\t\t\t\t\t\t<\/div>\n\t\t\t\t<\/div>\n\t\t\t\t<\/div>\n\t\t\t\t\t<\/div>\n\t\t\t\t<\/div>\n\t\t<div class=\"elementor-element elementor-element-64d6961 e-flex e-con-boxed e-con e-parent\" data-id=\"64d6961\" data-element_type=\"container\">\n\t\t\t\t\t<div class=\"e-con-inner\">\n\t\t\t\t<div class=\"elementor-element elementor-element-1c51b25 elementor-widget elementor-widget-text-editor\" data-id=\"1c51b25\" data-element_type=\"widget\" data-widget_type=\"text-editor.default\">\n\t\t\t\t<div class=\"elementor-widget-container\">\n\t\t\t\t\t\t\t\t\t<p>Through organic growth, strategic acquisitions, and with the help of our employees, we will reach our goal by 2030. By growing together, we develop and continue our journey towards the next destination. The key is the desire for continuous evolution, daring to take the next step, and wanting to contribute to a better future. This allows us to accelerate our efforts and generate new business through seamless collaboration.<\/p><p>Our group is based in Bor\u00e5s, but we are established in an international market. The desire to make things work better and smarter drives us to constantly be in a forward motion, and to create value for people. This is how we believe we build companies that benefit the people of today, tomorrow and the generations of the future.<\/p><p>As a family-owned business with a long investment horizon, we keep our feet firmly on the ground by working to make a real difference and create benefits both locally and globally. We operate in business areas such as ventilation, water, forestry, real estate, and communication\/IT. Together, these separate segments contribute to creating a better environment, safer indoor climates, and a cleaner world.<\/p><p>Innovation is the basis of all operations for us at Hydria Group and through seamless collaboration, we work to develop products and services that improve our society.<\/p>\t\t\t\t\t\t\t\t<\/div>\n\t\t\t\t<\/div>\n\t\t\t\t<div class=\"elementor-element elementor-element-1a3b275 elementor-widget elementor-widget-heading\" data-id=\"1a3b275\" data-element_type=\"widget\" data-widget_type=\"heading.default\">\n\t\t\t\t<div class=\"elementor-widget-container\">\n\t\t\t\t\t<h2 class=\"elementor-heading-title elementor-size-default\">Hydria Group i siffror (maj 2023-april 2024)<\/h2>\t\t\t\t<\/div>\n\t\t\t\t<\/div>\n\t\t\t\t\t<\/div>\n\t\t\t\t<\/div>\n\t\t<div class=\"elementor-element elementor-element-9226905 e-flex e-con-boxed e-con e-parent\" data-id=\"9226905\" data-element_type=\"container\" data-no-translation=\"\">\n\t\t\t\t\t<div class=\"e-con-inner\">\n\t\t\t\t<div class=\"elementor-element elementor-element-5acfa55 elementor-widget elementor-widget-image\" data-id=\"5acfa55\" data-element_type=\"widget\" data-widget_type=\"image.default\">\n\t\t\t\t<div class=\"elementor-widget-container\">\n\t\t\t\t\t\t\t\t\t\t\t\t\t\t\t\t<a href=\"https:\/\/hydria.se\/wp-content\/uploads\/2024\/08\/Omsattning_Resultat_2023_24_eng.jpg\" data-elementor-open-lightbox=\"yes\" data-elementor-lightbox-title=\"Oms\u00e4ttning_Resultat_2023_24_eng\" data-e-action-hash=\"#elementor-action%3Aaction%3Dlightbox%26settings%3DeyJpZCI6MjMwMywidXJsIjoiaHR0cHM6XC9cL2h5ZHJpYS5zZVwvd3AtY29udGVudFwvdXBsb2Fkc1wvMjAyNFwvMDhcL09tc2F0dG5pbmdfUmVzdWx0YXRfMjAyM18yNF9lbmcuanBnIn0%3D\">\n\t\t\t\t\t\t\t<img fetchpriority=\"high\" decoding=\"async\" width=\"800\" height=\"612\" src=\"https:\/\/hydria.se\/wp-content\/uploads\/2024\/08\/Omsattning_Resultat_2023_24_eng.jpg\" class=\"attachment-large size-large wp-image-2303\" alt=\"\" srcset=\"https:\/\/hydria.se\/wp-content\/uploads\/2024\/08\/Omsattning_Resultat_2023_24_eng.jpg 974w, https:\/\/hydria.se\/wp-content\/uploads\/2024\/08\/Omsattning_Resultat_2023_24_eng-300x229.jpg 300w, https:\/\/hydria.se\/wp-content\/uploads\/2024\/08\/Omsattning_Resultat_2023_24_eng-768x587.jpg 768w, https:\/\/hydria.se\/wp-content\/uploads\/2024\/08\/Omsattning_Resultat_2023_24_eng-16x12.jpg 16w\" sizes=\"(max-width: 800px) 100vw, 800px\" \/>\t\t\t\t\t\t\t\t<\/a>\n\t\t\t\t\t\t\t\t\t\t\t\t\t\t\t<\/div>\n\t\t\t\t<\/div>\n\t\t\t\t<div class=\"elementor-element elementor-element-5dee5f2 elementor-widget elementor-widget-image\" data-id=\"5dee5f2\" data-element_type=\"widget\" data-widget_type=\"image.default\">\n\t\t\t\t<div class=\"elementor-widget-container\">\n\t\t\t\t\t\t\t\t\t\t\t\t\t\t\t\t<a href=\"https:\/\/hydria.se\/wp-content\/uploads\/2024\/08\/Balansomslutning_soliditet_2023_24_eng.jpg\" data-elementor-open-lightbox=\"yes\" data-elementor-lightbox-title=\"Balansomslutning_soliditet_2023_24_eng\" data-e-action-hash=\"#elementor-action%3Aaction%3Dlightbox%26settings%3DeyJpZCI6MjMwNSwidXJsIjoiaHR0cHM6XC9cL2h5ZHJpYS5zZVwvd3AtY29udGVudFwvdXBsb2Fkc1wvMjAyNFwvMDhcL0JhbGFuc29tc2x1dG5pbmdfc29saWRpdGV0XzIwMjNfMjRfZW5nLmpwZyJ9\">\n\t\t\t\t\t\t\t<img decoding=\"async\" width=\"800\" height=\"612\" src=\"https:\/\/hydria.se\/wp-content\/uploads\/2024\/08\/Balansomslutning_soliditet_2023_24_eng.jpg\" class=\"attachment-large size-large wp-image-2305\" alt=\"\" srcset=\"https:\/\/hydria.se\/wp-content\/uploads\/2024\/08\/Balansomslutning_soliditet_2023_24_eng.jpg 974w, https:\/\/hydria.se\/wp-content\/uploads\/2024\/08\/Balansomslutning_soliditet_2023_24_eng-300x229.jpg 300w, https:\/\/hydria.se\/wp-content\/uploads\/2024\/08\/Balansomslutning_soliditet_2023_24_eng-768x587.jpg 768w, https:\/\/hydria.se\/wp-content\/uploads\/2024\/08\/Balansomslutning_soliditet_2023_24_eng-16x12.jpg 16w\" sizes=\"(max-width: 800px) 100vw, 800px\" \/>\t\t\t\t\t\t\t\t<\/a>\n\t\t\t\t\t\t\t\t\t\t\t\t\t\t\t<\/div>\n\t\t\t\t<\/div>\n\t\t\t\t\t<\/div>\n\t\t\t\t<\/div>\n\t\t<div class=\"elementor-element elementor-element-cc17e0a e-flex e-con-boxed e-con e-parent\" data-id=\"cc17e0a\" data-element_type=\"container\">\n\t\t\t\t\t<div class=\"e-con-inner\">\n\t\t<div class=\"elementor-element elementor-element-86b25c3 e-con-full e-flex e-con e-child\" data-id=\"86b25c3\" data-element_type=\"container\">\n\t\t\t\t<div class=\"elementor-element elementor-element-da78917 elementor-widget elementor-widget-image\" data-id=\"da78917\" data-element_type=\"widget\" data-widget_type=\"image.default\">\n\t\t\t\t<div class=\"elementor-widget-container\">\n\t\t\t\t\t\t\t\t\t\t\t\t\t\t\t<img decoding=\"async\" width=\"594\" height=\"598\" src=\"https:\/\/hydria.se\/wp-content\/uploads\/2024\/12\/aretmedhydria-mockup_2024webb.png\" class=\"attachment-full size-full wp-image-2416\" alt=\"Omslag av tidningen &quot;\u00c5ret med Hydria&quot; fr\u00e5n december 2024, med en portr\u00e4ttbild av en kvinna i kavaj och text som beskriver artiklar om HR, k\u00f6ksventilation och kreativa techl\u00f6sningar.\" srcset=\"https:\/\/hydria.se\/wp-content\/uploads\/2024\/12\/aretmedhydria-mockup_2024webb.png 594w, https:\/\/hydria.se\/wp-content\/uploads\/2024\/12\/aretmedhydria-mockup_2024webb-298x300.png 298w, https:\/\/hydria.se\/wp-content\/uploads\/2024\/12\/aretmedhydria-mockup_2024webb-150x150.png 150w, https:\/\/hydria.se\/wp-content\/uploads\/2024\/12\/aretmedhydria-mockup_2024webb-12x12.png 12w\" sizes=\"(max-width: 594px) 100vw, 594px\" \/>\t\t\t\t\t\t\t\t\t\t\t\t\t\t\t<\/div>\n\t\t\t\t<\/div>\n\t\t\t\t<\/div>\n\t\t<div class=\"elementor-element elementor-element-b07f01f e-con-full e-flex e-con e-child\" data-id=\"b07f01f\" data-element_type=\"container\" id=\"textwrap\">\n\t\t\t\t<div class=\"elementor-element elementor-element-dd4b753 elementor-widget elementor-widget-text-editor\" data-id=\"dd4b753\" data-element_type=\"widget\" data-widget_type=\"text-editor.default\">\n\t\t\t\t<div class=\"elementor-widget-container\">\n\t\t\t\t\t\t\t\t\t<div class=\"polygon\">\u00a0<\/div><h2 class=\"elementor-heading-title elementor-size-default\" style=\"color: #0075a9; margin-bottom: 16px;\">\u00c5ret med Hydria<\/h2><p class=\"x_MsoNormal\">\u00c5ret med Hydria ges ut en g\u00e5ng om \u00e5ret, i samband med att \u00e5rsredovisningen blir publik. I magasinet lyfter vi f\u00f6rutom aktuella siffror, \u00e4ven viktiga milstolpar och genomf\u00f6rda projekt fr\u00e5n v\u00e5ra aff\u00e4rsomr\u00e5den. \u00c5ret med Hydria \u00e4r f\u00f6r dig som vill l\u00e4ra k\u00e4nna v\u00e5r koncern, v\u00e5ra v\u00e4rderingar och visioner lite b\u00e4ttre.<\/p><p class=\"x_MsoNormal\"><a style=\"color: #0075a9;\" href=\"https:\/\/hydria.se\/wp-content\/uploads\/2024\/12\/Aret-med-Hydria_2024_sida_for_sida_low.pdf\"><b><u>L\u00e4s eller ladda ner \u00c5ret med Hydria h\u00e4r<\/u><\/b><\/a><\/p>\t\t\t\t\t\t\t\t<\/div>\n\t\t\t\t<\/div>\n\t\t\t\t<\/div>\n\t\t\t\t\t<\/div>\n\t\t\t\t<\/div>\n\t\t<div class=\"elementor-element elementor-element-a036236 e-con-full e-flex e-con e-parent\" data-id=\"a036236\" data-element_type=\"container\">\n\t\t<div class=\"elementor-element elementor-element-dbd9b36 e-flex e-con-boxed e-con e-child\" data-id=\"dbd9b36\" data-element_type=\"container\" data-settings=\"{&quot;background_background&quot;:&quot;classic&quot;,&quot;position&quot;:&quot;absolute&quot;}\">\n\t\t\t\t\t<div class=\"e-con-inner\">\n\t\t\t\t\t<\/div>\n\t\t\t\t<\/div>\n\t\t<div class=\"elementor-element elementor-element-2d01b4a e-flex e-con-boxed e-con e-child\" data-id=\"2d01b4a\" data-element_type=\"container\" data-settings=\"{&quot;background_background&quot;:&quot;classic&quot;,&quot;position&quot;:&quot;absolute&quot;}\">\n\t\t\t\t\t<div class=\"e-con-inner\">\n\t\t\t\t\t<\/div>\n\t\t\t\t<\/div>\n\t\t<div class=\"elementor-element elementor-element-58ac655 e-flex e-con-boxed e-con e-child\" data-id=\"58ac655\" data-element_type=\"container\">\n\t\t\t\t\t<div class=\"e-con-inner\">\n\t\t<div class=\"elementor-element elementor-element-4fd1d11 e-con-full e-flex e-con e-child\" data-id=\"4fd1d11\" data-element_type=\"container\">\n\t\t<div class=\"elementor-element elementor-element-dc0f0a3 e-flex e-con-boxed e-con e-child\" data-id=\"dc0f0a3\" data-element_type=\"container\">\n\t\t\t\t\t<div class=\"e-con-inner\">\n\t\t\t\t<div class=\"elementor-element elementor-element-78831e2 elementor-widget elementor-widget-heading\" data-id=\"78831e2\" data-element_type=\"widget\" data-widget_type=\"heading.default\">\n\t\t\t\t<div class=\"elementor-widget-container\">\n\t\t\t\t\t<h3 class=\"elementor-heading-title elementor-size-default\">Influence<\/h3>\t\t\t\t<\/div>\n\t\t\t\t<\/div>\n\t\t\t\t<div class=\"elementor-element elementor-element-6e32896 elementor-widget elementor-widget-text-editor\" data-id=\"6e32896\" data-element_type=\"widget\" data-widget_type=\"text-editor.default\">\n\t\t\t\t<div class=\"elementor-widget-container\">\n\t\t\t\t\t\t\t\t\t<p>Hydria Group is driven by a desire to develop the industries we operate in. And our wish is to make a difference for our employees as well as our customers.<\/p>\t\t\t\t\t\t\t\t<\/div>\n\t\t\t\t<\/div>\n\t\t\t\t\t<\/div>\n\t\t\t\t<\/div>\n\t\t<div class=\"elementor-element elementor-element-be134ca e-con-full e-flex e-con e-child\" data-id=\"be134ca\" data-element_type=\"container\">\n\t\t\t\t<div class=\"elementor-element elementor-element-ed480f1 elementor-widget elementor-widget-heading\" data-id=\"ed480f1\" data-element_type=\"widget\" data-widget_type=\"heading.default\">\n\t\t\t\t<div class=\"elementor-widget-container\">\n\t\t\t\t\t<h3 class=\"elementor-heading-title elementor-size-default\">Cooperate<\/h3>\t\t\t\t<\/div>\n\t\t\t\t<\/div>\n\t\t\t\t<div class=\"elementor-element elementor-element-39dd186 elementor-widget elementor-widget-text-editor\" data-id=\"39dd186\" data-element_type=\"widget\" data-widget_type=\"text-editor.default\">\n\t\t\t\t<div class=\"elementor-widget-container\">\n\t\t\t\t\t\t\t\t\t<p>We are perceptive and by working closely with colleagues and external partners we succeed together. Through modern leadership and a community spirit, we build a strong corporate culture that permeates all our operations.<\/p>\t\t\t\t\t\t\t\t<\/div>\n\t\t\t\t<\/div>\n\t\t\t\t<\/div>\n\t\t<div class=\"elementor-element elementor-element-ee58ed1 e-con-full e-flex e-con e-child\" data-id=\"ee58ed1\" data-element_type=\"container\">\n\t\t\t\t<div class=\"elementor-element elementor-element-6d0bb5a elementor-widget elementor-widget-heading\" data-id=\"6d0bb5a\" data-element_type=\"widget\" data-widget_type=\"heading.default\">\n\t\t\t\t<div class=\"elementor-widget-container\">\n\t\t\t\t\t<h3 class=\"elementor-heading-title elementor-size-default\">Long-term perspective<\/h3>\t\t\t\t<\/div>\n\t\t\t\t<\/div>\n\t\t\t\t<div class=\"elementor-element elementor-element-93f718a elementor-widget elementor-widget-text-editor\" data-id=\"93f718a\" data-element_type=\"widget\" data-widget_type=\"text-editor.default\">\n\t\t\t\t<div class=\"elementor-widget-container\">\n\t\t\t\t\t\t\t\t\t<p>We have a long-term investment horizon focused on our existing group companies. By reinvesting, forging strategic collaborations, and creating innovative solutions within the group, Hydria Group creates the right conditions for our companies to grow and develop in an optimal.<\/p>\t\t\t\t\t\t\t\t<\/div>\n\t\t\t\t<\/div>\n\t\t\t\t<\/div>\n\t\t\t\t<\/div>\n\t\t\t\t\t<\/div>\n\t\t\t\t<\/div>\n\t\t\t\t<\/div>\n\t\t<div class=\"elementor-element elementor-element-2315121 e-flex e-con-boxed e-con e-parent\" data-id=\"2315121\" data-element_type=\"container\">\n\t\t\t\t\t<div class=\"e-con-inner\">\n\t\t<div class=\"elementor-element elementor-element-2fd8768 e-con-full e-flex e-con e-child\" data-id=\"2fd8768\" data-element_type=\"container\">\n\t\t\t\t<div class=\"elementor-element elementor-element-824793a elementor-widget elementor-widget-image\" data-id=\"824793a\" data-element_type=\"widget\" data-widget_type=\"image.default\">\n\t\t\t\t<div class=\"elementor-widget-container\">\n\t\t\t\t\t\t\t\t\t\t\t\t\t\t\t<img loading=\"lazy\" decoding=\"async\" width=\"800\" height=\"800\" src=\"https:\/\/hydria.se\/wp-content\/uploads\/2022\/12\/martin_citat-1024x1024.jpg\" class=\"attachment-large size-large wp-image-1609\" alt=\"\" srcset=\"\" sizes=\"(max-width: 800px) 100vw, 800px\" data-srcset=\"\" \/>\t\t\t\t\t\t\t\t\t\t\t\t\t\t\t<\/div>\n\t\t\t\t<\/div>\n\t\t\t\t<\/div>\n\t\t<div class=\"elementor-element elementor-element-a49f0bb e-con-full e-flex e-con e-child\" data-id=\"a49f0bb\" data-element_type=\"container\">\n\t\t\t\t<div class=\"elementor-element elementor-element-eb7be0d elementor-blockquote--skin-quotation elementor-widget elementor-widget-blockquote\" data-id=\"eb7be0d\" data-element_type=\"widget\" data-widget_type=\"blockquote.default\">\n\t\t\t\t<div class=\"elementor-widget-container\">\n\t\t\t\t\t\t\t<blockquote class=\"elementor-blockquote\">\n\t\t\t<p class=\"elementor-blockquote__content\">\n\t\t\t\tHydria Group appeals to me personally because of their strong focus on the environment and sustainability with its operations in clean air, clean water, forestry, real estate, and cyber security. I also like the direct connection with the founder family, that there is clear ambition, and a good workplace based on making sure that all employees are happy.\t\t\t<\/p>\n\t\t\t\t\t\t\t<div class=\"e-q-footer\">\n\t\t\t\t\t\t\t\t\t\t\t<cite class=\"elementor-blockquote__author\">Martin Dubois, CFO Hydria Group<\/cite>\n\t\t\t\t\t\t\t\t\t\t\t\t\t\t<\/div>\n\t\t\t\t\t<\/blockquote>\n\t\t\t\t\t\t<\/div>\n\t\t\t\t<\/div>\n\t\t\t\t<\/div>\n\t\t\t\t\t<\/div>\n\t\t\t\t<\/div>\n\t\t<div class=\"elementor-element elementor-element-d5a5edc e-con-full e-flex e-con e-parent\" data-id=\"d5a5edc\" data-element_type=\"container\">\n\t\t<div class=\"elementor-element elementor-element-2e57524 e-flex e-con-boxed e-con e-child\" data-id=\"2e57524\" data-element_type=\"container\" data-settings=\"{&quot;background_background&quot;:&quot;classic&quot;,&quot;position&quot;:&quot;absolute&quot;}\">\n\t\t\t\t\t<div class=\"e-con-inner\">\n\t\t\t\t\t<\/div>\n\t\t\t\t<\/div>\n\t\t<div class=\"elementor-element elementor-element-0f6adbe e-flex e-con-boxed e-con e-child\" data-id=\"0f6adbe\" data-element_type=\"container\" data-settings=\"{&quot;background_background&quot;:&quot;classic&quot;,&quot;position&quot;:&quot;absolute&quot;}\">\n\t\t\t\t\t<div class=\"e-con-inner\">\n\t\t\t\t\t<\/div>\n\t\t\t\t<\/div>\n\t\t<div class=\"elementor-element elementor-element-97ea356 e-flex e-con-boxed e-con e-child\" data-id=\"97ea356\" data-element_type=\"container\" data-settings=\"{&quot;background_background&quot;:&quot;classic&quot;,&quot;position&quot;:&quot;absolute&quot;}\">\n\t\t\t\t\t<div class=\"e-con-inner\">\n\t\t\t\t\t<\/div>\n\t\t\t\t<\/div>\n\t\t\t\t<\/div>\n\t\t\t\t<\/div>","protected":false},"excerpt":{"rendered":"<p>Familjekoncern med mod att f\u00f6r\u00e4ndra V\u00e5r historia och v\u00e5rt l\u00e5nga arv \u00e4r en viktig del av v\u00e5rt dna och tillsammans med v\u00e5r str\u00e4van om att alltid bli b\u00e4ttre ska vi till 2030 n\u00e5 miljarden. Oms\u00e4ttning maj 2023-april 2024 (Mkr) 0 Anst\u00e4llda 0 Organisk tillv\u00e4xt, strategiska f\u00f6rv\u00e4rv och v\u00e5ra viktiga medarbetare kommer att ta oss dit. [&hellip;]<\/p>","protected":false},"author":1,"featured_media":0,"parent":0,"menu_order":0,"comment_status":"closed","ping_status":"closed","template":"","meta":{"footnotes":""},"class_list":["post-52","page","type-page","status-publish","hentry"],"_links":{"self":[{"href":"https:\/\/hydria.se\/en\/wp-json\/wp\/v2\/pages\/52","targetHints":{"allow":["GET"]}}],"collection":[{"href":"https:\/\/hydria.se\/en\/wp-json\/wp\/v2\/pages"}],"about":[{"href":"https:\/\/hydria.se\/en\/wp-json\/wp\/v2\/types\/page"}],"author":[{"embeddable":true,"href":"https:\/\/hydria.se\/en\/wp-json\/wp\/v2\/users\/1"}],"replies":[{"embeddable":true,"href":"https:\/\/hydria.se\/en\/wp-json\/wp\/v2\/comments?post=52"}],"version-history":[{"count":190,"href":"https:\/\/hydria.se\/en\/wp-json\/wp\/v2\/pages\/52\/revisions"}],"predecessor-version":[{"id":2421,"href":"https:\/\/hydria.se\/en\/wp-json\/wp\/v2\/pages\/52\/revisions\/2421"}],"wp:attachment":[{"href":"https:\/\/hydria.se\/en\/wp-json\/wp\/v2\/media?parent=52"}],"curies":[{"name":"wp","href":"https:\/\/api.w.org\/{rel}","templated":true}]}}