{"id":345,"date":"2022-12-05T14:15:04","date_gmt":"2022-12-05T14:15:04","guid":{"rendered":"https:\/\/hydria.se\/?page_id=345"},"modified":"2024-05-03T07:56:02","modified_gmt":"2024-05-03T07:56:02","slug":"fastigheter","status":"publish","type":"page","link":"https:\/\/hydria.se\/en\/fastigheter\/","title":{"rendered":"Real estate"},"content":{"rendered":"<div data-elementor-type=\"wp-page\" data-elementor-id=\"345\" class=\"elementor elementor-345\" data-elementor-post-type=\"page\">\n\t\t\t\t<div class=\"elementor-element elementor-element-dee6fbc e-con-full e-flex e-con e-parent\" data-id=\"dee6fbc\" data-element_type=\"container\" data-settings=\"{&quot;background_background&quot;:&quot;classic&quot;}\">\n\t\t<div class=\"elementor-element elementor-element-01a9d0c e-con-full e-flex e-con e-child\" data-id=\"01a9d0c\" data-element_type=\"container\" data-settings=\"{&quot;background_background&quot;:&quot;classic&quot;}\">\n\t\t<div class=\"elementor-element elementor-element-7204dd5 e-flex e-con-boxed e-con e-child\" data-id=\"7204dd5\" data-element_type=\"container\">\n\t\t\t\t\t<div class=\"e-con-inner\">\n\t\t\t\t<div class=\"elementor-element elementor-element-f53f110 elementor-widget elementor-widget-heading\" data-id=\"f53f110\" data-element_type=\"widget\" data-widget_type=\"heading.default\">\n\t\t\t\t<div class=\"elementor-widget-container\">\n\t\t\t\t\t<h1 class=\"elementor-heading-title elementor-size-default\">Sustainable real estate management<\/h1>\t\t\t\t<\/div>\n\t\t\t\t<\/div>\n\t\t\t\t<div class=\"elementor-element elementor-element-d88d2cb elementor-widget elementor-widget-text-editor\" data-id=\"d88d2cb\" data-element_type=\"widget\" data-widget_type=\"text-editor.default\">\n\t\t\t\t<div class=\"elementor-widget-container\">\n\t\t\t\t\t\t\t\t\t<p>It is wise to own and manage properties. It allows the group to influence their structure and performance capabilities, save energy, and progress more effectively towards a climate neutral operation.<\/p>\t\t\t\t\t\t\t\t<\/div>\n\t\t\t\t<\/div>\n\t\t\t\t\t<\/div>\n\t\t\t\t<\/div>\n\t\t\t\t<\/div>\n\t\t\t\t<\/div>\n\t\t<div class=\"elementor-element elementor-element-8397f56 e-flex e-con-boxed e-con e-parent\" data-id=\"8397f56\" data-element_type=\"container\">\n\t\t\t\t\t<div class=\"e-con-inner\">\n\t\t<div class=\"elementor-element elementor-element-31ff62b e-con-full e-flex e-con e-child\" data-id=\"31ff62b\" data-element_type=\"container\">\n\t\t\t\t<div class=\"elementor-element elementor-element-7c84fb9 elementor-widget elementor-widget-counter\" data-id=\"7c84fb9\" data-element_type=\"widget\" data-widget_type=\"counter.default\">\n\t\t\t\t<div class=\"elementor-widget-container\">\n\t\t\t\t\t\t\t<div class=\"elementor-counter\">\n\t\t\t<div class=\"elementor-counter-title\">Total facility area<\/div>\t\t\t<div class=\"elementor-counter-number-wrapper\">\n\t\t\t\t<span class=\"elementor-counter-number-prefix\"><\/span>\n\t\t\t\t<span class=\"elementor-counter-number\" data-duration=\"500\" data-to-value=\"24200\" data-from-value=\"0\" data-delimiter=\" \">0<\/span>\n\t\t\t\t<span class=\"elementor-counter-number-suffix\"> sq.m<\/span>\n\t\t\t<\/div>\n\t\t<\/div>\n\t\t\t\t\t\t<\/div>\n\t\t\t\t<\/div>\n\t\t\t\t<\/div>\n\t\t<div class=\"elementor-element elementor-element-2d77cac e-con-full e-flex e-con e-child\" data-id=\"2d77cac\" data-element_type=\"container\">\n\t\t\t\t<div class=\"elementor-element elementor-element-d768cb0 elementor-widget elementor-widget-counter\" data-id=\"d768cb0\" data-element_type=\"widget\" data-widget_type=\"counter.default\">\n\t\t\t\t<div class=\"elementor-widget-container\">\n\t\t\t\t\t\t\t<div class=\"elementor-counter\">\n\t\t\t<div class=\"elementor-counter-title\">Solar energy production per year <br \/>(including the new installation in motala)<\/div>\t\t\t<div class=\"elementor-counter-number-wrapper\">\n\t\t\t\t<span class=\"elementor-counter-number-prefix\"><\/span>\n\t\t\t\t<span class=\"elementor-counter-number\" data-duration=\"500\" data-to-value=\"550000\" data-from-value=\"0\" data-delimiter=\" \">0<\/span>\n\t\t\t\t<span class=\"elementor-counter-number-suffix\"> kWh<\/span>\n\t\t\t<\/div>\n\t\t<\/div>\n\t\t\t\t\t\t<\/div>\n\t\t\t\t<\/div>\n\t\t\t\t<\/div>\n\t\t<div class=\"elementor-element elementor-element-2dae7fa e-con-full e-flex e-con e-child\" data-id=\"2dae7fa\" data-element_type=\"container\">\n\t\t\t\t<div class=\"elementor-element elementor-element-5341255 elementor-widget elementor-widget-counter\" data-id=\"5341255\" data-element_type=\"widget\" data-widget_type=\"counter.default\">\n\t\t\t\t<div class=\"elementor-widget-container\">\n\t\t\t\t\t\t\t<div class=\"elementor-counter\">\n\t\t\t<div class=\"elementor-counter-title\">Solar cell surface area<\/div>\t\t\t<div class=\"elementor-counter-number-wrapper\">\n\t\t\t\t<span class=\"elementor-counter-number-prefix\"><\/span>\n\t\t\t\t<span class=\"elementor-counter-number\" data-duration=\"500\" data-to-value=\"4000\" data-from-value=\"0\">0<\/span>\n\t\t\t\t<span class=\"elementor-counter-number-suffix\"> sq.m<\/span>\n\t\t\t<\/div>\n\t\t<\/div>\n\t\t\t\t\t\t<\/div>\n\t\t\t\t<\/div>\n\t\t\t\t<\/div>\n\t\t\t\t\t<\/div>\n\t\t\t\t<\/div>\n\t\t<div class=\"elementor-element elementor-element-f659488 e-flex e-con-boxed e-con e-parent\" data-id=\"f659488\" data-element_type=\"container\">\n\t\t\t\t\t<div class=\"e-con-inner\">\n\t\t\t\t<div class=\"elementor-element elementor-element-294d3a7 elementor-widget elementor-widget-heading\" data-id=\"294d3a7\" data-element_type=\"widget\" data-widget_type=\"heading.default\">\n\t\t\t\t<div class=\"elementor-widget-container\">\n\t\t\t\t\t<h2 class=\"elementor-heading-title elementor-size-default\">Properties that last<\/h2>\t\t\t\t<\/div>\n\t\t\t\t<\/div>\n\t\t\t\t<div class=\"elementor-element elementor-element-9d23aa8 elementor-widget elementor-widget-text-editor\" data-id=\"9d23aa8\" data-element_type=\"widget\" data-widget_type=\"text-editor.default\">\n\t\t\t\t<div class=\"elementor-widget-container\">\n\t\t\t\t\t\t\t\t\t<p>Hydria Group\u2019s philosophy is to own the properties where their operations are conducted, and the combined holdings are managed by this group company. This is part of a long-term approach to create optimal conditions for our companies while also allowing us to focus on environmental issues and energy efficiency. Therefore, we consider it a strength to have extensive collective competence for developing and managing our properties.<\/p>\t\t\t\t\t\t\t\t<\/div>\n\t\t\t\t<\/div>\n\t\t\t\t\t<\/div>\n\t\t\t\t<\/div>\n\t\t<div class=\"elementor-element elementor-element-b5560b3 e-con-full e-flex e-con e-parent\" data-id=\"b5560b3\" data-element_type=\"container\">\n\t\t<div class=\"elementor-element elementor-element-512b1ea e-flex e-con-boxed e-con e-child\" data-id=\"512b1ea\" data-element_type=\"container\" data-settings=\"{&quot;background_background&quot;:&quot;classic&quot;,&quot;position&quot;:&quot;absolute&quot;}\">\n\t\t\t\t\t<div class=\"e-con-inner\">\n\t\t\t\t\t<\/div>\n\t\t\t\t<\/div>\n\t\t<div class=\"elementor-element elementor-element-813008c e-flex e-con-boxed e-con e-child\" data-id=\"813008c\" data-element_type=\"container\" data-settings=\"{&quot;background_background&quot;:&quot;classic&quot;,&quot;position&quot;:&quot;absolute&quot;}\">\n\t\t\t\t\t<div class=\"e-con-inner\">\n\t\t\t\t\t<\/div>\n\t\t\t\t<\/div>\n\t\t<div class=\"elementor-element elementor-element-be7616d e-flex e-con-boxed e-con e-child\" data-id=\"be7616d\" data-element_type=\"container\">\n\t\t\t\t\t<div class=\"e-con-inner\">\n\t\t<div class=\"elementor-element elementor-element-31e0221 e-flex e-con-boxed e-con e-child\" data-id=\"31e0221\" data-element_type=\"container\">\n\t\t\t\t\t<div class=\"e-con-inner\">\n\t\t\t\t<div class=\"elementor-element elementor-element-7d96bde elementor-widget elementor-widget-image\" data-id=\"7d96bde\" data-element_type=\"widget\" data-widget_type=\"image.default\">\n\t\t\t\t<div class=\"elementor-widget-container\">\n\t\t\t\t\t\t\t\t\t\t\t\t\t\t\t\t<a href=\"https:\/\/hydriafastigheter.se\/\" target=\"_blank\">\n\t\t\t\t\t\t\t<img fetchpriority=\"high\" decoding=\"async\" width=\"684\" height=\"188\" src=\"https:\/\/hydria.se\/wp-content\/uploads\/2022\/12\/hf_left_two_rows_white.svg\" class=\"elementor-animation-sink attachment-large size-large wp-image-1373\" alt=\"\" \/>\t\t\t\t\t\t\t\t<\/a>\n\t\t\t\t\t\t\t\t\t\t\t\t\t\t\t<\/div>\n\t\t\t\t<\/div>\n\t\t\t\t\t<\/div>\n\t\t\t\t<\/div>\n\t\t<div class=\"elementor-element elementor-element-8fce150 e-flex e-con-boxed e-con e-child\" data-id=\"8fce150\" data-element_type=\"container\">\n\t\t\t\t\t<div class=\"e-con-inner\">\n\t\t\t\t<div class=\"elementor-element elementor-element-fc8c923 elementor-widget elementor-widget-text-editor\" data-id=\"fc8c923\" data-element_type=\"widget\" data-widget_type=\"text-editor.default\">\n\t\t\t\t<div class=\"elementor-widget-container\">\n\t\t\t\t\t\t\t\t\t<p>Our \u2018real estate\u2019 business segment includes Hydria Fastigheter, based in Bor\u00e5s. They own and manage properties in Bor\u00e5s, Sk\u00f6vde, Oslo and Motala.<\/p>\t\t\t\t\t\t\t\t<\/div>\n\t\t\t\t<\/div>\n\t\t\t\t\t<\/div>\n\t\t\t\t<\/div>\n\t\t\t\t\t<\/div>\n\t\t\t\t<\/div>\n\t\t\t\t<\/div>\n\t\t<div class=\"elementor-element elementor-element-7a17e96 e-flex e-con-boxed e-con e-parent\" data-id=\"7a17e96\" data-element_type=\"container\">\n\t\t\t\t\t<div class=\"e-con-inner\">\n\t\t<div class=\"elementor-element elementor-element-9ae97a2 e-con-full e-flex e-con e-child\" data-id=\"9ae97a2\" data-element_type=\"container\">\n\t\t\t\t<div class=\"elementor-element elementor-element-e0a0e6a elementor-widget elementor-widget-image\" data-id=\"e0a0e6a\" data-element_type=\"widget\" data-widget_type=\"image.default\">\n\t\t\t\t<div class=\"elementor-widget-container\">\n\t\t\t\t\t\t\t\t\t\t\t\t\t\t\t<img decoding=\"async\" width=\"800\" height=\"800\" src=\"https:\/\/hydria.se\/wp-content\/uploads\/2022\/12\/andreas_citat-1024x1024.jpg\" class=\"attachment-large size-large wp-image-1628\" alt=\"\" srcset=\"\" sizes=\"(max-width: 800px) 100vw, 800px\" data-srcset=\"\" \/>\t\t\t\t\t\t\t\t\t\t\t\t\t\t\t<\/div>\n\t\t\t\t<\/div>\n\t\t\t\t<\/div>\n\t\t<div class=\"elementor-element elementor-element-4ff70c0 e-con-full e-flex e-con e-child\" data-id=\"4ff70c0\" data-element_type=\"container\">\n\t\t\t\t<div class=\"elementor-element elementor-element-2f05223 elementor-blockquote--skin-quotation elementor-widget elementor-widget-blockquote\" data-id=\"2f05223\" data-element_type=\"widget\" data-widget_type=\"blockquote.default\">\n\t\t\t\t<div class=\"elementor-widget-container\">\n\t\t\t\t\t\t\t<blockquote class=\"elementor-blockquote\">\n\t\t\t<p class=\"elementor-blockquote__content\">\n\t\t\t\tOwning our properties not only provides a stable foundation for the development of our operations but also for focusing on environmental issues and energy efficiency. Keeping an environmental focus comes naturally to us, and we actively work towards becoming climate neutral.\t\t\t<\/p>\n\t\t\t\t\t\t\t<div class=\"e-q-footer\">\n\t\t\t\t\t\t\t\t\t\t\t<cite class=\"elementor-blockquote__author\">Andreas Barrstrand, CEO Hydria Fastigheter<\/cite>\n\t\t\t\t\t\t\t\t\t\t\t\t\t\t<\/div>\n\t\t\t\t\t<\/blockquote>\n\t\t\t\t\t\t<\/div>\n\t\t\t\t<\/div>\n\t\t\t\t<\/div>\n\t\t\t\t\t<\/div>\n\t\t\t\t<\/div>\n\t\t<div class=\"elementor-element elementor-element-6060302 e-con-full e-flex e-con e-parent\" data-id=\"6060302\" data-element_type=\"container\">\n\t\t<div class=\"elementor-element elementor-element-1521925 e-flex e-con-boxed e-con e-child\" data-id=\"1521925\" data-element_type=\"container\" data-settings=\"{&quot;background_background&quot;:&quot;classic&quot;,&quot;position&quot;:&quot;absolute&quot;}\">\n\t\t\t\t\t<div class=\"e-con-inner\">\n\t\t\t\t\t<\/div>\n\t\t\t\t<\/div>\n\t\t<div class=\"elementor-element elementor-element-efdf093 e-flex e-con-boxed e-con e-child\" data-id=\"efdf093\" data-element_type=\"container\" data-settings=\"{&quot;background_background&quot;:&quot;classic&quot;,&quot;position&quot;:&quot;absolute&quot;}\">\n\t\t\t\t\t<div class=\"e-con-inner\">\n\t\t\t\t\t<\/div>\n\t\t\t\t<\/div>\n\t\t<div class=\"elementor-element elementor-element-ffc8020 e-flex e-con-boxed e-con e-child\" data-id=\"ffc8020\" data-element_type=\"container\" data-settings=\"{&quot;background_background&quot;:&quot;classic&quot;,&quot;position&quot;:&quot;absolute&quot;}\">\n\t\t\t\t\t<div class=\"e-con-inner\">\n\t\t\t\t\t<\/div>\n\t\t\t\t<\/div>\n\t\t\t\t<\/div>\n\t\t\t\t<\/div>","protected":false},"excerpt":{"rendered":"<p>F\u00f6rvaltar fastigheter med fokus p\u00e5 h\u00e5llbarhet Att \u00e4ga och f\u00f6rvalta egna fastigheter \u00e4r klokt. D\u00e5 kan koncernen sj\u00e4lva p\u00e5verka utformning och prestanda, spara energi och utvecklas vidare mot att bli klimatneutrala. 0 kvm Lokalytor 0 kWh Solelsproduktion per \u00e5r (inkl. nya anl\u00e4ggningen i Motala) 0 kvm Solcellsyta Fastigheter som h\u00e5ller i l\u00e4ngden Koncernbolaget f\u00f6rvaltar det [&hellip;]<\/p>","protected":false},"author":1,"featured_media":0,"parent":0,"menu_order":0,"comment_status":"closed","ping_status":"closed","template":"","meta":{"footnotes":""},"class_list":["post-345","page","type-page","status-publish","hentry"],"_links":{"self":[{"href":"https:\/\/hydria.se\/en\/wp-json\/wp\/v2\/pages\/345","targetHints":{"allow":["GET"]}}],"collection":[{"href":"https:\/\/hydria.se\/en\/wp-json\/wp\/v2\/pages"}],"about":[{"href":"https:\/\/hydria.se\/en\/wp-json\/wp\/v2\/types\/page"}],"author":[{"embeddable":true,"href":"https:\/\/hydria.se\/en\/wp-json\/wp\/v2\/users\/1"}],"replies":[{"embeddable":true,"href":"https:\/\/hydria.se\/en\/wp-json\/wp\/v2\/comments?post=345"}],"version-history":[{"count":89,"href":"https:\/\/hydria.se\/en\/wp-json\/wp\/v2\/pages\/345\/revisions"}],"predecessor-version":[{"id":2231,"href":"https:\/\/hydria.se\/en\/wp-json\/wp\/v2\/pages\/345\/revisions\/2231"}],"wp:attachment":[{"href":"https:\/\/hydria.se\/en\/wp-json\/wp\/v2\/media?parent=345"}],"curies":[{"name":"wp","href":"https:\/\/api.w.org\/{rel}","templated":true}]}}