{"id":340,"date":"2022-12-05T14:14:33","date_gmt":"2022-12-05T14:14:33","guid":{"rendered":"https:\/\/hydria.se\/?page_id=340"},"modified":"2025-05-06T12:09:44","modified_gmt":"2025-05-06T12:09:44","slug":"it","status":"publish","type":"page","link":"https:\/\/hydria.se\/en\/it\/","title":{"rendered":"IT"},"content":{"rendered":"<div data-elementor-type=\"wp-page\" data-elementor-id=\"340\" class=\"elementor elementor-340\" data-elementor-post-type=\"page\">\n\t\t\t\t<div class=\"elementor-element elementor-element-3f3a415 e-con-full e-flex e-con e-parent\" data-id=\"3f3a415\" data-element_type=\"container\" data-settings=\"{&quot;background_background&quot;:&quot;classic&quot;}\">\n\t\t<div class=\"elementor-element elementor-element-1641898 e-con-full e-flex e-con e-child\" data-id=\"1641898\" data-element_type=\"container\" data-settings=\"{&quot;background_background&quot;:&quot;classic&quot;}\">\n\t\t<div class=\"elementor-element elementor-element-25919c1 e-flex e-con-boxed e-con e-child\" data-id=\"25919c1\" data-element_type=\"container\">\n\t\t\t\t\t<div class=\"e-con-inner\">\n\t\t\t\t<div class=\"elementor-element elementor-element-6db7beb elementor-widget elementor-widget-heading\" data-id=\"6db7beb\" data-element_type=\"widget\" data-widget_type=\"heading.default\">\n\t\t\t\t<div class=\"elementor-widget-container\">\n\t\t\t\t\t<h1 class=\"elementor-heading-title elementor-size-default\">The smart, strategic partner<\/h1>\t\t\t\t<\/div>\n\t\t\t\t<\/div>\n\t\t\t\t<div class=\"elementor-element elementor-element-03f8689 elementor-widget elementor-widget-text-editor\" data-id=\"03f8689\" data-element_type=\"widget\" data-widget_type=\"text-editor.default\">\n\t\t\t\t<div class=\"elementor-widget-container\">\n\t\t\t\t\t\t\t\t\t<p>Cybers\u00e4kerhet, smart IT och digital utveckling efterfr\u00e5gas av B2B-f\u00f6retag. Genom att f\u00f6rena aff\u00e4rsomr\u00e5dena kan kunden utveckla sitt f\u00f6retag och n\u00e5 sina m\u00e5l.<\/p>\t\t\t\t\t\t\t\t<\/div>\n\t\t\t\t<\/div>\n\t\t\t\t\t<\/div>\n\t\t\t\t<\/div>\n\t\t\t\t<\/div>\n\t\t\t\t<\/div>\n\t\t<div class=\"elementor-element elementor-element-795c43d e-flex e-con-boxed e-con e-parent\" data-id=\"795c43d\" data-element_type=\"container\">\n\t\t\t\t\t<div class=\"e-con-inner\">\n\t\t<div class=\"elementor-element elementor-element-f7d9463 e-con-full e-flex e-con e-child\" data-id=\"f7d9463\" data-element_type=\"container\">\n\t\t\t\t<div class=\"elementor-element elementor-element-a6749c5 elementor-widget elementor-widget-counter\" data-id=\"a6749c5\" data-element_type=\"widget\" data-widget_type=\"counter.default\">\n\t\t\t\t<div class=\"elementor-widget-container\">\n\t\t\t\t\t\t\t<div class=\"elementor-counter\">\n\t\t\t<div class=\"elementor-counter-title\">Oms\u00e4ttning maj 2023-april 2024 (Mkr)<\/div>\t\t\t<div class=\"elementor-counter-number-wrapper\">\n\t\t\t\t<span class=\"elementor-counter-number-prefix\"><\/span>\n\t\t\t\t<span class=\"elementor-counter-number\" data-duration=\"500\" data-to-value=\"30\" data-from-value=\"0\">0<\/span>\n\t\t\t\t<span class=\"elementor-counter-number-suffix\"><\/span>\n\t\t\t<\/div>\n\t\t<\/div>\n\t\t\t\t\t\t<\/div>\n\t\t\t\t<\/div>\n\t\t\t\t<\/div>\n\t\t<div class=\"elementor-element elementor-element-45b1861 e-con-full e-flex e-con e-child\" data-id=\"45b1861\" data-element_type=\"container\">\n\t\t\t\t<div class=\"elementor-element elementor-element-b07be64 elementor-widget elementor-widget-counter\" data-id=\"b07be64\" data-element_type=\"widget\" data-widget_type=\"counter.default\">\n\t\t\t\t<div class=\"elementor-widget-container\">\n\t\t\t\t\t\t\t<div class=\"elementor-counter\">\n\t\t\t<div class=\"elementor-counter-title\">Number of employees<\/div>\t\t\t<div class=\"elementor-counter-number-wrapper\">\n\t\t\t\t<span class=\"elementor-counter-number-prefix\"><\/span>\n\t\t\t\t<span class=\"elementor-counter-number\" data-duration=\"500\" data-to-value=\"25\" data-from-value=\"0\">0<\/span>\n\t\t\t\t<span class=\"elementor-counter-number-suffix\"><\/span>\n\t\t\t<\/div>\n\t\t<\/div>\n\t\t\t\t\t\t<\/div>\n\t\t\t\t<\/div>\n\t\t\t\t<\/div>\n\t\t\t\t\t<\/div>\n\t\t\t\t<\/div>\n\t\t<div class=\"elementor-element elementor-element-70fed36 e-flex e-con-boxed e-con e-parent\" data-id=\"70fed36\" data-element_type=\"container\">\n\t\t\t\t\t<div class=\"e-con-inner\">\n\t\t\t\t<div class=\"elementor-element elementor-element-9e94a53 elementor-widget elementor-widget-heading\" data-id=\"9e94a53\" data-element_type=\"widget\" data-widget_type=\"heading.default\">\n\t\t\t\t<div class=\"elementor-widget-container\">\n\t\t\t\t\t<h2 class=\"elementor-heading-title elementor-size-default\">Smart it som f\u00e5r kunden att v\u00e4xa<\/h2>\t\t\t\t<\/div>\n\t\t\t\t<\/div>\n\t\t\t\t<div class=\"elementor-element elementor-element-6c37a50 elementor-widget elementor-widget-text-editor\" data-id=\"6c37a50\" data-element_type=\"widget\" data-widget_type=\"text-editor.default\">\n\t\t\t\t<div class=\"elementor-widget-container\">\n\t\t\t\t\t\t\t\t\t<p>Behovet av h\u00f6g s\u00e4kerhet och smart it genomsyrar samtliga koncernbolag, men efterfr\u00e5gan finns \u00e4ven externt. D\u00e4rf\u00f6r startade vi en byr\u00e5 som hj\u00e4lper f\u00f6retag att v\u00e4xa. Visionen \u00e4r att forts\u00e4tta v\u00e4xa s\u00e5 att b\u00e5de interna och externa bolag ska n\u00e5 sin potential och v\u00e4xla upp en niv\u00e5.<strong>\u00a0 <\/strong><\/p>\t\t\t\t\t\t\t\t<\/div>\n\t\t\t\t<\/div>\n\t\t\t\t\t<\/div>\n\t\t\t\t<\/div>\n\t\t<div class=\"elementor-element elementor-element-741d7bc e-con-full e-flex e-con e-parent\" data-id=\"741d7bc\" data-element_type=\"container\">\n\t\t<div class=\"elementor-element elementor-element-b96efa6 e-flex e-con-boxed e-con e-child\" data-id=\"b96efa6\" data-element_type=\"container\" data-settings=\"{&quot;background_background&quot;:&quot;classic&quot;,&quot;position&quot;:&quot;absolute&quot;}\">\n\t\t\t\t\t<div class=\"e-con-inner\">\n\t\t\t\t\t<\/div>\n\t\t\t\t<\/div>\n\t\t<div class=\"elementor-element elementor-element-fd2e646 e-flex e-con-boxed e-con e-child\" data-id=\"fd2e646\" data-element_type=\"container\" data-settings=\"{&quot;background_background&quot;:&quot;classic&quot;,&quot;position&quot;:&quot;absolute&quot;}\">\n\t\t\t\t\t<div class=\"e-con-inner\">\n\t\t\t\t\t<\/div>\n\t\t\t\t<\/div>\n\t\t<div class=\"elementor-element elementor-element-d92a233 e-flex e-con-boxed e-con e-child\" data-id=\"d92a233\" data-element_type=\"container\">\n\t\t\t\t\t<div class=\"e-con-inner\">\n\t\t<div class=\"elementor-element elementor-element-5f4716f e-flex e-con-boxed e-con e-child\" data-id=\"5f4716f\" data-element_type=\"container\">\n\t\t\t\t\t<div class=\"e-con-inner\">\n\t\t\t\t<div class=\"elementor-element elementor-element-6405b3c elementor-widget elementor-widget-image\" data-id=\"6405b3c\" data-element_type=\"widget\" data-widget_type=\"image.default\">\n\t\t\t\t<div class=\"elementor-widget-container\">\n\t\t\t\t\t\t\t\t\t\t\t\t\t\t\t\t<a href=\"https:\/\/techstn.se\/\" target=\"_blank\">\n\t\t\t\t\t\t\t<img fetchpriority=\"high\" decoding=\"async\" width=\"800\" height=\"144\" src=\"https:\/\/hydria.se\/wp-content\/uploads\/2024\/10\/TechStn_white-1024x184-1.png\" class=\"elementor-animation-sink attachment-large size-large wp-image-2327\" alt=\"\" srcset=\"https:\/\/hydria.se\/wp-content\/uploads\/2024\/10\/TechStn_white-1024x184-1.png 1024w, https:\/\/hydria.se\/wp-content\/uploads\/2024\/10\/TechStn_white-1024x184-1-300x54.png 300w, https:\/\/hydria.se\/wp-content\/uploads\/2024\/10\/TechStn_white-1024x184-1-768x138.png 768w, https:\/\/hydria.se\/wp-content\/uploads\/2024\/10\/TechStn_white-1024x184-1-18x3.png 18w\" sizes=\"(max-width: 800px) 100vw, 800px\" \/>\t\t\t\t\t\t\t\t<\/a>\n\t\t\t\t\t\t\t\t\t\t\t\t\t\t\t<\/div>\n\t\t\t\t<\/div>\n\t\t\t\t\t<\/div>\n\t\t\t\t<\/div>\n\t\t<div class=\"elementor-element elementor-element-e2cb127 e-flex e-con-boxed e-con e-child\" data-id=\"e2cb127\" data-element_type=\"container\">\n\t\t\t\t\t<div class=\"e-con-inner\">\n\t\t\t\t<div class=\"elementor-element elementor-element-a1f2458 elementor-widget elementor-widget-text-editor\" data-id=\"a1f2458\" data-element_type=\"widget\" data-widget_type=\"text-editor.default\">\n\t\t\t\t<div class=\"elementor-widget-container\">\n\t\t\t\t\t\t\t\t\t<p>I aff\u00e4rsomr\u00e5det IT ing\u00e5r Tech Stn. Bolaget har sitt s\u00e4te i Bor\u00e5s och verkar i V\u00e4stsverige med omnejd.<\/p>\t\t\t\t\t\t\t\t<\/div>\n\t\t\t\t<\/div>\n\t\t\t\t\t<\/div>\n\t\t\t\t<\/div>\n\t\t\t\t\t<\/div>\n\t\t\t\t<\/div>\n\t\t\t\t<\/div>\n\t\t<div class=\"elementor-element elementor-element-23c4168 e-flex e-con-boxed e-con e-parent\" data-id=\"23c4168\" data-element_type=\"container\">\n\t\t\t\t\t<div class=\"e-con-inner\">\n\t\t<div class=\"elementor-element elementor-element-bd70b33 e-con-full e-flex e-con e-child\" data-id=\"bd70b33\" data-element_type=\"container\">\n\t\t\t\t<div class=\"elementor-element elementor-element-04c32c1 elementor-widget elementor-widget-image\" data-id=\"04c32c1\" data-element_type=\"widget\" data-widget_type=\"image.default\">\n\t\t\t\t<div class=\"elementor-widget-container\">\n\t\t\t\t\t\t\t\t\t\t\t\t\t\t\t<img decoding=\"async\" src=\"https:\/\/hydria.se\/wp-content\/uploads\/elementor\/thumbs\/tobias_citat-qww3plu7i69fyuhu410nid4rl2ba2nqie73psyhdds.jpg\" title=\"tobias_citat.jpg\" alt=\"tobias_citat.jpg\" loading=\"lazy\" \/>\t\t\t\t\t\t\t\t\t\t\t\t\t\t\t<\/div>\n\t\t\t\t<\/div>\n\t\t\t\t<\/div>\n\t\t<div class=\"elementor-element elementor-element-931a52e e-con-full e-flex e-con e-child\" data-id=\"931a52e\" data-element_type=\"container\">\n\t\t\t\t<div class=\"elementor-element elementor-element-6a998bb elementor-blockquote--skin-quotation elementor-widget elementor-widget-blockquote\" data-id=\"6a998bb\" data-element_type=\"widget\" data-widget_type=\"blockquote.default\">\n\t\t\t\t<div class=\"elementor-widget-container\">\n\t\t\t\t\t\t\t<blockquote class=\"elementor-blockquote\">\n\t\t\t<p class=\"elementor-blockquote__content\">\n\t\t\t\tGenom att vara n\u00e4ra kunden f\u00f6rst\u00e5r vi l\u00e4ttare deras aff\u00e4r. Tech Stn \u00e4r en strategisk partner inom IT, digital utveckling och cybers\u00e4kerhet och erbjuder helhetsl\u00f6sningar och spetskompetens som ger aff\u00e4rsnytta.\t\t\t<\/p>\n\t\t\t\t\t\t\t<div class=\"e-q-footer\">\n\t\t\t\t\t\t\t\t\t\t\t<cite class=\"elementor-blockquote__author\">Tobias Barrstrand, CEO Tech Stn.<\/cite>\n\t\t\t\t\t\t\t\t\t\t\t\t\t\t<\/div>\n\t\t\t\t\t<\/blockquote>\n\t\t\t\t\t\t<\/div>\n\t\t\t\t<\/div>\n\t\t\t\t<\/div>\n\t\t\t\t\t<\/div>\n\t\t\t\t<\/div>\n\t\t<div class=\"elementor-element elementor-element-f50f66b e-con-full e-flex e-con e-parent\" data-id=\"f50f66b\" data-element_type=\"container\">\n\t\t<div class=\"elementor-element elementor-element-ba60851 e-flex e-con-boxed e-con e-child\" data-id=\"ba60851\" data-element_type=\"container\" data-settings=\"{&quot;background_background&quot;:&quot;classic&quot;,&quot;position&quot;:&quot;absolute&quot;}\">\n\t\t\t\t\t<div class=\"e-con-inner\">\n\t\t\t\t\t<\/div>\n\t\t\t\t<\/div>\n\t\t<div class=\"elementor-element elementor-element-a11f5bd e-flex e-con-boxed e-con e-child\" data-id=\"a11f5bd\" data-element_type=\"container\" data-settings=\"{&quot;background_background&quot;:&quot;classic&quot;,&quot;position&quot;:&quot;absolute&quot;}\">\n\t\t\t\t\t<div class=\"e-con-inner\">\n\t\t\t\t\t<\/div>\n\t\t\t\t<\/div>\n\t\t<div class=\"elementor-element elementor-element-f85fc3c e-flex e-con-boxed e-con e-child\" data-id=\"f85fc3c\" data-element_type=\"container\" data-settings=\"{&quot;background_background&quot;:&quot;classic&quot;,&quot;position&quot;:&quot;absolute&quot;}\">\n\t\t\t\t\t<div class=\"e-con-inner\">\n\t\t\t\t\t<\/div>\n\t\t\t\t<\/div>\n\t\t\t\t<\/div>\n\t\t\t\t<\/div>","protected":false},"excerpt":{"rendered":"<p>Den smarta strategiska partnern Cybers\u00e4kerhet, smart IT och digital utveckling efterfr\u00e5gas av B2B-f\u00f6retag. Genom att f\u00f6rena aff\u00e4rsomr\u00e5dena kan kunden utveckla sitt f\u00f6retag och n\u00e5 sina m\u00e5l. Oms\u00e4ttning maj 2023-april 2024 (Mkr) 0 Antal anst\u00e4llda 0 Smart it som f\u00e5r kunden att v\u00e4xa Behovet av h\u00f6g s\u00e4kerhet och smart it genomsyrar samtliga koncernbolag, men efterfr\u00e5gan finns [&hellip;]<\/p>","protected":false},"author":1,"featured_media":0,"parent":0,"menu_order":0,"comment_status":"closed","ping_status":"closed","template":"","meta":{"footnotes":""},"class_list":["post-340","page","type-page","status-publish","hentry"],"_links":{"self":[{"href":"https:\/\/hydria.se\/en\/wp-json\/wp\/v2\/pages\/340","targetHints":{"allow":["GET"]}}],"collection":[{"href":"https:\/\/hydria.se\/en\/wp-json\/wp\/v2\/pages"}],"about":[{"href":"https:\/\/hydria.se\/en\/wp-json\/wp\/v2\/types\/page"}],"author":[{"embeddable":true,"href":"https:\/\/hydria.se\/en\/wp-json\/wp\/v2\/users\/1"}],"replies":[{"embeddable":true,"href":"https:\/\/hydria.se\/en\/wp-json\/wp\/v2\/comments?post=340"}],"version-history":[{"count":79,"href":"https:\/\/hydria.se\/en\/wp-json\/wp\/v2\/pages\/340\/revisions"}],"predecessor-version":[{"id":2600,"href":"https:\/\/hydria.se\/en\/wp-json\/wp\/v2\/pages\/340\/revisions\/2600"}],"wp:attachment":[{"href":"https:\/\/hydria.se\/en\/wp-json\/wp\/v2\/media?parent=340"}],"curies":[{"name":"wp","href":"https:\/\/api.w.org\/{rel}","templated":true}]}}