{"id":335,"date":"2022-12-05T14:13:25","date_gmt":"2022-12-05T14:13:25","guid":{"rendered":"https:\/\/hydria.se\/?page_id=335"},"modified":"2024-08-23T07:17:10","modified_gmt":"2024-08-23T07:17:10","slug":"skog","status":"publish","type":"page","link":"https:\/\/hydria.se\/en\/skog\/","title":{"rendered":"Forestry"},"content":{"rendered":"<div data-elementor-type=\"wp-page\" data-elementor-id=\"335\" class=\"elementor elementor-335\" data-elementor-post-type=\"page\">\n\t\t\t\t<div class=\"elementor-element elementor-element-d5334a6 e-con-full e-flex e-con e-parent\" data-id=\"d5334a6\" data-element_type=\"container\" data-settings=\"{&quot;background_background&quot;:&quot;classic&quot;}\">\n\t\t<div class=\"elementor-element elementor-element-86fdae1 e-con-full e-flex e-con e-child\" data-id=\"86fdae1\" data-element_type=\"container\" data-settings=\"{&quot;background_background&quot;:&quot;classic&quot;}\">\n\t\t<div class=\"elementor-element elementor-element-18953e9 e-flex e-con-boxed e-con e-child\" data-id=\"18953e9\" data-element_type=\"container\">\n\t\t\t\t\t<div class=\"e-con-inner\">\n\t\t\t\t<div class=\"elementor-element elementor-element-0aca372 elementor-widget elementor-widget-heading\" data-id=\"0aca372\" data-element_type=\"widget\" data-widget_type=\"heading.default\">\n\t\t\t\t<div class=\"elementor-widget-container\">\n\t\t\t\t\t<h1 class=\"elementor-heading-title elementor-size-default\">Strategic partner for sustainable forestry<\/h1>\t\t\t\t<\/div>\n\t\t\t\t<\/div>\n\t\t\t\t<div class=\"elementor-element elementor-element-aabb397 elementor-widget elementor-widget-text-editor\" data-id=\"aabb397\" data-element_type=\"widget\" data-widget_type=\"text-editor.default\">\n\t\t\t\t<div class=\"elementor-widget-container\">\n\t\t\t\t\t\t\t\t\t<p>In Sweden, forestry is vital and represents a large portion of the country\u2019s exports. When forest owners know their forests properly and realize their value, they can achieve stable returns that will benefit future generations.<\/p>\t\t\t\t\t\t\t\t<\/div>\n\t\t\t\t<\/div>\n\t\t\t\t\t<\/div>\n\t\t\t\t<\/div>\n\t\t\t\t<\/div>\n\t\t\t\t<\/div>\n\t\t<div class=\"elementor-element elementor-element-df62651 e-flex e-con-boxed e-con e-parent\" data-id=\"df62651\" data-element_type=\"container\">\n\t\t\t\t\t<div class=\"e-con-inner\">\n\t\t<div class=\"elementor-element elementor-element-f04915a e-con-full e-flex e-con e-child\" data-id=\"f04915a\" data-element_type=\"container\">\n\t\t\t\t<div class=\"elementor-element elementor-element-6b82d48 elementor-widget elementor-widget-counter\" data-id=\"6b82d48\" data-element_type=\"widget\" data-widget_type=\"counter.default\">\n\t\t\t\t<div class=\"elementor-widget-container\">\n\t\t\t\t\t\t\t<div class=\"elementor-counter\">\n\t\t\t<div class=\"elementor-counter-title\">Oms\u00e4ttning maj 2023-april 2024 (Mkr)<\/div>\t\t\t<div class=\"elementor-counter-number-wrapper\">\n\t\t\t\t<span class=\"elementor-counter-number-prefix\"><\/span>\n\t\t\t\t<span class=\"elementor-counter-number\" data-duration=\"500\" data-to-value=\"10\" data-from-value=\"0\">0<\/span>\n\t\t\t\t<span class=\"elementor-counter-number-suffix\"><\/span>\n\t\t\t<\/div>\n\t\t<\/div>\n\t\t\t\t\t\t<\/div>\n\t\t\t\t<\/div>\n\t\t\t\t<\/div>\n\t\t<div class=\"elementor-element elementor-element-bb49b50 e-con-full e-flex e-con e-child\" data-id=\"bb49b50\" data-element_type=\"container\">\n\t\t\t\t<div class=\"elementor-element elementor-element-1e25f45 elementor-widget elementor-widget-counter\" data-id=\"1e25f45\" data-element_type=\"widget\" data-widget_type=\"counter.default\">\n\t\t\t\t<div class=\"elementor-widget-container\">\n\t\t\t\t\t\t\t<div class=\"elementor-counter\">\n\t\t\t<div class=\"elementor-counter-title\">Number of employees<\/div>\t\t\t<div class=\"elementor-counter-number-wrapper\">\n\t\t\t\t<span class=\"elementor-counter-number-prefix\"><\/span>\n\t\t\t\t<span class=\"elementor-counter-number\" data-duration=\"500\" data-to-value=\"12\" data-from-value=\"0\">0<\/span>\n\t\t\t\t<span class=\"elementor-counter-number-suffix\"><\/span>\n\t\t\t<\/div>\n\t\t<\/div>\n\t\t\t\t\t\t<\/div>\n\t\t\t\t<\/div>\n\t\t\t\t<\/div>\n\t\t\t\t\t<\/div>\n\t\t\t\t<\/div>\n\t\t<div class=\"elementor-element elementor-element-fd43733 e-flex e-con-boxed e-con e-parent\" data-id=\"fd43733\" data-element_type=\"container\">\n\t\t\t\t\t<div class=\"e-con-inner\">\n\t\t\t\t<div class=\"elementor-element elementor-element-a62ef04 elementor-widget elementor-widget-heading\" data-id=\"a62ef04\" data-element_type=\"widget\" data-widget_type=\"heading.default\">\n\t\t\t\t<div class=\"elementor-widget-container\">\n\t\t\t\t\t<h2 class=\"elementor-heading-title elementor-size-default\">Forestry with long-term benefits<\/h2>\t\t\t\t<\/div>\n\t\t\t\t<\/div>\n\t\t\t\t<div class=\"elementor-element elementor-element-031ebeb elementor-widget elementor-widget-text-editor\" data-id=\"031ebeb\" data-element_type=\"widget\" data-widget_type=\"text-editor.default\">\n\t\t\t\t<div class=\"elementor-widget-container\">\n\t\t\t\t\t\t\t\t\t<p>Today, we practice a form of sustainable forestry where many aspects and interests must be taken into consideration, such as biological diversity, water quality, climate change, economic growth and recreation. Our vision is for all forest owners to understand their forest's potential and their opportunities to achieve sustainable forestry. Therefore, the group company performs forest analyses, creates forest management plans, and acts as a consultant to create financial benefits for customers.\u00a0<\/p>\t\t\t\t\t\t\t\t<\/div>\n\t\t\t\t<\/div>\n\t\t\t\t\t<\/div>\n\t\t\t\t<\/div>\n\t\t<div class=\"elementor-element elementor-element-3195f32 e-con-full e-flex e-con e-parent\" data-id=\"3195f32\" data-element_type=\"container\">\n\t\t<div class=\"elementor-element elementor-element-2d13d17 e-flex e-con-boxed e-con e-child\" data-id=\"2d13d17\" data-element_type=\"container\" data-settings=\"{&quot;background_background&quot;:&quot;classic&quot;,&quot;position&quot;:&quot;absolute&quot;}\">\n\t\t\t\t\t<div class=\"e-con-inner\">\n\t\t\t\t\t<\/div>\n\t\t\t\t<\/div>\n\t\t<div class=\"elementor-element elementor-element-de34e58 e-flex e-con-boxed e-con e-child\" data-id=\"de34e58\" data-element_type=\"container\" data-settings=\"{&quot;background_background&quot;:&quot;classic&quot;,&quot;position&quot;:&quot;absolute&quot;}\">\n\t\t\t\t\t<div class=\"e-con-inner\">\n\t\t\t\t\t<\/div>\n\t\t\t\t<\/div>\n\t\t<div class=\"elementor-element elementor-element-8ffd88f e-flex e-con-boxed e-con e-child\" data-id=\"8ffd88f\" data-element_type=\"container\">\n\t\t\t\t\t<div class=\"e-con-inner\">\n\t\t<div class=\"elementor-element elementor-element-685bd67 e-flex e-con-boxed e-con e-child\" data-id=\"685bd67\" data-element_type=\"container\">\n\t\t\t\t\t<div class=\"e-con-inner\">\n\t\t\t\t<div class=\"elementor-element elementor-element-65fa510 elementor-widget elementor-widget-image\" data-id=\"65fa510\" data-element_type=\"widget\" data-widget_type=\"image.default\">\n\t\t\t\t<div class=\"elementor-widget-container\">\n\t\t\t\t\t\t\t\t\t\t\t\t\t\t\t\t<a href=\"https:\/\/skogspartner.se\/\" target=\"_blank\">\n\t\t\t\t\t\t\t<img fetchpriority=\"high\" decoding=\"async\" width=\"800\" height=\"354\" src=\"https:\/\/hydria.se\/wp-content\/uploads\/2024\/07\/skogspartner_neg-1024x453.png\" class=\"elementor-animation-hang attachment-large size-large wp-image-2266\" alt=\"\" srcset=\"https:\/\/hydria.se\/wp-content\/uploads\/2024\/07\/skogspartner_neg-1024x453.png 1024w, https:\/\/hydria.se\/wp-content\/uploads\/2024\/07\/skogspartner_neg-300x133.png 300w, https:\/\/hydria.se\/wp-content\/uploads\/2024\/07\/skogspartner_neg-768x340.png 768w, https:\/\/hydria.se\/wp-content\/uploads\/2024\/07\/skogspartner_neg-18x8.png 18w, https:\/\/hydria.se\/wp-content\/uploads\/2024\/07\/skogspartner_neg.png 1440w\" sizes=\"(max-width: 800px) 100vw, 800px\" \/>\t\t\t\t\t\t\t\t<\/a>\n\t\t\t\t\t\t\t\t\t\t\t\t\t\t\t<\/div>\n\t\t\t\t<\/div>\n\t\t\t\t\t<\/div>\n\t\t\t\t<\/div>\n\t\t<div class=\"elementor-element elementor-element-217f604 e-flex e-con-boxed e-con e-child\" data-id=\"217f604\" data-element_type=\"container\">\n\t\t\t\t\t<div class=\"e-con-inner\">\n\t\t\t\t<div class=\"elementor-element elementor-element-9f53aef elementor-widget elementor-widget-text-editor\" data-id=\"9f53aef\" data-element_type=\"widget\" data-widget_type=\"text-editor.default\">\n\t\t\t\t<div class=\"elementor-widget-container\">\n\t\t\t\t\t\t\t\t\t<p>Our forestry segment includes Skogspartner which is based in Bor\u00e5s but operates throughout Sweden.<\/p>\t\t\t\t\t\t\t\t<\/div>\n\t\t\t\t<\/div>\n\t\t\t\t\t<\/div>\n\t\t\t\t<\/div>\n\t\t\t\t\t<\/div>\n\t\t\t\t<\/div>\n\t\t\t\t<\/div>\n\t\t<div class=\"elementor-element elementor-element-7345dcd e-flex e-con-boxed e-con e-parent\" data-id=\"7345dcd\" data-element_type=\"container\">\n\t\t\t\t\t<div class=\"e-con-inner\">\n\t\t<div class=\"elementor-element elementor-element-846494a e-con-full e-flex e-con e-child\" data-id=\"846494a\" data-element_type=\"container\">\n\t\t\t\t<div class=\"elementor-element elementor-element-efe29a4 elementor-widget elementor-widget-image\" data-id=\"efe29a4\" data-element_type=\"widget\" data-widget_type=\"image.default\">\n\t\t\t\t<div class=\"elementor-widget-container\">\n\t\t\t\t\t\t\t\t\t\t\t\t\t\t\t<img decoding=\"async\" width=\"800\" height=\"800\" src=\"https:\/\/hydria.se\/wp-content\/uploads\/2022\/12\/johan_citat-1024x1024.jpg\" class=\"attachment-large size-large wp-image-1620\" alt=\"\" srcset=\"\" sizes=\"(max-width: 800px) 100vw, 800px\" data-srcset=\"\" \/>\t\t\t\t\t\t\t\t\t\t\t\t\t\t\t<\/div>\n\t\t\t\t<\/div>\n\t\t\t\t<\/div>\n\t\t<div class=\"elementor-element elementor-element-8cf456f e-con-full e-flex e-con e-child\" data-id=\"8cf456f\" data-element_type=\"container\">\n\t\t\t\t<div class=\"elementor-element elementor-element-f40b861 elementor-blockquote--skin-quotation elementor-widget elementor-widget-blockquote\" data-id=\"f40b861\" data-element_type=\"widget\" data-widget_type=\"blockquote.default\">\n\t\t\t\t<div class=\"elementor-widget-container\">\n\t\t\t\t\t\t\t<blockquote class=\"elementor-blockquote\">\n\t\t\t<p class=\"elementor-blockquote__content\">\n\t\t\t\tWe are an independent knowledge-based company with a committed forest-savvy team that provides qualified guidance on forest questions. We are appointed as consultants and strategic advisors by forest owners, forest companies, forest owners\u2019 associations and forest management companies.\t\t\t<\/p>\n\t\t\t\t\t\t\t<div class=\"e-q-footer\">\n\t\t\t\t\t\t\t\t\t\t\t<cite class=\"elementor-blockquote__author\">Johan Johansson, CEO Skogspartner<\/cite>\n\t\t\t\t\t\t\t\t\t\t\t\t\t\t<\/div>\n\t\t\t\t\t<\/blockquote>\n\t\t\t\t\t\t<\/div>\n\t\t\t\t<\/div>\n\t\t\t\t<\/div>\n\t\t\t\t\t<\/div>\n\t\t\t\t<\/div>\n\t\t<div class=\"elementor-element elementor-element-e7ac802 e-con-full e-flex e-con e-parent\" data-id=\"e7ac802\" data-element_type=\"container\">\n\t\t<div class=\"elementor-element elementor-element-a150a68 e-flex e-con-boxed e-con e-child\" data-id=\"a150a68\" data-element_type=\"container\" data-settings=\"{&quot;background_background&quot;:&quot;classic&quot;,&quot;position&quot;:&quot;absolute&quot;}\">\n\t\t\t\t\t<div class=\"e-con-inner\">\n\t\t\t\t\t<\/div>\n\t\t\t\t<\/div>\n\t\t<div class=\"elementor-element elementor-element-f3c8076 e-flex e-con-boxed e-con e-child\" data-id=\"f3c8076\" data-element_type=\"container\" data-settings=\"{&quot;background_background&quot;:&quot;classic&quot;,&quot;position&quot;:&quot;absolute&quot;}\">\n\t\t\t\t\t<div class=\"e-con-inner\">\n\t\t\t\t\t<\/div>\n\t\t\t\t<\/div>\n\t\t<div class=\"elementor-element elementor-element-1a58de9 e-flex e-con-boxed e-con e-child\" data-id=\"1a58de9\" data-element_type=\"container\" data-settings=\"{&quot;background_background&quot;:&quot;classic&quot;,&quot;position&quot;:&quot;absolute&quot;}\">\n\t\t\t\t\t<div class=\"e-con-inner\">\n\t\t\t\t\t<\/div>\n\t\t\t\t<\/div>\n\t\t\t\t<\/div>\n\t\t\t\t<\/div>","protected":false},"excerpt":{"rendered":"<p>Strategisk skogspartner f\u00f6r ett h\u00e5llbart skogsbruk Skogsn\u00e4ringen \u00e4r viktig f\u00f6r Sverige och en stor del av landets export. Genom att skogs\u00e4garna l\u00e4r k\u00e4nna sin skog och ser dess v\u00e4rden kan de f\u00e5 en j\u00e4mn avkastning som gagnar kommande generationer. Oms\u00e4ttning maj 2023-april 2024 (Mkr) 0 Antal anst\u00e4llda 0 Skogsbruk som skapar nytta \u00f6ver tid Skogen [&hellip;]<\/p>","protected":false},"author":1,"featured_media":0,"parent":0,"menu_order":0,"comment_status":"closed","ping_status":"closed","template":"","meta":{"footnotes":""},"class_list":["post-335","page","type-page","status-publish","hentry"],"_links":{"self":[{"href":"https:\/\/hydria.se\/en\/wp-json\/wp\/v2\/pages\/335","targetHints":{"allow":["GET"]}}],"collection":[{"href":"https:\/\/hydria.se\/en\/wp-json\/wp\/v2\/pages"}],"about":[{"href":"https:\/\/hydria.se\/en\/wp-json\/wp\/v2\/types\/page"}],"author":[{"embeddable":true,"href":"https:\/\/hydria.se\/en\/wp-json\/wp\/v2\/users\/1"}],"replies":[{"embeddable":true,"href":"https:\/\/hydria.se\/en\/wp-json\/wp\/v2\/comments?post=335"}],"version-history":[{"count":82,"href":"https:\/\/hydria.se\/en\/wp-json\/wp\/v2\/pages\/335\/revisions"}],"predecessor-version":[{"id":2293,"href":"https:\/\/hydria.se\/en\/wp-json\/wp\/v2\/pages\/335\/revisions\/2293"}],"wp:attachment":[{"href":"https:\/\/hydria.se\/en\/wp-json\/wp\/v2\/media?parent=335"}],"curies":[{"name":"wp","href":"https:\/\/api.w.org\/{rel}","templated":true}]}}