{"id":330,"date":"2022-12-05T14:11:08","date_gmt":"2022-12-05T14:11:08","guid":{"rendered":"https:\/\/hydria.se\/?page_id=330"},"modified":"2024-08-23T07:16:20","modified_gmt":"2024-08-23T07:16:20","slug":"vatten","status":"publish","type":"page","link":"https:\/\/hydria.se\/en\/vatten\/","title":{"rendered":"Water"},"content":{"rendered":"<div data-elementor-type=\"wp-page\" data-elementor-id=\"330\" class=\"elementor elementor-330\" data-elementor-post-type=\"page\">\n\t\t\t\t<div class=\"elementor-element elementor-element-33dcf07 e-con-full e-flex e-con e-parent\" data-id=\"33dcf07\" data-element_type=\"container\" data-settings=\"{&quot;background_background&quot;:&quot;classic&quot;}\">\n\t\t<div class=\"elementor-element elementor-element-d792745 e-con-full e-flex e-con e-child\" data-id=\"d792745\" data-element_type=\"container\" data-settings=\"{&quot;background_background&quot;:&quot;classic&quot;}\">\n\t\t<div class=\"elementor-element elementor-element-eaf6b61 e-flex e-con-boxed e-con e-child\" data-id=\"eaf6b61\" data-element_type=\"container\">\n\t\t\t\t\t<div class=\"e-con-inner\">\n\t\t\t\t<div class=\"elementor-element elementor-element-c030d9f elementor-widget elementor-widget-heading\" data-id=\"c030d9f\" data-element_type=\"widget\" data-widget_type=\"heading.default\">\n\t\t\t\t<div class=\"elementor-widget-container\">\n\t\t\t\t\t<h1 class=\"elementor-heading-title elementor-size-default\">From wastewater to a resource<\/h1>\t\t\t\t<\/div>\n\t\t\t\t<\/div>\n\t\t\t\t<div class=\"elementor-element elementor-element-fbfc49a elementor-widget elementor-widget-text-editor\" data-id=\"fbfc49a\" data-element_type=\"widget\" data-widget_type=\"text-editor.default\">\n\t\t\t\t<div class=\"elementor-widget-container\">\n\t\t\t\t\t\t\t\t\t<p>By developing innovative solutions that make customers' facilities more efficient, an important natural resource is reused to contribute to a sustainable future.<\/p>\t\t\t\t\t\t\t\t<\/div>\n\t\t\t\t<\/div>\n\t\t\t\t\t<\/div>\n\t\t\t\t<\/div>\n\t\t\t\t<\/div>\n\t\t\t\t<\/div>\n\t\t<div class=\"elementor-element elementor-element-d71e90a e-flex e-con-boxed e-con e-parent\" data-id=\"d71e90a\" data-element_type=\"container\">\n\t\t\t\t\t<div class=\"e-con-inner\">\n\t\t<div class=\"elementor-element elementor-element-d403c2f e-con-full e-flex e-con e-child\" data-id=\"d403c2f\" data-element_type=\"container\">\n\t\t\t\t<div class=\"elementor-element elementor-element-d44ccfa elementor-widget elementor-widget-counter\" data-id=\"d44ccfa\" data-element_type=\"widget\" data-widget_type=\"counter.default\">\n\t\t\t\t<div class=\"elementor-widget-container\">\n\t\t\t\t\t\t\t<div class=\"elementor-counter\">\n\t\t\t<div class=\"elementor-counter-title\">Oms\u00e4ttning maj 2023-april 2024 (Mkr)<\/div>\t\t\t<div class=\"elementor-counter-number-wrapper\">\n\t\t\t\t<span class=\"elementor-counter-number-prefix\"><\/span>\n\t\t\t\t<span class=\"elementor-counter-number\" data-duration=\"500\" data-to-value=\"135\" data-from-value=\"0\">0<\/span>\n\t\t\t\t<span class=\"elementor-counter-number-suffix\"><\/span>\n\t\t\t<\/div>\n\t\t<\/div>\n\t\t\t\t\t\t<\/div>\n\t\t\t\t<\/div>\n\t\t\t\t<\/div>\n\t\t<div class=\"elementor-element elementor-element-c51b9e0 e-con-full e-flex e-con e-child\" data-id=\"c51b9e0\" data-element_type=\"container\">\n\t\t\t\t<div class=\"elementor-element elementor-element-cde0608 elementor-widget elementor-widget-counter\" data-id=\"cde0608\" data-element_type=\"widget\" data-widget_type=\"counter.default\">\n\t\t\t\t<div class=\"elementor-widget-container\">\n\t\t\t\t\t\t\t<div class=\"elementor-counter\">\n\t\t\t<div class=\"elementor-counter-title\">Number of employees<\/div>\t\t\t<div class=\"elementor-counter-number-wrapper\">\n\t\t\t\t<span class=\"elementor-counter-number-prefix\"><\/span>\n\t\t\t\t<span class=\"elementor-counter-number\" data-duration=\"500\" data-to-value=\"56\" data-from-value=\"0\">0<\/span>\n\t\t\t\t<span class=\"elementor-counter-number-suffix\"><\/span>\n\t\t\t<\/div>\n\t\t<\/div>\n\t\t\t\t\t\t<\/div>\n\t\t\t\t<\/div>\n\t\t\t\t<\/div>\n\t\t\t\t\t<\/div>\n\t\t\t\t<\/div>\n\t\t<div class=\"elementor-element elementor-element-6bffc3e e-flex e-con-boxed e-con e-parent\" data-id=\"6bffc3e\" data-element_type=\"container\">\n\t\t\t\t\t<div class=\"e-con-inner\">\n\t\t\t\t<div class=\"elementor-element elementor-element-07288a7 elementor-widget elementor-widget-heading\" data-id=\"07288a7\" data-element_type=\"widget\" data-widget_type=\"heading.default\">\n\t\t\t\t<div class=\"elementor-widget-container\">\n\t\t\t\t\t<h2 class=\"elementor-heading-title elementor-size-default\">Swedish production with international operations<\/h2>\t\t\t\t<\/div>\n\t\t\t\t<\/div>\n\t\t\t\t<div class=\"elementor-element elementor-element-318428b elementor-widget elementor-widget-text-editor\" data-id=\"318428b\" data-element_type=\"widget\" data-widget_type=\"text-editor.default\">\n\t\t\t\t<div class=\"elementor-widget-container\">\n\t\t\t\t\t\t\t\t\t<p>Our group company provides innovative technology that separates particles from wastewater and prepares the water for the next step of the treatment process. By manufacturing sustainable products in our local production plant and utilizing great expertise and curiosity for the future, they are part of the process that transforms wastewater into a resource. Sweden is known for its clean lakes and credited to being one of the countries with the cleanest water in the world. This is a legacy we want to convey globally through market-leading and high-quality water treatment solutions.<\/p>\t\t\t\t\t\t\t\t<\/div>\n\t\t\t\t<\/div>\n\t\t\t\t\t<\/div>\n\t\t\t\t<\/div>\n\t\t<div class=\"elementor-element elementor-element-4024f7c e-con-full e-flex e-con e-parent\" data-id=\"4024f7c\" data-element_type=\"container\">\n\t\t<div class=\"elementor-element elementor-element-832d26a e-flex e-con-boxed e-con e-child\" data-id=\"832d26a\" data-element_type=\"container\" data-settings=\"{&quot;background_background&quot;:&quot;classic&quot;,&quot;position&quot;:&quot;absolute&quot;}\">\n\t\t\t\t\t<div class=\"e-con-inner\">\n\t\t\t\t\t<\/div>\n\t\t\t\t<\/div>\n\t\t<div class=\"elementor-element elementor-element-98b912b e-flex e-con-boxed e-con e-child\" data-id=\"98b912b\" data-element_type=\"container\" data-settings=\"{&quot;background_background&quot;:&quot;classic&quot;,&quot;position&quot;:&quot;absolute&quot;}\">\n\t\t\t\t\t<div class=\"e-con-inner\">\n\t\t\t\t\t<\/div>\n\t\t\t\t<\/div>\n\t\t<div class=\"elementor-element elementor-element-4865aaa e-flex e-con-boxed e-con e-child\" data-id=\"4865aaa\" data-element_type=\"container\">\n\t\t\t\t\t<div class=\"e-con-inner\">\n\t\t<div class=\"elementor-element elementor-element-41c34f2 e-flex e-con-boxed e-con e-child\" data-id=\"41c34f2\" data-element_type=\"container\">\n\t\t\t\t\t<div class=\"e-con-inner\">\n\t\t\t\t<div class=\"elementor-element elementor-element-8c6fd50 elementor-widget elementor-widget-image\" data-id=\"8c6fd50\" data-element_type=\"widget\" data-widget_type=\"image.default\">\n\t\t\t\t<div class=\"elementor-widget-container\">\n\t\t\t\t\t\t\t\t\t\t\t\t\t\t\t\t<a href=\"https:\/\/hydriawater.com\/\" target=\"_blank\">\n\t\t\t\t\t\t\t<img fetchpriority=\"high\" decoding=\"async\" width=\"800\" height=\"229\" src=\"https:\/\/hydria.se\/wp-content\/uploads\/2022\/11\/HydriaWater_logo_neg_vit.svg\" class=\"elementor-animation-hang attachment-large size-large wp-image-94\" alt=\"\" \/>\t\t\t\t\t\t\t\t<\/a>\n\t\t\t\t\t\t\t\t\t\t\t\t\t\t\t<\/div>\n\t\t\t\t<\/div>\n\t\t\t\t\t<\/div>\n\t\t\t\t<\/div>\n\t\t<div class=\"elementor-element elementor-element-690ef94 e-flex e-con-boxed e-con e-child\" data-id=\"690ef94\" data-element_type=\"container\">\n\t\t\t\t\t<div class=\"e-con-inner\">\n\t\t\t\t<div class=\"elementor-element elementor-element-941169b elementor-widget elementor-widget-text-editor\" data-id=\"941169b\" data-element_type=\"widget\" data-widget_type=\"text-editor.default\">\n\t\t\t\t<div class=\"elementor-widget-container\">\n\t\t\t\t\t\t\t\t\t<p>Business area 'water' consists of Hydria Water, which in January 2022 acquired the companies of Melleg\u00e5rd &amp; Naij and VA Teknik Sweden AB and incorporated these into the Hydria brand.<\/p><p>The entire operation is located in Viared, Bor\u00e5s.<\/p>\t\t\t\t\t\t\t\t<\/div>\n\t\t\t\t<\/div>\n\t\t\t\t\t<\/div>\n\t\t\t\t<\/div>\n\t\t\t\t\t<\/div>\n\t\t\t\t<\/div>\n\t\t\t\t<\/div>\n\t\t<div class=\"elementor-element elementor-element-0c58db1 e-flex e-con-boxed e-con e-parent\" data-id=\"0c58db1\" data-element_type=\"container\">\n\t\t\t\t\t<div class=\"e-con-inner\">\n\t\t<div class=\"elementor-element elementor-element-2438ac6 e-con-full e-flex e-con e-child\" data-id=\"2438ac6\" data-element_type=\"container\" data-settings=\"{&quot;background_background&quot;:&quot;classic&quot;}\">\n\t\t\t\t<div class=\"elementor-element elementor-element-a8ac390 elementor-blockquote--skin-quotation elementor-widget elementor-widget-blockquote\" data-id=\"a8ac390\" data-element_type=\"widget\" data-widget_type=\"blockquote.default\">\n\t\t\t\t<div class=\"elementor-widget-container\">\n\t\t\t\t\t\t\t<blockquote class=\"elementor-blockquote\">\n\t\t\t<p class=\"elementor-blockquote__content\">\n\t\t\t\tWe thrive on challenges. By questioning established technology and solutions on the market today, we are driven to think differently and develop solutions that make facilities more efficient and contribute to a sustainable future.\t\t\t<\/p>\n\t\t\t\t\t\t\t<div class=\"e-q-footer\">\n\t\t\t\t\t\t\t\t\t\t\t<cite class=\"elementor-blockquote__author\">Tobias Barrstrand, CEO Hydria Water<\/cite>\n\t\t\t\t\t\t\t\t\t\t\t\t\t\t<\/div>\n\t\t\t\t\t<\/blockquote>\n\t\t\t\t\t\t<\/div>\n\t\t\t\t<\/div>\n\t\t\t\t<\/div>\n\t\t\t\t\t<\/div>\n\t\t\t\t<\/div>\n\t\t<div class=\"elementor-element elementor-element-116ba56 e-con-full e-flex e-con e-parent\" data-id=\"116ba56\" data-element_type=\"container\">\n\t\t<div class=\"elementor-element elementor-element-c801a1e e-flex e-con-boxed e-con e-child\" data-id=\"c801a1e\" data-element_type=\"container\" data-settings=\"{&quot;background_background&quot;:&quot;classic&quot;,&quot;position&quot;:&quot;absolute&quot;}\">\n\t\t\t\t\t<div class=\"e-con-inner\">\n\t\t\t\t\t<\/div>\n\t\t\t\t<\/div>\n\t\t<div class=\"elementor-element elementor-element-8ec148a e-flex e-con-boxed e-con e-child\" data-id=\"8ec148a\" data-element_type=\"container\" data-settings=\"{&quot;background_background&quot;:&quot;classic&quot;,&quot;position&quot;:&quot;absolute&quot;}\">\n\t\t\t\t\t<div class=\"e-con-inner\">\n\t\t\t\t\t<\/div>\n\t\t\t\t<\/div>\n\t\t<div class=\"elementor-element elementor-element-4272520 e-flex e-con-boxed e-con e-child\" data-id=\"4272520\" data-element_type=\"container\" data-settings=\"{&quot;background_background&quot;:&quot;classic&quot;,&quot;position&quot;:&quot;absolute&quot;}\">\n\t\t\t\t\t<div class=\"e-con-inner\">\n\t\t\t\t\t<\/div>\n\t\t\t\t<\/div>\n\t\t\t\t<\/div>\n\t\t\t\t<\/div>","protected":false},"excerpt":{"rendered":"<p>Fr\u00e5n avloppsvatten till resurs Genom att utveckla innovativa l\u00f6sningar som effektiviserar kundernas anl\u00e4ggningar \u00e5teranv\u00e4nds en viktig naturtillg\u00e5ng och skapar en h\u00e5llbar framtid. Oms\u00e4ttning maj 2023-april 2024 (Mkr) 0 Antal anst\u00e4llda 0 Svensk produktion som verkar internationellt V\u00e5rt koncernbolag har utrustning som rensar avloppsvatten fr\u00e5n partiklar genom innovativ teknik och f\u00f6rbereder vattnet inf\u00f6r n\u00e4sta steg. Genom [&hellip;]<\/p>","protected":false},"author":1,"featured_media":0,"parent":0,"menu_order":0,"comment_status":"closed","ping_status":"closed","template":"","meta":{"footnotes":""},"class_list":["post-330","page","type-page","status-publish","hentry"],"_links":{"self":[{"href":"https:\/\/hydria.se\/en\/wp-json\/wp\/v2\/pages\/330","targetHints":{"allow":["GET"]}}],"collection":[{"href":"https:\/\/hydria.se\/en\/wp-json\/wp\/v2\/pages"}],"about":[{"href":"https:\/\/hydria.se\/en\/wp-json\/wp\/v2\/types\/page"}],"author":[{"embeddable":true,"href":"https:\/\/hydria.se\/en\/wp-json\/wp\/v2\/users\/1"}],"replies":[{"embeddable":true,"href":"https:\/\/hydria.se\/en\/wp-json\/wp\/v2\/comments?post=330"}],"version-history":[{"count":85,"href":"https:\/\/hydria.se\/en\/wp-json\/wp\/v2\/pages\/330\/revisions"}],"predecessor-version":[{"id":2290,"href":"https:\/\/hydria.se\/en\/wp-json\/wp\/v2\/pages\/330\/revisions\/2290"}],"wp:attachment":[{"href":"https:\/\/hydria.se\/en\/wp-json\/wp\/v2\/media?parent=330"}],"curies":[{"name":"wp","href":"https:\/\/api.w.org\/{rel}","templated":true}]}}