{"id":3,"date":"2022-11-18T10:31:40","date_gmt":"2022-11-18T10:31:40","guid":{"rendered":"https:\/\/hydria.se\/?page_id=3"},"modified":"2023-08-28T14:17:23","modified_gmt":"2023-08-28T14:17:23","slug":"integritetspolicy","status":"publish","type":"page","link":"https:\/\/hydria.se\/en\/integritetspolicy\/","title":{"rendered":"Integritetspolicy"},"content":{"rendered":"<div data-elementor-type=\"wp-page\" data-elementor-id=\"3\" class=\"elementor elementor-3\" data-elementor-post-type=\"page\">\n\t\t\t\t<div class=\"elementor-element elementor-element-1845ecaf e-con-full e-flex e-con e-parent\" data-id=\"1845ecaf\" data-element_type=\"container\">\n\t\t<div class=\"elementor-element elementor-element-6758f30a e-flex e-con-boxed e-con e-parent\" data-id=\"6758f30a\" data-element_type=\"container\">\n\t\t\t\t\t<div class=\"e-con-inner\">\n\t\t<div class=\"elementor-element elementor-element-4f056a39 e-flex e-con-boxed e-con e-parent\" data-id=\"4f056a39\" data-element_type=\"container\">\n\t\t\t\t\t<div class=\"e-con-inner\">\n\t\t<div class=\"elementor-element elementor-element-4809c8da e-con-full e-flex e-con e-parent\" data-id=\"4809c8da\" data-element_type=\"container\">\n\t\t\t\t<div class=\"elementor-element elementor-element-77c06d5f elementor-widget elementor-widget-heading\" data-id=\"77c06d5f\" data-element_type=\"widget\" data-widget_type=\"heading.default\">\n\t\t\t\t<div class=\"elementor-widget-container\">\n\t\t\t\t\t<h1 class=\"elementor-heading-title elementor-size-default\">Integritetspolicy<\/h1>\t\t\t\t<\/div>\n\t\t\t\t<\/div>\n\t\t\t\t<\/div>\n\t\t\t\t\t<\/div>\n\t\t\t\t<\/div>\n\t\t<div class=\"elementor-element elementor-element-47f92869 e-flex e-con-boxed e-con e-parent\" data-id=\"47f92869\" data-element_type=\"container\" data-settings=\"{&quot;background_background&quot;:&quot;classic&quot;,&quot;position&quot;:&quot;absolute&quot;}\">\n\t\t\t\t\t<div class=\"e-con-inner\">\n\t\t\t\t\t<\/div>\n\t\t\t\t<\/div>\n\t\t<div class=\"elementor-element elementor-element-638d2c7a e-flex e-con-boxed e-con e-parent\" data-id=\"638d2c7a\" data-element_type=\"container\" data-settings=\"{&quot;background_background&quot;:&quot;classic&quot;,&quot;position&quot;:&quot;absolute&quot;}\">\n\t\t\t\t\t<div class=\"e-con-inner\">\n\t\t\t\t\t<\/div>\n\t\t\t\t<\/div>\n\t\t\t\t\t<\/div>\n\t\t\t\t<\/div>\n\t\t\t\t<\/div>\n\t\t<div class=\"elementor-element elementor-element-5ccad54 e-flex e-con-boxed e-con e-parent\" data-id=\"5ccad54\" data-element_type=\"container\">\n\t\t\t\t\t<div class=\"e-con-inner\">\n\t\t\t\t<div class=\"elementor-element elementor-element-31b4d7e elementor-widget elementor-widget-text-editor\" data-id=\"31b4d7e\" data-element_type=\"widget\" data-widget_type=\"text-editor.default\">\n\t\t\t\t<div class=\"elementor-widget-container\">\n\t\t\t\t\t\t\t\t\t<p>Vi arbetar f\u00f6r att s\u00e4kerst\u00e4lla en h\u00f6g niv\u00e5 av dataskydd som v\u00e4rnar om din personliga integritet vid anv\u00e4ndning av v\u00e5r webbplats. Denna integritetspolicy f\u00f6rklarar d\u00e4rf\u00f6r hur dina personuppgifter bearbetas och skyddas, dina r\u00e4ttigheter och hur du kan g\u00f6ra dem g\u00e4llande. Vi str\u00e4var efter att du ska k\u00e4nna dig trygg i v\u00e5r behandling av dina personuppgifter. Vid eventuella fr\u00e5gor \u00e4r du v\u00e4lkommen att kontakta oss. V\u00e5ra kontaktuppgifter hittar du l\u00e4ngst ned p\u00e5 denna sida.<\/p>\t\t\t\t\t\t\t\t<\/div>\n\t\t\t\t<\/div>\n\t\t\t\t<div class=\"elementor-element elementor-element-69d4b34 elementor-widget elementor-widget-heading\" data-id=\"69d4b34\" data-element_type=\"widget\" data-widget_type=\"heading.default\">\n\t\t\t\t<div class=\"elementor-widget-container\">\n\t\t\t\t\t<h2 class=\"elementor-heading-title elementor-size-default\">Vem ansvarar f\u00f6r de personuppgifter vi samlar in?<\/h2>\t\t\t\t<\/div>\n\t\t\t\t<\/div>\n\t\t\t\t<div class=\"elementor-element elementor-element-deaca74 elementor-widget elementor-widget-text-editor\" data-id=\"deaca74\" data-element_type=\"widget\" data-widget_type=\"text-editor.default\">\n\t\t\t\t<div class=\"elementor-widget-container\">\n\t\t\t\t\t\t\t\t\t<p>Hydria Group AB 56340-3863, Skaraborgsv\u00e4gen 6, 506 30 Bor\u00e5s, \u00e4r personuppgiftsansvarig f\u00f6r de personuppgifter du l\u00e4mnar till oss genom k\u00f6p och \u00f6vrig kontakt med oss och ansvarar f\u00f6r behandling av dessa.<\/p>\t\t\t\t\t\t\t\t<\/div>\n\t\t\t\t<\/div>\n\t\t\t\t<div class=\"elementor-element elementor-element-3d574db elementor-widget elementor-widget-heading\" data-id=\"3d574db\" data-element_type=\"widget\" data-widget_type=\"heading.default\">\n\t\t\t\t<div class=\"elementor-widget-container\">\n\t\t\t\t\t<h2 class=\"elementor-heading-title elementor-size-default\">Var lagras dina personuppgifter?<\/h2>\t\t\t\t<\/div>\n\t\t\t\t<\/div>\n\t\t\t\t<div class=\"elementor-element elementor-element-5514138 elementor-widget elementor-widget-text-editor\" data-id=\"5514138\" data-element_type=\"widget\" data-widget_type=\"text-editor.default\">\n\t\t\t\t<div class=\"elementor-widget-container\">\n\t\t\t\t\t\t\t\t\t<p>Vi efterstr\u00e4var att dina personuppgifter i s\u00e5 h\u00f6g grad som m\u00f6jligt ska behandlas inom det europeiska ekonomiska samarbetsomr\u00e5det (EES) och alla v\u00e5ra egna IT-system, men kan \u00e4ven \u00f6verf\u00f6ras och bearbetas i ett land utanf\u00f6r EES (s.k. \u201dtredje land\u201d). S\u00e5dan \u00f6verf\u00f6ring sker endast till mottagarland med adekvat skyddsniv\u00e5 och i enlighet med g\u00e4llande lagstiftning.<\/p>\t\t\t\t\t\t\t\t<\/div>\n\t\t\t\t<\/div>\n\t\t\t\t<div class=\"elementor-element elementor-element-8a4ee55 elementor-widget elementor-widget-heading\" data-id=\"8a4ee55\" data-element_type=\"widget\" data-widget_type=\"heading.default\">\n\t\t\t\t<div class=\"elementor-widget-container\">\n\t\t\t\t\t<h2 class=\"elementor-heading-title elementor-size-default\">Vad f\u00f6r slags personuppgifter samlar vi in?<\/h2>\t\t\t\t<\/div>\n\t\t\t\t<\/div>\n\t\t\t\t<div class=\"elementor-element elementor-element-a9268fb elementor-widget elementor-widget-text-editor\" data-id=\"a9268fb\" data-element_type=\"widget\" data-widget_type=\"text-editor.default\">\n\t\t\t\t<div class=\"elementor-widget-container\">\n\t\t\t\t\t\t\t\t\t<p>Vi samlar in personuppgifter som du skickar till oss n\u00e4r du kontaktar oss. Vi behandlar vanligtvis f\u00f6ljande personuppgifter:<\/p><p>Grundl\u00e4ggande kontaktuppgifter som namn, adress, telefonnummer och e-postadress.<br \/>Anst\u00e4llningsinformation som arbetsgivare, befattning, position samt aff\u00e4rsrelaterade preferenser och intressen.<br \/>Bes\u00f6ksinformation fr\u00e5n din webbl\u00e4sare, till exempel webbl\u00e4sare, enhet, spr\u00e5k och adress till den webbplats som du bes\u00f6kte innan, samt information om IP-adress.<br \/>Som personuppgiftsansvarig behandlar vi inte k\u00e4nsliga uppgifter om dig.<\/p>\t\t\t\t\t\t\t\t<\/div>\n\t\t\t\t<\/div>\n\t\t\t\t<div class=\"elementor-element elementor-element-9c288ad elementor-widget elementor-widget-heading\" data-id=\"9c288ad\" data-element_type=\"widget\" data-widget_type=\"heading.default\">\n\t\t\t\t<div class=\"elementor-widget-container\">\n\t\t\t\t\t<h2 class=\"elementor-heading-title elementor-size-default\">Hur anv\u00e4nder vi dina personuppgifter?<\/h2>\t\t\t\t<\/div>\n\t\t\t\t<\/div>\n\t\t\t\t<div class=\"elementor-element elementor-element-7e6627e elementor-widget elementor-widget-text-editor\" data-id=\"7e6627e\" data-element_type=\"widget\" data-widget_type=\"text-editor.default\">\n\t\t\t\t<div class=\"elementor-widget-container\">\n\t\t\t\t\t\t\t\t\t<p>Vi kan komma att anv\u00e4nda dina personuppgifter f\u00f6r f\u00f6ljande \u00e4ndam\u00e5l:<\/p><p>Genomf\u00f6ra f\u00f6rs\u00e4ljning och utlagt arbete f\u00f6r kund.<br \/>Uppr\u00e4tta beg\u00e4rda anbud p\u00e5 produkter och tj\u00e4nster till kund.<br \/>Utf\u00f6ra leveranser i enlighet med avtal som slutits med dig eller kunden.<br \/>Erbjuda st\u00f6d till dem som anv\u00e4nder v\u00e5ra produkter och tj\u00e4nster.<br \/>F\u00f6rb\u00e4ttra och utveckla kvaliteten, funktionen och anv\u00e4ndarupplevelsen hos v\u00e5ra produkter, tj\u00e4nster och v\u00e5ra webbplatser.<br \/>F\u00f6rhindra att v\u00e5ra produkter och tj\u00e4nster missbrukas.<br \/>Behandla best\u00e4llningar, fakturering, betalning och annan finansiell uppf\u00f6ljning.<br \/>Skapa intresseprofiler f\u00f6r att marknadsf\u00f6ra relevanta produkter och tj\u00e4nster.<\/p>\t\t\t\t\t\t\t\t<\/div>\n\t\t\t\t<\/div>\n\t\t\t\t<div class=\"elementor-element elementor-element-c5bd330 elementor-widget elementor-widget-heading\" data-id=\"c5bd330\" data-element_type=\"widget\" data-widget_type=\"heading.default\">\n\t\t\t\t<div class=\"elementor-widget-container\">\n\t\t\t\t\t<h2 class=\"elementor-heading-title elementor-size-default\">Hur l\u00e4nge sparar vi dina personuppgifter?<\/h2>\t\t\t\t<\/div>\n\t\t\t\t<\/div>\n\t\t\t\t<div class=\"elementor-element elementor-element-f0c702e elementor-widget elementor-widget-text-editor\" data-id=\"f0c702e\" data-element_type=\"widget\" data-widget_type=\"text-editor.default\">\n\t\t\t\t<div class=\"elementor-widget-container\">\n\t\t\t\t\t\t\t\t\t<p>Vi sparar endast dina personuppgifter s\u00e5 l\u00e4nge som det \u00e4r n\u00f6dv\u00e4ndigt att uppfylla v\u00e5ra avtalsf\u00f6rpliktelser och vid behov enligt lagstadgad lagringstid. N\u00e4r vi sparar dina personuppgifter f\u00f6r andra \u00e4ndam\u00e5l \u00e4n v\u00e5ra avtalsf\u00f6rpliktelser, till exempel med st\u00f6d av samtycke n\u00e4r du anm\u00e4ler dig till v\u00e5ra event eller mottar nyhetsbrev via e-post behandlar vi endast personuppgifterna om det \u00e4r n\u00f6dv\u00e4ndigt eller lagstadgat f\u00f6r \u00e4ndam\u00e5let.<\/p><p>N\u00e4r det inte l\u00e4ngre finns ett syfte eller en laglig skyldighet att lagra personuppgifterna, raderas eller anonymiseras dem. Personuppgifter som endast samlas in f\u00f6r ett visst \u00e4ndam\u00e5l h\u00e5lls till ett minimum f\u00f6r att kunna utf\u00f6ra syftet, \u00e4ven k\u00e4nt som dataminimering.<\/p>\t\t\t\t\t\t\t\t<\/div>\n\t\t\t\t<\/div>\n\t\t\t\t<div class=\"elementor-element elementor-element-de222ab elementor-widget elementor-widget-heading\" data-id=\"de222ab\" data-element_type=\"widget\" data-widget_type=\"heading.default\">\n\t\t\t\t<div class=\"elementor-widget-container\">\n\t\t\t\t\t<h2 class=\"elementor-heading-title elementor-size-default\">Vilka \u00e4r dina r\u00e4ttigheter?<\/h2>\t\t\t\t<\/div>\n\t\t\t\t<\/div>\n\t\t\t\t<div class=\"elementor-element elementor-element-6c84ee1 elementor-widget elementor-widget-text-editor\" data-id=\"6c84ee1\" data-element_type=\"widget\" data-widget_type=\"text-editor.default\">\n\t\t\t\t<div class=\"elementor-widget-container\">\n\t\t\t\t\t\t\t\t\t<p>Du har r\u00e4tt att n\u00e4r som helst beg\u00e4ra information om de personuppgifter vi har om dig. Om dina uppgifter \u00e4r felaktiga, ofullst\u00e4ndiga eller irrelevanta, kan du beg\u00e4ra att f\u00e5 dem r\u00e4ttade eller raderade. Vi kan inte radera dina uppgifter d\u00e5 det f\u00f6religger ett lagstadgat krav p\u00e5 lagring, som exempelvis bokf\u00f6ringsregler, eller n\u00e4r det finns andra legitima sk\u00e4l till varf\u00f6r uppgifterna m\u00e5ste sparas, till exempel obetalda fakturor. Du kan kontakta oss genom att skicka brev, e-post eller ringa. Se kontaktuppgifter nedan.<\/p>\t\t\t\t\t\t\t\t<\/div>\n\t\t\t\t<\/div>\n\t\t\t\t<div class=\"elementor-element elementor-element-a68f165 elementor-widget elementor-widget-heading\" data-id=\"a68f165\" data-element_type=\"widget\" data-widget_type=\"heading.default\">\n\t\t\t\t<div class=\"elementor-widget-container\">\n\t\t\t\t\t<h2 class=\"elementor-heading-title elementor-size-default\">Vilka kan vi komma att dela dina personuppgifter med?<\/h2>\t\t\t\t<\/div>\n\t\t\t\t<\/div>\n\t\t\t\t<div class=\"elementor-element elementor-element-9cb1d7e elementor-widget elementor-widget-text-editor\" data-id=\"9cb1d7e\" data-element_type=\"widget\" data-widget_type=\"text-editor.default\">\n\t\t\t\t<div class=\"elementor-widget-container\">\n\t\t\t\t\t\t\t\t\t<p>Vi kan l\u00e4mna ut din personliga information till alla f\u00f6retag i v\u00e5r koncern (dvs. dotterbolag) i den m\u00e5n det \u00e4r rimligt och n\u00f6dv\u00e4ndigt f\u00f6r de syften som anges i denna integritetspolicy.<\/p><p>Vi s\u00e4ljer inte, handlar eller \u00f6verf\u00f6r p\u00e5 annat s\u00e4tt din personliga information till tredje part. Undantag \u00e4r avtalade tredje parter som hj\u00e4lper oss att driva webbplatsen, bedriva v\u00e5r verksamhet, leverera varorna du best\u00e4ller eller tillhandah\u00e5lla tj\u00e4nster, om dessa parter samtycker till att h\u00e5lla informationen konfidentiell och inte anv\u00e4nda den f\u00f6r andra \u00e4ndam\u00e5l som inte avtalats. Vi vidarebefordrar, s\u00e4ljer eller byter aldrig dina personuppgifter f\u00f6r marknadsf\u00f6rings\u00e4ndam\u00e5l till tredje part.<\/p><p>Exempelvis kan dina data komma att delas med tredje parter f\u00f6r bes\u00f6ks- och beteendesp\u00e5rning.<\/p>\t\t\t\t\t\t\t\t<\/div>\n\t\t\t\t<\/div>\n\t\t\t\t<div class=\"elementor-element elementor-element-1b5aee3 elementor-widget elementor-widget-heading\" data-id=\"1b5aee3\" data-element_type=\"widget\" data-widget_type=\"heading.default\">\n\t\t\t\t<div class=\"elementor-widget-container\">\n\t\t\t\t\t<h2 class=\"elementor-heading-title elementor-size-default\">Hur skyddar vi dina personuppgifter?<\/h2>\t\t\t\t<\/div>\n\t\t\t\t<\/div>\n\t\t\t\t<div class=\"elementor-element elementor-element-8cc3da2 elementor-widget elementor-widget-text-editor\" data-id=\"8cc3da2\" data-element_type=\"widget\" data-widget_type=\"text-editor.default\">\n\t\t\t\t<div class=\"elementor-widget-container\">\n\t\t\t\t\t\t\t\t\t<p>F\u00f6r att dina personuppgifter som skickas till v\u00e5r webbplats inte ska l\u00e4sas av utomst\u00e5ende, krypteras all s\u00e5dan information och skickas via en s\u00e4ker anslutning.<\/p>\t\t\t\t\t\t\t\t<\/div>\n\t\t\t\t<\/div>\n\t\t\t\t<div class=\"elementor-element elementor-element-9a6785d elementor-widget elementor-widget-heading\" data-id=\"9a6785d\" data-element_type=\"widget\" data-widget_type=\"heading.default\">\n\t\t\t\t<div class=\"elementor-widget-container\">\n\t\t\t\t\t<h2 class=\"elementor-heading-title elementor-size-default\">Cookies<\/h2>\t\t\t\t<\/div>\n\t\t\t\t<\/div>\n\t\t\t\t<div class=\"elementor-element elementor-element-c25a5da elementor-widget elementor-widget-text-editor\" data-id=\"c25a5da\" data-element_type=\"widget\" data-widget_type=\"text-editor.default\">\n\t\t\t\t<div class=\"elementor-widget-container\">\n\t\t\t\t\t\t\t\t\t<p>En cookie \u00e4r en liten textfil som en webbplats sparar p\u00e5 bes\u00f6karens dator. Cookies anv\u00e4nds p\u00e5 m\u00e5nga webbplatser f\u00f6r att ge en bes\u00f6kare tillg\u00e5ng till olika funktioner. Informationen i en cookie kan ocks\u00e5 anv\u00e4ndas f\u00f6r att f\u00f6lja en anv\u00e4ndares surfande p\u00e5 webbplatser som anv\u00e4nder samma cookie.<\/p>\t\t\t\t\t\t\t\t<\/div>\n\t\t\t\t<\/div>\n\t\t\t\t<div class=\"elementor-element elementor-element-43b2c85 elementor-widget elementor-widget-heading\" data-id=\"43b2c85\" data-element_type=\"widget\" data-widget_type=\"heading.default\">\n\t\t\t\t<div class=\"elementor-widget-container\">\n\t\t\t\t\t<h2 class=\"elementor-heading-title elementor-size-default\">M\u00e5ste jag till\u00e5ta cookies?<\/h2>\t\t\t\t<\/div>\n\t\t\t\t<\/div>\n\t\t\t\t<div class=\"elementor-element elementor-element-5fb63bc elementor-widget elementor-widget-text-editor\" data-id=\"5fb63bc\" data-element_type=\"widget\" data-widget_type=\"text-editor.default\">\n\t\t\t\t<div class=\"elementor-widget-container\">\n\t\t\t\t\t\t\t\t\t<p>F\u00f6r att kunna anv\u00e4nda v\u00e5r webbplats kr\u00e4vs det att du godk\u00e4nner anv\u00e4ndande av funktionskritiska cookies, men f\u00f6r de flesta bes\u00f6kare anv\u00e4nds inte n\u00e5gra s\u00e5dana.<\/p>\t\t\t\t\t\t\t\t<\/div>\n\t\t\t\t<\/div>\n\t\t\t\t<div class=\"elementor-element elementor-element-688333b elementor-widget elementor-widget-heading\" data-id=\"688333b\" data-element_type=\"widget\" data-widget_type=\"heading.default\">\n\t\t\t\t<div class=\"elementor-widget-container\">\n\t\t\t\t\t<h2 class=\"elementor-heading-title elementor-size-default\">Hur anv\u00e4nder vi cookies?<\/h2>\t\t\t\t<\/div>\n\t\t\t\t<\/div>\n\t\t\t\t<div class=\"elementor-element elementor-element-49314af elementor-widget elementor-widget-text-editor\" data-id=\"49314af\" data-element_type=\"widget\" data-widget_type=\"text-editor.default\">\n\t\t\t\t<div class=\"elementor-widget-container\">\n\t\t\t\t\t\t\t\t\t<p>Vi anv\u00e4nder cookies f\u00f6r att sp\u00e5ra bes\u00f6kares beteende p\u00e5 v\u00e5r site och f\u00f6r att f\u00f6rb\u00e4ttra anv\u00e4ndarupplevelsen via cache-plugin.<\/p>\t\t\t\t\t\t\t\t<\/div>\n\t\t\t\t<\/div>\n\t\t\t\t<div class=\"elementor-element elementor-element-4337108 elementor-widget elementor-widget-heading\" data-id=\"4337108\" data-element_type=\"widget\" data-widget_type=\"heading.default\">\n\t\t\t\t<div class=\"elementor-widget-container\">\n\t\t\t\t\t<h2 class=\"elementor-heading-title elementor-size-default\">Tredjepartscookies<\/h2>\t\t\t\t<\/div>\n\t\t\t\t<\/div>\n\t\t\t\t<div class=\"elementor-element elementor-element-ea7bfba elementor-widget elementor-widget-text-editor\" data-id=\"ea7bfba\" data-element_type=\"widget\" data-widget_type=\"text-editor.default\">\n\t\t\t\t<div class=\"elementor-widget-container\">\n\t\t\t\t\t\t\t\t\t<p>Vi anv\u00e4nder Google Analytics och Ads som ocks\u00e5 s\u00e4tter cookies, detta f\u00f6r att f\u00e5 en bild av hur v\u00e5ra bes\u00f6kare anv\u00e4nder webbplatsen samt f\u00f6r v\u00e5r marknadsf\u00f6ring. Dessa cookies inneh\u00e5ller inte heller identifierande information om vem du som bes\u00f6karen \u00e4r.<\/p><p>Artiklar p\u00e5 denna webbplats kan inneh\u00e5lla inb\u00e4ddat inneh\u00e5ll (exempelvis videoklipp, bilder, artiklar o.s.v.). Inb\u00e4ddat inneh\u00e5ll fr\u00e5n andra webbplatser beter sig precis p\u00e5 samma s\u00e4tt som om bes\u00f6karen har bes\u00f6kt den andra webbplatsen. Dessa webbplatser kan samla in uppgifter om dig, anv\u00e4nda cookie-filer, b\u00e4dda in ytterligare sp\u00e5rning fr\u00e5n tredje part och \u00f6vervaka din interaktion med sagda inb\u00e4ddade inneh\u00e5ll, inklusive sp\u00e5rning av din interaktion med detta inb\u00e4ddade inneh\u00e5ll om du har ett konto och \u00e4r inloggad p\u00e5 webbplatsen i fr\u00e5ga.<\/p>\t\t\t\t\t\t\t\t<\/div>\n\t\t\t\t<\/div>\n\t\t\t\t<div class=\"elementor-element elementor-element-8918f0c elementor-widget elementor-widget-heading\" data-id=\"8918f0c\" data-element_type=\"widget\" data-widget_type=\"heading.default\">\n\t\t\t\t<div class=\"elementor-widget-container\">\n\t\t\t\t\t<h2 class=\"elementor-heading-title elementor-size-default\">Personuppgiftsansvarig<\/h2>\t\t\t\t<\/div>\n\t\t\t\t<\/div>\n\t\t\t\t<div class=\"elementor-element elementor-element-4f168dd elementor-widget elementor-widget-text-editor\" data-id=\"4f168dd\" data-element_type=\"widget\" data-widget_type=\"text-editor.default\">\n\t\t\t\t<div class=\"elementor-widget-container\">\n\t\t\t\t\t\t\t\t\t<p>Hydria Group AB<br \/>Organisationsnummer: 556340-3863<br \/>Skaraborgsv\u00e4gen 6<br \/>506 30 Bor\u00e5s, Sweden<br \/>Sverige<\/p><p>Telefon: 033-23 69 50<br \/>E-post: <a href=\"mailto:info@hydria.se\">info@hydria.se<\/a><\/p>\t\t\t\t\t\t\t\t<\/div>\n\t\t\t\t<\/div>\n\t\t\t\t\t<\/div>\n\t\t\t\t<\/div>\n\t\t<div class=\"elementor-element elementor-element-7b0039f7 e-con-full e-flex e-con e-parent\" data-id=\"7b0039f7\" data-element_type=\"container\">\n\t\t<div class=\"elementor-element elementor-element-48c0d78 e-con-full e-flex e-con e-parent\" data-id=\"48c0d78\" data-element_type=\"container\">\n\t\t<div class=\"elementor-element elementor-element-64ccfe44 e-con-full e-flex e-con e-parent\" data-id=\"64ccfe44\" data-element_type=\"container\" data-settings=\"{&quot;background_background&quot;:&quot;classic&quot;,&quot;position&quot;:&quot;absolute&quot;}\">\n\t\t\t\t<\/div>\n\t\t<div class=\"elementor-element elementor-element-7174befe e-con-full e-flex e-con e-parent\" data-id=\"7174befe\" data-element_type=\"container\" data-settings=\"{&quot;background_background&quot;:&quot;classic&quot;,&quot;position&quot;:&quot;absolute&quot;}\">\n\t\t\t\t<\/div>\n\t\t\t\t<\/div>\n\t\t\t\t<\/div>\n\t\t\t\t<\/div>","protected":false},"excerpt":{"rendered":"<p>Vi arbetar f\u00f6r att s\u00e4kerst\u00e4lla en h\u00f6g niv\u00e5 av dataskydd som v\u00e4rnar om din personliga integritet vid anv\u00e4ndning av v\u00e5r webbplats. Denna integritetspolicy f\u00f6rklarar d\u00e4rf\u00f6r hur dina personuppgifter bearbetas och skyddas, dina r\u00e4ttigheter och hur du kan g\u00f6ra dem g\u00e4llande. Vi str\u00e4var efter att du ska k\u00e4nna dig trygg i v\u00e5r behandling av dina personuppgifter. [&hellip;]<\/p>","protected":false},"author":1,"featured_media":0,"parent":0,"menu_order":0,"comment_status":"closed","ping_status":"open","template":"","meta":{"footnotes":""},"class_list":["post-3","page","type-page","status-publish","hentry"],"_links":{"self":[{"href":"https:\/\/hydria.se\/en\/wp-json\/wp\/v2\/pages\/3","targetHints":{"allow":["GET"]}}],"collection":[{"href":"https:\/\/hydria.se\/en\/wp-json\/wp\/v2\/pages"}],"about":[{"href":"https:\/\/hydria.se\/en\/wp-json\/wp\/v2\/types\/page"}],"author":[{"embeddable":true,"href":"https:\/\/hydria.se\/en\/wp-json\/wp\/v2\/users\/1"}],"replies":[{"embeddable":true,"href":"https:\/\/hydria.se\/en\/wp-json\/wp\/v2\/comments?post=3"}],"version-history":[{"count":22,"href":"https:\/\/hydria.se\/en\/wp-json\/wp\/v2\/pages\/3\/revisions"}],"predecessor-version":[{"id":2021,"href":"https:\/\/hydria.se\/en\/wp-json\/wp\/v2\/pages\/3\/revisions\/2021"}],"wp:attachment":[{"href":"https:\/\/hydria.se\/en\/wp-json\/wp\/v2\/media?parent=3"}],"curies":[{"name":"wp","href":"https:\/\/api.w.org\/{rel}","templated":true}]}}