{"id":2565,"date":"2025-05-06T09:31:51","date_gmt":"2025-05-06T09:31:51","guid":{"rendered":"https:\/\/hydria.se\/?page_id=2565"},"modified":"2025-05-06T11:10:23","modified_gmt":"2025-05-06T11:10:23","slug":"sponsring","status":"publish","type":"page","link":"https:\/\/hydria.se\/en\/om-hydria-group\/sponsring\/","title":{"rendered":"Sponsring"},"content":{"rendered":"<div data-elementor-type=\"wp-page\" data-elementor-id=\"2565\" class=\"elementor elementor-2565\" data-elementor-post-type=\"page\">\n\t\t\t\t<div class=\"elementor-element elementor-element-bd8a8ae e-con-full e-flex e-con e-parent\" data-id=\"bd8a8ae\" data-element_type=\"container\" data-settings=\"{&quot;background_background&quot;:&quot;classic&quot;}\">\n\t\t<div class=\"elementor-element elementor-element-9127604 e-con-full e-flex e-con e-child\" data-id=\"9127604\" data-element_type=\"container\" data-settings=\"{&quot;background_background&quot;:&quot;classic&quot;}\">\n\t\t<div class=\"elementor-element elementor-element-9aaebb6 e-flex e-con-boxed e-con e-child\" data-id=\"9aaebb6\" data-element_type=\"container\">\n\t\t\t\t\t<div class=\"e-con-inner\">\n\t\t\t\t<div class=\"elementor-element elementor-element-c5817f9 elementor-widget elementor-widget-heading\" data-id=\"c5817f9\" data-element_type=\"widget\" data-widget_type=\"heading.default\">\n\t\t\t\t<div class=\"elementor-widget-container\">\n\t\t\t\t\t<h1 class=\"elementor-heading-title elementor-size-default\">Commitment and sponsorship<\/h1>\t\t\t\t<\/div>\n\t\t\t\t<\/div>\n\t\t\t\t\t<\/div>\n\t\t\t\t<\/div>\n\t\t\t\t<\/div>\n\t\t\t\t<\/div>\n\t\t<div class=\"elementor-element elementor-element-02fadcd e-flex e-con-boxed e-con e-parent\" data-id=\"02fadcd\" data-element_type=\"container\">\n\t\t\t\t\t<div class=\"e-con-inner\">\n\t\t<div class=\"elementor-element elementor-element-1bc86f6 e-con-full e-flex e-con e-child\" data-id=\"1bc86f6\" data-element_type=\"container\">\n\t\t\t\t<div class=\"elementor-element elementor-element-aacb096 elementor-widget elementor-widget-heading\" data-id=\"aacb096\" data-element_type=\"widget\" data-widget_type=\"heading.default\">\n\t\t\t\t<div class=\"elementor-widget-container\">\n\t\t\t\t\t<h2 class=\"elementor-heading-title elementor-size-default\">Vill din f\u00f6rening eller organisation ans\u00f6ka om sponsring?<\/h2>\t\t\t\t<\/div>\n\t\t\t\t<\/div>\n\t\t\t\t<div class=\"elementor-element elementor-element-12ba534 elementor-widget elementor-widget-text-editor\" data-id=\"12ba534\" data-element_type=\"widget\" data-widget_type=\"text-editor.default\">\n\t\t\t\t<div class=\"elementor-widget-container\">\n\t\t\t\t\t\t\t\t\t<p>Vi engagerar oss g\u00e4rna och st\u00f6ttar samh\u00e4llsviktiga fr\u00e5gor i v\u00e5r n\u00e4rhet. Vi har kontinuerliga och l\u00e5ngsiktiga samarbeten, men \u00a0n\u00e5gra tillf\u00e4llet om \u00e5ret utv\u00e4rderar vi \u00a0f\u00f6rfr\u00e5gningar fr\u00e5n nya organisationer.<\/p><p>Om din f\u00f6rening eller organisation vill ans\u00f6ka om sponsring fyller du i era uppgifter samt en kortare beskrivning av vilken typ av sponsring ni \u00f6nskar s\u00e5 \u00e5terkommer vi n\u00e4r vi hanterat er fr\u00e5ga.<\/p>\t\t\t\t\t\t\t\t<\/div>\n\t\t\t\t<\/div>\n\t\t\t\t<\/div>\n\t\t<div class=\"elementor-element elementor-element-c66f90f e-con-full e-flex e-con e-child\" data-id=\"c66f90f\" data-element_type=\"container\">\n\t\t\t\t<div class=\"elementor-element elementor-element-a89ed8f elementor-button-align-stretch elementor-widget elementor-widget-form\" data-id=\"a89ed8f\" data-element_type=\"widget\" data-settings=\"{&quot;step_next_label&quot;:&quot;N\\u00e4sta&quot;,&quot;step_previous_label&quot;:&quot;F\\u00f6reg\\u00e5ende&quot;,&quot;button_width&quot;:&quot;20&quot;,&quot;step_type&quot;:&quot;number_text&quot;,&quot;step_icon_shape&quot;:&quot;circle&quot;}\" data-widget_type=\"form.default\">\n\t\t\t\t<div class=\"elementor-widget-container\">\n\t\t\t\t\t\t\t<form class=\"elementor-form\" method=\"post\" name=\"Sponsringsformul\u00e4r\" aria-label=\"Sponsringsformul\u00e4r\" action=\"\">\n\t\t\t<input type=\"hidden\" name=\"post_id\" value=\"2565\"\/>\n\t\t\t<input type=\"hidden\" name=\"form_id\" value=\"a89ed8f\"\/>\n\t\t\t<input type=\"hidden\" name=\"referer_title\" value=\"Sponsring\" \/>\n\n\t\t\t\t\t\t\t<input type=\"hidden\" name=\"queried_id\" value=\"2565\"\/>\n\t\t\t\n\t\t\t<div class=\"elementor-form-fields-wrapper elementor-labels-above\">\n\t\t\t\t\t\t\t\t<div class=\"elementor-field-type-text elementor-field-group elementor-column elementor-field-group-name elementor-col-100\">\n\t\t\t\t\t\t\t\t\t\t\t\t<label for=\"form-field-name\" class=\"elementor-field-label\">\n\t\t\t\t\t\t\t\tKontaktperson\t\t\t\t\t\t\t<\/label>\n\t\t\t\t\t\t\t\t\t\t\t\t\t\t<input size=\"1\" type=\"text\" name=\"form_fields[name]\" id=\"form-field-name\" class=\"elementor-field elementor-size-sm  elementor-field-textual\" placeholder=\"Namn\">\n\t\t\t\t\t\t\t\t\t\t\t<\/div>\n\t\t\t\t\t\t\t\t<div class=\"elementor-field-type-text elementor-field-group elementor-column elementor-field-group-field_1aa3d8b elementor-col-100\">\n\t\t\t\t\t\t\t\t\t\t\t\t<label for=\"form-field-field_1aa3d8b\" class=\"elementor-field-label\">\n\t\t\t\t\t\t\t\tF\u00f6retag\t\t\t\t\t\t\t<\/label>\n\t\t\t\t\t\t\t\t\t\t\t\t\t\t<input size=\"1\" type=\"text\" name=\"form_fields[field_1aa3d8b]\" id=\"form-field-field_1aa3d8b\" class=\"elementor-field elementor-size-sm  elementor-field-textual\" placeholder=\"F\u00f6retag\">\n\t\t\t\t\t\t\t\t\t\t\t<\/div>\n\t\t\t\t\t\t\t\t<div class=\"elementor-field-type-email elementor-field-group elementor-column elementor-field-group-email elementor-col-100 elementor-field-required\">\n\t\t\t\t\t\t\t\t\t\t\t\t<label for=\"form-field-email\" class=\"elementor-field-label\">\n\t\t\t\t\t\t\t\tE-post\t\t\t\t\t\t\t<\/label>\n\t\t\t\t\t\t\t\t\t\t\t\t\t\t<input size=\"1\" type=\"email\" name=\"form_fields[email]\" id=\"form-field-email\" class=\"elementor-field elementor-size-sm  elementor-field-textual\" placeholder=\"E-post\" required=\"required\">\n\t\t\t\t\t\t\t\t\t\t\t<\/div>\n\t\t\t\t\t\t\t\t<div class=\"elementor-field-type-textarea elementor-field-group elementor-column elementor-field-group-message elementor-col-100\">\n\t\t\t\t\t\t\t\t\t\t\t\t<label for=\"form-field-message\" class=\"elementor-field-label\">\n\t\t\t\t\t\t\t\tMeddelande\t\t\t\t\t\t\t<\/label>\n\t\t\t\t\t\t<textarea class=\"elementor-field-textual elementor-field  elementor-size-sm\" name=\"form_fields[message]\" id=\"form-field-message\" rows=\"4\" placeholder=\"Beskriv vilka ni \u00e4r och vad f\u00f6r typ av sponsring\/belopp ni ans\u00f6ker om.\"><\/textarea>\t\t\t\t<\/div>\n\t\t\t\t\t\t\t\t<div class=\"elementor-field-group elementor-column elementor-field-type-submit elementor-col-20 e-form__buttons\">\n\t\t\t\t\t<button class=\"elementor-button elementor-size-sm\" type=\"submit\">\n\t\t\t\t\t\t<span class=\"elementor-button-content-wrapper\">\n\t\t\t\t\t\t\t\t\t\t\t\t\t\t\t\t\t\t\t\t\t\t<span class=\"elementor-button-text\">Skicka<\/span>\n\t\t\t\t\t\t\t\t\t\t\t\t\t<\/span>\n\t\t\t\t\t<\/button>\n\t\t\t\t<\/div>\n\t\t\t<\/div>\n\t\t<input type=\"hidden\" name=\"trp-form-language\" value=\"en\"\/><\/form>\n\t\t\t\t\t\t<\/div>\n\t\t\t\t<\/div>\n\t\t\t\t<div class=\"elementor-element elementor-element-fe25ee0 elementor-widget elementor-widget-spacer\" data-id=\"fe25ee0\" data-element_type=\"widget\" data-widget_type=\"spacer.default\">\n\t\t\t\t<div class=\"elementor-widget-container\">\n\t\t\t\t\t\t\t<div class=\"elementor-spacer\">\n\t\t\t<div class=\"elementor-spacer-inner\"><\/div>\n\t\t<\/div>\n\t\t\t\t\t\t<\/div>\n\t\t\t\t<\/div>\n\t\t\t\t<\/div>\n\t\t\t\t\t<\/div>\n\t\t\t\t<\/div>\n\t\t<div class=\"elementor-element elementor-element-ec3930d e-flex e-con-boxed e-con e-parent\" data-id=\"ec3930d\" data-element_type=\"container\">\n\t\t\t\t\t<div class=\"e-con-inner\">\n\t\t\t\t<div class=\"elementor-element elementor-element-ecd55af elementor-widget elementor-widget-heading\" data-id=\"ecd55af\" data-element_type=\"widget\" data-widget_type=\"heading.default\">\n\t\t\t\t<div class=\"elementor-widget-container\">\n\t\t\t\t\t<h2 class=\"elementor-heading-title elementor-size-default\">Organisationer vi st\u00f6der<\/h2>\t\t\t\t<\/div>\n\t\t\t\t<\/div>\n\t\t\t\t\t<\/div>\n\t\t\t\t<\/div>\n\t\t<div class=\"elementor-element elementor-element-1a90513 e-flex e-con-boxed e-con e-parent\" data-id=\"1a90513\" data-element_type=\"container\">\n\t\t\t\t\t<div class=\"e-con-inner\">\n\t\t\t\t<div class=\"elementor-element elementor-element-0f6b4cf elementor-widget elementor-widget-image\" data-id=\"0f6b4cf\" data-element_type=\"widget\" data-widget_type=\"image.default\">\n\t\t\t\t<div class=\"elementor-widget-container\">\n\t\t\t\t\t\t\t\t\t\t\t\t\t\t\t\t<a href=\"https:\/\/www.team-rynkeby.se\/\" target=\"_blank\">\n\t\t\t\t\t\t\t<img fetchpriority=\"high\" decoding=\"async\" width=\"800\" height=\"386\" src=\"https:\/\/hydria.se\/wp-content\/uploads\/2025\/05\/Rynkeby-1024x494.png\" class=\"elementor-animation-grow attachment-large size-large wp-image-2568\" alt=\"\" srcset=\"https:\/\/hydria.se\/wp-content\/uploads\/2025\/05\/Rynkeby-1024x494.png 1024w, https:\/\/hydria.se\/wp-content\/uploads\/2025\/05\/Rynkeby-300x145.png 300w, https:\/\/hydria.se\/wp-content\/uploads\/2025\/05\/Rynkeby-768x370.png 768w, https:\/\/hydria.se\/wp-content\/uploads\/2025\/05\/Rynkeby-18x9.png 18w, https:\/\/hydria.se\/wp-content\/uploads\/2025\/05\/Rynkeby.png 1354w\" sizes=\"(max-width: 800px) 100vw, 800px\" \/>\t\t\t\t\t\t\t\t<\/a>\n\t\t\t\t\t\t\t\t\t\t\t\t\t\t\t<\/div>\n\t\t\t\t<\/div>\n\t\t\t\t<div class=\"elementor-element elementor-element-f83e9dd elementor-widget elementor-widget-image\" data-id=\"f83e9dd\" data-element_type=\"widget\" data-widget_type=\"image.default\">\n\t\t\t\t<div class=\"elementor-widget-container\">\n\t\t\t\t\t\t\t\t\t\t\t\t\t\t\t\t<a href=\"https:\/\/www.barncancerfonden.se\/\" target=\"_blank\">\n\t\t\t\t\t\t\t<img decoding=\"async\" width=\"772\" height=\"792\" src=\"https:\/\/hydria.se\/wp-content\/uploads\/2025\/05\/Barncancerfonden.png\" class=\"elementor-animation-grow attachment-large size-large wp-image-2569\" alt=\"\" srcset=\"https:\/\/hydria.se\/wp-content\/uploads\/2025\/05\/Barncancerfonden.png 772w, https:\/\/hydria.se\/wp-content\/uploads\/2025\/05\/Barncancerfonden-292x300.png 292w, https:\/\/hydria.se\/wp-content\/uploads\/2025\/05\/Barncancerfonden-768x788.png 768w, https:\/\/hydria.se\/wp-content\/uploads\/2025\/05\/Barncancerfonden-12x12.png 12w\" sizes=\"(max-width: 772px) 100vw, 772px\" \/>\t\t\t\t\t\t\t\t<\/a>\n\t\t\t\t\t\t\t\t\t\t\t\t\t\t\t<\/div>\n\t\t\t\t<\/div>\n\t\t\t\t<div class=\"elementor-element elementor-element-b9035c9 elementor-widget elementor-widget-image\" data-id=\"b9035c9\" data-element_type=\"widget\" data-widget_type=\"image.default\">\n\t\t\t\t<div class=\"elementor-widget-container\">\n\t\t\t\t\t\t\t\t\t\t\t\t\t\t\t\t<a href=\"https:\/\/elfsborg.se\/\" target=\"_blank\">\n\t\t\t\t\t\t\t<img decoding=\"async\" width=\"121\" height=\"102\" src=\"https:\/\/hydria.se\/wp-content\/uploads\/2023\/01\/logo-ife.svg\" class=\"elementor-animation-grow attachment-large size-large wp-image-1868\" alt=\"IF Elfsborg\" \/>\t\t\t\t\t\t\t\t<\/a>\n\t\t\t\t\t\t\t\t\t\t\t\t\t\t\t<\/div>\n\t\t\t\t<\/div>\n\t\t\t\t<div class=\"elementor-element elementor-element-e2aa0b4 elementor-widget elementor-widget-image\" data-id=\"e2aa0b4\" data-element_type=\"widget\" data-widget_type=\"image.default\">\n\t\t\t\t<div class=\"elementor-widget-container\">\n\t\t\t\t\t\t\t\t\t\t\t\t\t\t\t\t<a href=\"https:\/\/www.norrbyif.se\/start\/\" target=\"_blank\">\n\t\t\t\t\t\t\t<img loading=\"lazy\" decoding=\"async\" width=\"295\" height=\"320\" src=\"https:\/\/hydria.se\/wp-content\/uploads\/2025\/05\/norrby-if.png\" class=\"elementor-animation-grow attachment-large size-large wp-image-2570\" alt=\"\" srcset=\"https:\/\/hydria.se\/wp-content\/uploads\/2025\/05\/norrby-if.png 295w, https:\/\/hydria.se\/wp-content\/uploads\/2025\/05\/norrby-if-277x300.png 277w, https:\/\/hydria.se\/wp-content\/uploads\/2025\/05\/norrby-if-11x12.png 11w\" sizes=\"(max-width: 295px) 100vw, 295px\" \/>\t\t\t\t\t\t\t\t<\/a>\n\t\t\t\t\t\t\t\t\t\t\t\t\t\t\t<\/div>\n\t\t\t\t<\/div>\n\t\t\t\t\t<\/div>\n\t\t\t\t<\/div>\n\t\t<div class=\"elementor-element elementor-element-e45d169 e-flex e-con-boxed e-con e-parent\" data-id=\"e45d169\" data-element_type=\"container\">\n\t\t\t\t\t<div class=\"e-con-inner\">\n\t\t\t\t<div class=\"elementor-element elementor-element-01d28d5 elementor-widget elementor-widget-image\" data-id=\"01d28d5\" data-element_type=\"widget\" data-widget_type=\"image.default\">\n\t\t\t\t<div class=\"elementor-widget-container\">\n\t\t\t\t\t\t\t\t\t\t\t\t\t\t\t\t<a href=\"https:\/\/www.laget.se\/SJOMARKENSIF\" target=\"_blank\">\n\t\t\t\t\t\t\t<img loading=\"lazy\" decoding=\"async\" width=\"800\" height=\"713\" src=\"https:\/\/hydria.se\/wp-content\/uploads\/2025\/05\/SIF-logo.png\" class=\"elementor-animation-grow attachment-large size-large wp-image-2571\" alt=\"\" srcset=\"https:\/\/hydria.se\/wp-content\/uploads\/2025\/05\/SIF-logo.png 862w, https:\/\/hydria.se\/wp-content\/uploads\/2025\/05\/SIF-logo-300x267.png 300w, https:\/\/hydria.se\/wp-content\/uploads\/2025\/05\/SIF-logo-768x684.png 768w, https:\/\/hydria.se\/wp-content\/uploads\/2025\/05\/SIF-logo-13x12.png 13w\" sizes=\"(max-width: 800px) 100vw, 800px\" \/>\t\t\t\t\t\t\t\t<\/a>\n\t\t\t\t\t\t\t\t\t\t\t\t\t\t\t<\/div>\n\t\t\t\t<\/div>\n\t\t\t\t<div class=\"elementor-element elementor-element-3c11fdb elementor-widget elementor-widget-image\" data-id=\"3c11fdb\" data-element_type=\"widget\" data-widget_type=\"image.default\">\n\t\t\t\t<div class=\"elementor-widget-container\">\n\t\t\t\t\t\t\t\t\t\t\t\t\t\t\t\t<a href=\"https:\/\/www.borasgif.nu\/\" target=\"_blank\">\n\t\t\t\t\t\t\t<img loading=\"lazy\" decoding=\"async\" width=\"700\" height=\"700\" src=\"https:\/\/hydria.se\/wp-content\/uploads\/2025\/05\/Boras-GIF-logo.png\" class=\"elementor-animation-grow attachment-large size-large wp-image-2572\" alt=\"\" srcset=\"https:\/\/hydria.se\/wp-content\/uploads\/2025\/05\/Boras-GIF-logo.png 700w, https:\/\/hydria.se\/wp-content\/uploads\/2025\/05\/Boras-GIF-logo-300x300.png 300w, https:\/\/hydria.se\/wp-content\/uploads\/2025\/05\/Boras-GIF-logo-150x150.png 150w, https:\/\/hydria.se\/wp-content\/uploads\/2025\/05\/Boras-GIF-logo-12x12.png 12w\" sizes=\"(max-width: 700px) 100vw, 700px\" \/>\t\t\t\t\t\t\t\t<\/a>\n\t\t\t\t\t\t\t\t\t\t\t\t\t\t\t<\/div>\n\t\t\t\t<\/div>\n\t\t\t\t<div class=\"elementor-element elementor-element-958d635 elementor-widget elementor-widget-image\" data-id=\"958d635\" data-element_type=\"widget\" data-widget_type=\"image.default\">\n\t\t\t\t<div class=\"elementor-widget-container\">\n\t\t\t\t\t\t\t\t\t\t\t\t\t\t\t\t<a href=\"https:\/\/www.sparsorsaik.nu\/start\/\" target=\"_blank\">\n\t\t\t\t\t\t\t<img loading=\"lazy\" decoding=\"async\" width=\"800\" height=\"655\" src=\"https:\/\/hydria.se\/wp-content\/uploads\/2025\/05\/Sparsors-AIK.png\" class=\"elementor-animation-grow attachment-large size-large wp-image-2573\" alt=\"\" srcset=\"https:\/\/hydria.se\/wp-content\/uploads\/2025\/05\/Sparsors-AIK.png 946w, https:\/\/hydria.se\/wp-content\/uploads\/2025\/05\/Sparsors-AIK-300x246.png 300w, https:\/\/hydria.se\/wp-content\/uploads\/2025\/05\/Sparsors-AIK-768x629.png 768w, https:\/\/hydria.se\/wp-content\/uploads\/2025\/05\/Sparsors-AIK-15x12.png 15w\" sizes=\"(max-width: 800px) 100vw, 800px\" \/>\t\t\t\t\t\t\t\t<\/a>\n\t\t\t\t\t\t\t\t\t\t\t\t\t\t\t<\/div>\n\t\t\t\t<\/div>\n\t\t\t\t<div class=\"elementor-element elementor-element-7acd7da elementor-widget elementor-widget-image\" data-id=\"7acd7da\" data-element_type=\"widget\" data-widget_type=\"image.default\">\n\t\t\t\t<div class=\"elementor-widget-container\">\n\t\t\t\t\t\t\t\t\t\t\t\t\t\t\t\t<a href=\"https:\/\/epvanner.se\/\" target=\"_blank\">\n\t\t\t\t\t\t\t<img loading=\"lazy\" decoding=\"async\" width=\"667\" height=\"463\" src=\"https:\/\/hydria.se\/wp-content\/uploads\/2025\/05\/EPV-ftgpartner.jpg\" class=\"elementor-animation-grow attachment-large size-large wp-image-2574\" alt=\"\" srcset=\"https:\/\/hydria.se\/wp-content\/uploads\/2025\/05\/EPV-ftgpartner.jpg 667w, https:\/\/hydria.se\/wp-content\/uploads\/2025\/05\/EPV-ftgpartner-300x208.jpg 300w, https:\/\/hydria.se\/wp-content\/uploads\/2025\/05\/EPV-ftgpartner-18x12.jpg 18w\" sizes=\"(max-width: 667px) 100vw, 667px\" \/>\t\t\t\t\t\t\t\t<\/a>\n\t\t\t\t\t\t\t\t\t\t\t\t\t\t\t<\/div>\n\t\t\t\t<\/div>\n\t\t\t\t\t<\/div>\n\t\t\t\t<\/div>\n\t\t<div class=\"elementor-element elementor-element-1fa5eb3 e-con-full e-flex e-con e-parent\" data-id=\"1fa5eb3\" data-element_type=\"container\">\n\t\t<div class=\"elementor-element elementor-element-0ac095d e-con-full e-flex e-con e-child\" data-id=\"0ac095d\" data-element_type=\"container\">\n\t\t<div class=\"elementor-element elementor-element-1c9a681 e-con-full e-flex e-con e-child\" data-id=\"1c9a681\" data-element_type=\"container\" data-settings=\"{&quot;background_background&quot;:&quot;classic&quot;,&quot;position&quot;:&quot;absolute&quot;}\">\n\t\t\t\t<\/div>\n\t\t<div class=\"elementor-element elementor-element-4d9a96e e-con-full e-flex e-con e-child\" data-id=\"4d9a96e\" data-element_type=\"container\" data-settings=\"{&quot;background_background&quot;:&quot;classic&quot;,&quot;position&quot;:&quot;absolute&quot;}\">\n\t\t\t\t<\/div>\n\t\t\t\t<\/div>\n\t\t\t\t<\/div>\n\t\t\t\t<\/div>","protected":false},"excerpt":{"rendered":"<p>Engagemang och sponsring Vill din f\u00f6rening eller organisation ans\u00f6ka om sponsring? Vi engagerar oss g\u00e4rna och st\u00f6ttar samh\u00e4llsviktiga fr\u00e5gor i v\u00e5r n\u00e4rhet. Vi har kontinuerliga och l\u00e5ngsiktiga samarbeten, men \u00a0n\u00e5gra tillf\u00e4llet om \u00e5ret utv\u00e4rderar vi \u00a0f\u00f6rfr\u00e5gningar fr\u00e5n nya organisationer. Om din f\u00f6rening eller organisation vill ans\u00f6ka om sponsring fyller du i era uppgifter samt en [&hellip;]<\/p>","protected":false},"author":1,"featured_media":0,"parent":52,"menu_order":0,"comment_status":"closed","ping_status":"closed","template":"","meta":{"footnotes":""},"class_list":["post-2565","page","type-page","status-publish","hentry"],"_links":{"self":[{"href":"https:\/\/hydria.se\/en\/wp-json\/wp\/v2\/pages\/2565","targetHints":{"allow":["GET"]}}],"collection":[{"href":"https:\/\/hydria.se\/en\/wp-json\/wp\/v2\/pages"}],"about":[{"href":"https:\/\/hydria.se\/en\/wp-json\/wp\/v2\/types\/page"}],"author":[{"embeddable":true,"href":"https:\/\/hydria.se\/en\/wp-json\/wp\/v2\/users\/1"}],"replies":[{"embeddable":true,"href":"https:\/\/hydria.se\/en\/wp-json\/wp\/v2\/comments?post=2565"}],"version-history":[{"count":17,"href":"https:\/\/hydria.se\/en\/wp-json\/wp\/v2\/pages\/2565\/revisions"}],"predecessor-version":[{"id":2591,"href":"https:\/\/hydria.se\/en\/wp-json\/wp\/v2\/pages\/2565\/revisions\/2591"}],"up":[{"embeddable":true,"href":"https:\/\/hydria.se\/en\/wp-json\/wp\/v2\/pages\/52"}],"wp:attachment":[{"href":"https:\/\/hydria.se\/en\/wp-json\/wp\/v2\/media?parent=2565"}],"curies":[{"name":"wp","href":"https:\/\/api.w.org\/{rel}","templated":true}]}}