{"id":2047,"date":"2023-11-22T13:46:43","date_gmt":"2023-11-22T13:46:43","guid":{"rendered":"https:\/\/hydria.se\/?page_id=2047"},"modified":"2023-11-22T13:47:20","modified_gmt":"2023-11-22T13:47:20","slug":"visselblasning","status":"publish","type":"page","link":"https:\/\/hydria.se\/en\/visselblasning\/","title":{"rendered":"Visselbl\u00e5sning"},"content":{"rendered":"<div data-elementor-type=\"wp-page\" data-elementor-id=\"2047\" class=\"elementor elementor-2047\" data-elementor-post-type=\"page\">\n\t\t\t\t<div class=\"elementor-element elementor-element-1bbb4446 e-con-full e-flex e-con e-parent\" data-id=\"1bbb4446\" data-element_type=\"container\">\n\t\t<div class=\"elementor-element elementor-element-77bde01d e-flex e-con-boxed e-con e-child\" data-id=\"77bde01d\" data-element_type=\"container\">\n\t\t\t\t\t<div class=\"e-con-inner\">\n\t\t<div class=\"elementor-element elementor-element-49a07b45 e-flex e-con-boxed e-con e-child\" data-id=\"49a07b45\" data-element_type=\"container\">\n\t\t\t\t\t<div class=\"e-con-inner\">\n\t\t<div class=\"elementor-element elementor-element-666338c1 e-con-full e-flex e-con e-child\" data-id=\"666338c1\" data-element_type=\"container\">\n\t\t\t\t<div class=\"elementor-element elementor-element-b075ec8 elementor-widget elementor-widget-heading\" data-id=\"b075ec8\" data-element_type=\"widget\" data-widget_type=\"heading.default\">\n\t\t\t\t<div class=\"elementor-widget-container\">\n\t\t\t\t\t<h1 class=\"elementor-heading-title elementor-size-default\">Visselbl\u00e5sning<\/h1>\t\t\t\t<\/div>\n\t\t\t\t<\/div>\n\t\t\t\t<\/div>\n\t\t\t\t\t<\/div>\n\t\t\t\t<\/div>\n\t\t<div class=\"elementor-element elementor-element-7ecc5010 e-flex e-con-boxed e-con e-child\" data-id=\"7ecc5010\" data-element_type=\"container\" data-settings=\"{&quot;background_background&quot;:&quot;classic&quot;,&quot;position&quot;:&quot;absolute&quot;}\">\n\t\t\t\t\t<div class=\"e-con-inner\">\n\t\t\t\t\t<\/div>\n\t\t\t\t<\/div>\n\t\t<div class=\"elementor-element elementor-element-46aa32de e-flex e-con-boxed e-con e-child\" data-id=\"46aa32de\" data-element_type=\"container\" data-settings=\"{&quot;background_background&quot;:&quot;classic&quot;,&quot;position&quot;:&quot;absolute&quot;}\">\n\t\t\t\t\t<div class=\"e-con-inner\">\n\t\t\t\t\t<\/div>\n\t\t\t\t<\/div>\n\t\t\t\t\t<\/div>\n\t\t\t\t<\/div>\n\t\t\t\t<\/div>\n\t\t<div class=\"elementor-element elementor-element-56cdcb89 e-flex e-con-boxed e-con e-parent\" data-id=\"56cdcb89\" data-element_type=\"container\">\n\t\t\t\t\t<div class=\"e-con-inner\">\n\t\t\t\t<div class=\"elementor-element elementor-element-5ca5f0c5 elementor-widget elementor-widget-heading\" data-id=\"5ca5f0c5\" data-element_type=\"widget\" data-widget_type=\"heading.default\">\n\t\t\t\t<div class=\"elementor-widget-container\">\n\t\t\t\t\t<h2 class=\"elementor-heading-title elementor-size-default\">Om visselbl\u00e5sning<\/h2>\t\t\t\t<\/div>\n\t\t\t\t<\/div>\n\t\t\t\t<div class=\"elementor-element elementor-element-2489d3b7 elementor-widget elementor-widget-text-editor\" data-id=\"2489d3b7\" data-element_type=\"widget\" data-widget_type=\"text-editor.default\">\n\t\t\t\t<div class=\"elementor-widget-container\">\n\t\t\t\t\t\t\t\t\t<p><span class=\"TextRun SCXW117941388 BCX8\" lang=\"SV-SE\" xml:lang=\"SV-SE\" data-contrast=\"auto\"><span class=\"NormalTextRun SCXW117941388 BCX8\">F\u00f6r oss p\u00e5 <\/span><span class=\"NormalTextRun SCXW117941388 BCX8\">Hydria<\/span><span class=\"NormalTextRun SCXW117941388 BCX8\"> Group \u00e4r det viktigt att lagar, interna regler, s\u00e4kerhet och <\/span><\/span><span class=\"TextRun SCXW117941388 BCX8\" lang=\"SV-SE\" xml:lang=\"SV-SE\" data-contrast=\"auto\"><span class=\"NormalTextRun SCXW117941388 BCX8\">respekt f\u00f6ljs<\/span><\/span><span class=\"TextRun SCXW117941388 BCX8\" lang=\"SV-SE\" xml:lang=\"SV-SE\" data-contrast=\"auto\"><span class=\"NormalTextRun SCXW117941388 BCX8\"> och efterlevs. Det g\u00e4ller b\u00e5de mot v\u00e5ra medarbetare, <\/span><\/span><span class=\"TextRun SCXW117941388 BCX8\" lang=\"SV-SE\" xml:lang=\"SV-SE\" data-contrast=\"auto\"><span class=\"NormalTextRun SCXW117941388 BCX8\">\u00a0kunder, leverant\u00f6rer, samarbetspartners och andra som ber\u00f6rs av oss som f\u00f6retag. Vi <\/span><\/span><span class=\"TextRun SCXW117941388 BCX8\" lang=\"SV-SE\" xml:lang=\"SV-SE\" data-contrast=\"none\"><span class=\"NormalTextRun SCXW117941388 BCX8\">str\u00e4var efter att ha en \u00f6ppen och transparent arbetsplats d\u00e4r missf\u00f6rh\u00e5llanden inte ska f\u00f6rekomma. D\u00e4rf\u00f6r finns m\u00f6jlighete<\/span><span class=\"NormalTextRun SCXW117941388 BCX8\">n att visselbl\u00e5sa.<\/span> <span class=\"NormalTextRun SCXW117941388 BCX8\">Vi anv\u00e4nder <\/span><\/span><span style=\"text-decoration: underline;\"><a class=\"Hyperlink SCXW117941388 BCX8\" href=\"https:\/\/visslan.com\/\" target=\"_blank\" rel=\"noreferrer noopener\"><span class=\"TextRun Underlined SCXW117941388 BCX8\" lang=\"SV-SE\" xml:lang=\"SV-SE\" data-contrast=\"none\"><span class=\"NormalTextRun SCXW117941388 BCX8\" data-ccp-charstyle=\"Hyperlink\">Visslans<\/span><\/span><\/a><\/span><span class=\"TextRun SCXW117941388 BCX8\" lang=\"SV-SE\" xml:lang=\"SV-SE\" data-contrast=\"none\"><span class=\"NormalTextRun SCXW117941388 BCX8\"> visselbl\u00e5sarkanal som s\u00e4kerst\u00e4ller <\/span><\/span><span class=\"TextRun SCXW117941388 BCX8\" lang=\"SV-SE\" xml:lang=\"SV-SE\" data-contrast=\"none\"><span class=\"NormalTextRun SCXW117941388 BCX8\">visselbl\u00e5sarens<\/span> <\/span><span class=\"TextRun SCXW117941388 BCX8\" lang=\"SV-SE\" xml:lang=\"SV-SE\" data-contrast=\"none\"><span class=\"NormalTextRun SCXW117941388 BCX8\">anonymitet och h\u00f6g<\/span><span class=\"NormalTextRun SCXW117941388 BCX8\">sta<\/span><span class=\"NormalTextRun SCXW117941388 BCX8\"> s\u00e4kerhet<\/span><span class=\"NormalTextRun SCXW117941388 BCX8\">.<\/span><\/span><span class=\"EOP SCXW117941388 BCX8\" data-ccp-props=\"{&quot;201341983&quot;:0,&quot;335559739&quot;:0,&quot;335559740&quot;:259}\">\u00a0<\/span><\/p>\t\t\t\t\t\t\t\t<\/div>\n\t\t\t\t<\/div>\n\t\t<div class=\"elementor-element elementor-element-10c80ad6 e-flex e-con-boxed e-con e-child\" data-id=\"10c80ad6\" data-element_type=\"container\">\n\t\t\t\t\t<div class=\"e-con-inner\">\n\t\t<div class=\"elementor-element elementor-element-33bf2b43 e-con-full e-flex e-con e-child\" data-id=\"33bf2b43\" data-element_type=\"container\">\n\t\t\t\t<div class=\"elementor-element elementor-element-2aba3b96 elementor-widget__width-initial elementor-widget elementor-widget-button\" data-id=\"2aba3b96\" data-element_type=\"widget\" data-widget_type=\"button.default\">\n\t\t\t\t<div class=\"elementor-widget-container\">\n\t\t\t\t\t\t\t\t\t<div class=\"elementor-button-wrapper\">\n\t\t\t\t\t<a class=\"elementor-button elementor-button-link elementor-size-sm\" href=\"https:\/\/hydriagroup.visslan-report.se\/#\/\">\n\t\t\t\t\t\t<span class=\"elementor-button-content-wrapper\">\n\t\t\t\t\t\t\t\t\t<span class=\"elementor-button-text\">G\u00f6r en anm\u00e4lan<\/span>\n\t\t\t\t\t<\/span>\n\t\t\t\t\t<\/a>\n\t\t\t\t<\/div>\n\t\t\t\t\t\t\t\t<\/div>\n\t\t\t\t<\/div>\n\t\t\t\t<\/div>\n\t\t<div class=\"elementor-element elementor-element-471a31fb e-con-full e-flex e-con e-child\" data-id=\"471a31fb\" data-element_type=\"container\">\n\t\t\t\t<div class=\"elementor-element elementor-element-9fe9a5c elementor-widget__width-initial elementor-widget elementor-widget-button\" data-id=\"9fe9a5c\" data-element_type=\"widget\" data-widget_type=\"button.default\">\n\t\t\t\t<div class=\"elementor-widget-container\">\n\t\t\t\t\t\t\t\t\t<div class=\"elementor-button-wrapper\">\n\t\t\t\t\t<a class=\"elementor-button elementor-button-link elementor-size-sm\" href=\"\/en\/fullstandig-visselblasarpolicy\/\">\n\t\t\t\t\t\t<span class=\"elementor-button-content-wrapper\">\n\t\t\t\t\t\t\t\t\t<span class=\"elementor-button-text\">Fullst\u00e4ndig visselbl\u00e5sarpolicy<\/span>\n\t\t\t\t\t<\/span>\n\t\t\t\t\t<\/a>\n\t\t\t\t<\/div>\n\t\t\t\t\t\t\t\t<\/div>\n\t\t\t\t<\/div>\n\t\t\t\t<\/div>\n\t\t\t\t\t<\/div>\n\t\t\t\t<\/div>\n\t\t\t\t\t<\/div>\n\t\t\t\t<\/div>\n\t\t<div class=\"elementor-element elementor-element-5d24205c e-flex e-con-boxed e-con e-parent\" data-id=\"5d24205c\" data-element_type=\"container\">\n\t\t\t\t\t<div class=\"e-con-inner\">\n\t\t\t\t<div class=\"elementor-element elementor-element-2e20f638 elementor-widget elementor-widget-heading\" data-id=\"2e20f638\" data-element_type=\"widget\" data-widget_type=\"heading.default\">\n\t\t\t\t<div class=\"elementor-widget-container\">\n\t\t\t\t\t<h2 class=\"elementor-heading-title elementor-size-default\">Vad kan jag visselbl\u00e5sa om?<\/h2>\t\t\t\t<\/div>\n\t\t\t\t<\/div>\n\t\t\t\t<div class=\"elementor-element elementor-element-1be2603e elementor-widget elementor-widget-text-editor\" data-id=\"1be2603e\" data-element_type=\"widget\" data-widget_type=\"text-editor.default\">\n\t\t\t\t<div class=\"elementor-widget-container\">\n\t\t\t\t\t\t\t\t\t<p>Om du upplever ett problem och har en misstanke om ett missf\u00f6rh\u00e5llande inom f\u00f6retaget med allm\u00e4nintresse. \u00c4r du os\u00e4ker p\u00e5 vad som r\u00e4knas som missf\u00f6rh\u00e5llande f\u00e5r du g\u00e4rna l\u00e4sa mer i v\u00e5r visselbl\u00e5sarpolicy. Du beh\u00f6ver inte ha n\u00e5got bevis f\u00f6r din misstanke, men alla rapporteringar m\u00e5ste l\u00e4mnas i god tro.<\/p><p>Exempel p\u00e5 missf\u00f6rh\u00e5llanden av allm\u00e4nt intresse som b\u00f6r rapporteras om:<\/p><ul><li>Medvetet felaktig bokf\u00f6ring, intern bokf\u00f6ringskontroll eller annan ekonomisk brottslighet.<\/li><li>F\u00f6rekommande av st\u00f6ld, korruption, skadeg\u00f6relse, bedr\u00e4geri, f\u00f6rskingring eller dataintr\u00e5ng.<\/li><li>Allvarliga milj\u00f6brott eller stora brister i s\u00e4kerheten p\u00e5 arbetsplatsen.<\/li><li>Om n\u00e5gon uts\u00e4tts f\u00f6r allvarliga former av diskriminering eller trakasserier.<\/li><li>Andra allvarliga missf\u00f6rh\u00e5llanden som r\u00f6r enskildas liv eller h\u00e4lsa.<\/li><li>Andra allvarliga missf\u00f6rh\u00e5llanden som r\u00f6r f\u00f6retagets vitala intressen.<\/li><\/ul>\t\t\t\t\t\t\t\t<\/div>\n\t\t\t\t<\/div>\n\t\t\t\t\t<\/div>\n\t\t\t\t<\/div>\n\t\t<div class=\"elementor-element elementor-element-550238be e-flex e-con-boxed e-con e-parent\" data-id=\"550238be\" data-element_type=\"container\">\n\t\t\t\t\t<div class=\"e-con-inner\">\n\t\t\t\t<div class=\"elementor-element elementor-element-e1fe66d elementor-widget elementor-widget-heading\" data-id=\"e1fe66d\" data-element_type=\"widget\" data-widget_type=\"heading.default\">\n\t\t\t\t<div class=\"elementor-widget-container\">\n\t\t\t\t\t<h2 class=\"elementor-heading-title elementor-size-default\">Hur hanteras rapporteringen?<\/h2>\t\t\t\t<\/div>\n\t\t\t\t<\/div>\n\t\t\t\t<div class=\"elementor-element elementor-element-11bec94d elementor-widget elementor-widget-text-editor\" data-id=\"11bec94d\" data-element_type=\"widget\" data-widget_type=\"text-editor.default\">\n\t\t\t\t<div class=\"elementor-widget-container\">\n\t\t\t\t\t\t\t\t\t<p>Rapporteringen hanteras konfidentiellt. Samtliga personuppgifter utan relevans kommer att raderas, och \u00e4rendet sparas endast s\u00e5 l\u00e4nge det \u00e4r n\u00f6dv\u00e4ndigt. Alla v\u00e5ra \u00e4renden hanteras av juristbyr\u00e5n <a href=\"https:\/\/vici.se\/\"><span style=\"text-decoration: underline;\">VICI<\/span><\/a> f\u00f6r att garantera en oberoende hantering av eventuella \u00e4renden.<\/p>\t\t\t\t\t\t\t\t<\/div>\n\t\t\t\t<\/div>\n\t\t<div class=\"elementor-element elementor-element-4c8bd8b7 e-con-full e-flex e-con e-child\" data-id=\"4c8bd8b7\" data-element_type=\"container\">\n\t\t\t\t<div class=\"elementor-element elementor-element-38a8a196 elementor-widget elementor-widget-image\" data-id=\"38a8a196\" data-element_type=\"widget\" data-widget_type=\"image.default\">\n\t\t\t\t<div class=\"elementor-widget-container\">\n\t\t\t\t\t\t\t\t\t\t\t\t\t\t\t<img fetchpriority=\"high\" decoding=\"async\" width=\"800\" height=\"577\" src=\"https:\/\/hydria.se\/wp-content\/uploads\/2023\/11\/Visselblasning_flodesschema_1387x1000px-1024x738.jpg\" class=\"attachment-large size-large wp-image-2049\" alt=\"\" srcset=\"https:\/\/hydria.se\/wp-content\/uploads\/2023\/11\/Visselblasning_flodesschema_1387x1000px-1024x738.jpg 1024w, https:\/\/hydria.se\/wp-content\/uploads\/2023\/11\/Visselblasning_flodesschema_1387x1000px-300x216.jpg 300w, https:\/\/hydria.se\/wp-content\/uploads\/2023\/11\/Visselblasning_flodesschema_1387x1000px-768x554.jpg 768w, https:\/\/hydria.se\/wp-content\/uploads\/2023\/11\/Visselblasning_flodesschema_1387x1000px-18x12.jpg 18w, https:\/\/hydria.se\/wp-content\/uploads\/2023\/11\/Visselblasning_flodesschema_1387x1000px.jpg 1387w\" sizes=\"(max-width: 800px) 100vw, 800px\" \/>\t\t\t\t\t\t\t\t\t\t\t\t\t\t\t<\/div>\n\t\t\t\t<\/div>\n\t\t\t\t<\/div>\n\t\t\t\t\t<\/div>\n\t\t\t\t<\/div>\n\t\t<div class=\"elementor-element elementor-element-4f31983b e-flex e-con-boxed e-con e-parent\" data-id=\"4f31983b\" data-element_type=\"container\">\n\t\t\t\t\t<div class=\"e-con-inner\">\n\t\t<div class=\"elementor-element elementor-element-4b14aad e-con-full e-flex e-con e-child\" data-id=\"4b14aad\" data-element_type=\"container\" data-settings=\"{&quot;background_background&quot;:&quot;classic&quot;}\">\n\t\t\t\t<div class=\"elementor-element elementor-element-92f91a0 elementor-blockquote--skin-quotation elementor-widget elementor-widget-blockquote\" data-id=\"92f91a0\" data-element_type=\"widget\" data-widget_type=\"blockquote.default\">\n\t\t\t\t<div class=\"elementor-widget-container\">\n\t\t\t\t\t\t\t<blockquote class=\"elementor-blockquote\">\n\t\t\t<p class=\"elementor-blockquote__content\">\n\t\t\t\t\"Varje enskild medarbetare ska k\u00e4nna sig trygg p\u00e5 sin arbetsplats. D\u00e4rf\u00f6r v\u00e4lkomnar vi den nya lagen eftersom vi inom Hydria Group alltid str\u00e4vat efter att ha en \u00f6ppen och transparent arbetsplats\"\t\t\t<\/p>\n\t\t\t\t\t\t\t<div class=\"e-q-footer\">\n\t\t\t\t\t\t\t\t\t\t\t<cite class=\"elementor-blockquote__author\">Tobias Barrstrand, CEO Hydria Group<\/cite>\n\t\t\t\t\t\t\t\t\t\t\t\t\t\t<\/div>\n\t\t\t\t\t<\/blockquote>\n\t\t\t\t\t\t<\/div>\n\t\t\t\t<\/div>\n\t\t\t\t<\/div>\n\t\t\t\t\t<\/div>\n\t\t\t\t<\/div>\n\t\t<div class=\"elementor-element elementor-element-5401d6a2 e-con-full e-flex e-con e-parent\" data-id=\"5401d6a2\" data-element_type=\"container\">\n\t\t<div class=\"elementor-element elementor-element-4900557 e-con-full e-flex e-con e-child\" data-id=\"4900557\" data-element_type=\"container\">\n\t\t<div class=\"elementor-element elementor-element-6d9274ff e-con-full e-flex e-con e-child\" data-id=\"6d9274ff\" data-element_type=\"container\" data-settings=\"{&quot;background_background&quot;:&quot;classic&quot;,&quot;position&quot;:&quot;absolute&quot;}\">\n\t\t\t\t<\/div>\n\t\t<div class=\"elementor-element elementor-element-2e33e52 e-con-full e-flex e-con e-child\" data-id=\"2e33e52\" data-element_type=\"container\" data-settings=\"{&quot;background_background&quot;:&quot;classic&quot;,&quot;position&quot;:&quot;absolute&quot;}\">\n\t\t\t\t<\/div>\n\t\t\t\t<\/div>\n\t\t\t\t<\/div>\n\t\t\t\t<\/div>","protected":false},"excerpt":{"rendered":"<p>Om visselbl\u00e5sning F\u00f6r oss p\u00e5 Hydria Group \u00e4r det viktigt att lagar, interna regler, s\u00e4kerhet och respekt f\u00f6ljs och efterlevs. Det g\u00e4ller b\u00e5de mot v\u00e5ra medarbetare, \u00a0kunder, leverant\u00f6rer, samarbetspartners och andra som ber\u00f6rs av oss som f\u00f6retag. Vi str\u00e4var efter att ha en \u00f6ppen och transparent arbetsplats d\u00e4r missf\u00f6rh\u00e5llanden inte ska f\u00f6rekomma. D\u00e4rf\u00f6r finns m\u00f6jligheten [&hellip;]<\/p>","protected":false},"author":3,"featured_media":0,"parent":0,"menu_order":0,"comment_status":"closed","ping_status":"closed","template":"","meta":{"footnotes":""},"class_list":["post-2047","page","type-page","status-publish","hentry"],"_links":{"self":[{"href":"https:\/\/hydria.se\/en\/wp-json\/wp\/v2\/pages\/2047","targetHints":{"allow":["GET"]}}],"collection":[{"href":"https:\/\/hydria.se\/en\/wp-json\/wp\/v2\/pages"}],"about":[{"href":"https:\/\/hydria.se\/en\/wp-json\/wp\/v2\/types\/page"}],"author":[{"embeddable":true,"href":"https:\/\/hydria.se\/en\/wp-json\/wp\/v2\/users\/3"}],"replies":[{"embeddable":true,"href":"https:\/\/hydria.se\/en\/wp-json\/wp\/v2\/comments?post=2047"}],"version-history":[{"count":4,"href":"https:\/\/hydria.se\/en\/wp-json\/wp\/v2\/pages\/2047\/revisions"}],"predecessor-version":[{"id":2056,"href":"https:\/\/hydria.se\/en\/wp-json\/wp\/v2\/pages\/2047\/revisions\/2056"}],"wp:attachment":[{"href":"https:\/\/hydria.se\/en\/wp-json\/wp\/v2\/media?parent=2047"}],"curies":[{"name":"wp","href":"https:\/\/api.w.org\/{rel}","templated":true}]}}