{"id":141,"date":"2022-11-24T08:50:33","date_gmt":"2022-11-24T08:50:33","guid":{"rendered":"https:\/\/hydria.se\/?page_id=141"},"modified":"2024-08-23T07:29:21","modified_gmt":"2024-08-23T07:29:21","slug":"ventilation","status":"publish","type":"page","link":"https:\/\/hydria.se\/en\/ventilation\/","title":{"rendered":"Ventilation"},"content":{"rendered":"<div data-elementor-type=\"wp-page\" data-elementor-id=\"141\" class=\"elementor elementor-141\" data-elementor-post-type=\"page\">\n\t\t\t\t<div class=\"elementor-element elementor-element-37d7a2ee e-con-full e-flex e-con e-parent\" data-id=\"37d7a2ee\" data-element_type=\"container\" data-settings=\"{&quot;background_background&quot;:&quot;classic&quot;}\">\n\t\t<div class=\"elementor-element elementor-element-52b0569 e-con-full e-flex e-con e-child\" data-id=\"52b0569\" data-element_type=\"container\" data-settings=\"{&quot;background_background&quot;:&quot;classic&quot;}\">\n\t\t<div class=\"elementor-element elementor-element-50abfb3 e-flex e-con-boxed e-con e-child\" data-id=\"50abfb3\" data-element_type=\"container\">\n\t\t\t\t\t<div class=\"e-con-inner\">\n\t\t\t\t<div class=\"elementor-element elementor-element-6f99d133 elementor-widget elementor-widget-heading\" data-id=\"6f99d133\" data-element_type=\"widget\" data-widget_type=\"heading.default\">\n\t\t\t\t<div class=\"elementor-widget-container\">\n\t\t\t\t\t<h1 class=\"elementor-heading-title elementor-size-default\">Ensuring ventilation through innovation<\/h1>\t\t\t\t<\/div>\n\t\t\t\t<\/div>\n\t\t\t\t<div class=\"elementor-element elementor-element-5715b2fb elementor-widget elementor-widget-text-editor\" data-id=\"5715b2fb\" data-element_type=\"widget\" data-widget_type=\"text-editor.default\">\n\t\t\t\t<div class=\"elementor-widget-container\">\n\t\t\t\t\t\t\t\t\t<p>Our subsidiaries in ventilation have ensured good indoor ventilation since 1930. Through our inhouse product development and production, we develop solutions for fire protection and ventilation.<\/p>\t\t\t\t\t\t\t\t<\/div>\n\t\t\t\t<\/div>\n\t\t\t\t\t<\/div>\n\t\t\t\t<\/div>\n\t\t\t\t<\/div>\n\t\t\t\t<\/div>\n\t\t<div class=\"elementor-element elementor-element-ef0b555 e-flex e-con-boxed e-con e-parent\" data-id=\"ef0b555\" data-element_type=\"container\">\n\t\t\t\t\t<div class=\"e-con-inner\">\n\t\t<div class=\"elementor-element elementor-element-0b02e6d e-con-full e-flex e-con e-child\" data-id=\"0b02e6d\" data-element_type=\"container\">\n\t\t\t\t<div class=\"elementor-element elementor-element-f6e5379 elementor-widget elementor-widget-counter\" data-id=\"f6e5379\" data-element_type=\"widget\" data-widget_type=\"counter.default\">\n\t\t\t\t<div class=\"elementor-widget-container\">\n\t\t\t\t\t\t\t<div class=\"elementor-counter\">\n\t\t\t<div class=\"elementor-counter-title\">Oms\u00e4ttning maj 2023-april 2024 (Mkr)<\/div>\t\t\t<div class=\"elementor-counter-number-wrapper\">\n\t\t\t\t<span class=\"elementor-counter-number-prefix\"><\/span>\n\t\t\t\t<span class=\"elementor-counter-number\" data-duration=\"500\" data-to-value=\"300\" data-from-value=\"0\">0<\/span>\n\t\t\t\t<span class=\"elementor-counter-number-suffix\"><\/span>\n\t\t\t<\/div>\n\t\t<\/div>\n\t\t\t\t\t\t<\/div>\n\t\t\t\t<\/div>\n\t\t\t\t<\/div>\n\t\t<div class=\"elementor-element elementor-element-e26767e e-con-full e-flex e-con e-child\" data-id=\"e26767e\" data-element_type=\"container\">\n\t\t\t\t<div class=\"elementor-element elementor-element-dd399b1 elementor-widget elementor-widget-counter\" data-id=\"dd399b1\" data-element_type=\"widget\" data-widget_type=\"counter.default\">\n\t\t\t\t<div class=\"elementor-widget-container\">\n\t\t\t\t\t\t\t<div class=\"elementor-counter\">\n\t\t\t<div class=\"elementor-counter-title\">Number of employees<\/div>\t\t\t<div class=\"elementor-counter-number-wrapper\">\n\t\t\t\t<span class=\"elementor-counter-number-prefix\"><\/span>\n\t\t\t\t<span class=\"elementor-counter-number\" data-duration=\"500\" data-to-value=\"120\" data-from-value=\"0\">0<\/span>\n\t\t\t\t<span class=\"elementor-counter-number-suffix\"><\/span>\n\t\t\t<\/div>\n\t\t<\/div>\n\t\t\t\t\t\t<\/div>\n\t\t\t\t<\/div>\n\t\t\t\t<\/div>\n\t\t\t\t\t<\/div>\n\t\t\t\t<\/div>\n\t\t<div class=\"elementor-element elementor-element-332521b e-flex e-con-boxed e-con e-parent\" data-id=\"332521b\" data-element_type=\"container\">\n\t\t\t\t\t<div class=\"e-con-inner\">\n\t\t\t\t<div class=\"elementor-element elementor-element-4969ae6 elementor-widget elementor-widget-heading\" data-id=\"4969ae6\" data-element_type=\"widget\" data-widget_type=\"heading.default\">\n\t\t\t\t<div class=\"elementor-widget-container\">\n\t\t\t\t\t<h2 class=\"elementor-heading-title elementor-size-default\">The safest partner for ventilation solutions<\/h2>\t\t\t\t<\/div>\n\t\t\t\t<\/div>\n\t\t\t\t<div class=\"elementor-element elementor-element-d019aa0 elementor-widget elementor-widget-text-editor\" data-id=\"d019aa0\" data-element_type=\"widget\" data-widget_type=\"text-editor.default\">\n\t\t\t\t<div class=\"elementor-widget-container\">\n\t\t\t\t\t\t\t\t\t<p>The ventilation industry is transforming rapidly and the demands for precision and durability are higher today than ever. We think this is a good, both areas have been our focus for almost a hundred years. By constantly looking to the future and challenging and developing the industry, we can create products that provide safe ventilation for people around the world. Our product development team sets the standard for the future of ventilation. Our vision is to be the industry's safest ventilation partner.<\/p>\t\t\t\t\t\t\t\t<\/div>\n\t\t\t\t<\/div>\n\t\t\t\t\t<\/div>\n\t\t\t\t<\/div>\n\t\t<div class=\"elementor-element elementor-element-3f03bca e-con-full e-flex e-con e-parent\" data-id=\"3f03bca\" data-element_type=\"container\">\n\t\t<div class=\"elementor-element elementor-element-2aa377d e-flex e-con-boxed e-con e-child\" data-id=\"2aa377d\" data-element_type=\"container\" data-settings=\"{&quot;background_background&quot;:&quot;classic&quot;,&quot;position&quot;:&quot;absolute&quot;}\">\n\t\t\t\t\t<div class=\"e-con-inner\">\n\t\t\t\t\t<\/div>\n\t\t\t\t<\/div>\n\t\t<div class=\"elementor-element elementor-element-de9a479 e-flex e-con-boxed e-con e-child\" data-id=\"de9a479\" data-element_type=\"container\" data-settings=\"{&quot;background_background&quot;:&quot;classic&quot;,&quot;position&quot;:&quot;absolute&quot;}\">\n\t\t\t\t\t<div class=\"e-con-inner\">\n\t\t\t\t\t<\/div>\n\t\t\t\t<\/div>\n\t\t<div class=\"elementor-element elementor-element-93cdf8c e-flex e-con-boxed e-con e-child\" data-id=\"93cdf8c\" data-element_type=\"container\">\n\t\t\t\t\t<div class=\"e-con-inner\">\n\t\t<div class=\"elementor-element elementor-element-b188e7f e-flex e-con-boxed e-con e-child\" data-id=\"b188e7f\" data-element_type=\"container\">\n\t\t\t\t\t<div class=\"e-con-inner\">\n\t\t\t\t<div class=\"elementor-element elementor-element-1003106 elementor-widget elementor-widget-image\" data-id=\"1003106\" data-element_type=\"widget\" data-widget_type=\"image.default\">\n\t\t\t\t<div class=\"elementor-widget-container\">\n\t\t\t\t\t\t\t\t\t\t\t\t\t\t\t\t<a href=\"https:\/\/bevent-rasch.se\/\" target=\"_blank\">\n\t\t\t\t\t\t\t<img decoding=\"async\" width=\"420\" height=\"76\" src=\"https:\/\/hydria.se\/wp-content\/uploads\/2022\/12\/BR_logo_liggande_neg.svg\" class=\"elementor-animation-hang attachment-large size-large wp-image-1521\" alt=\"\" \/>\t\t\t\t\t\t\t\t<\/a>\n\t\t\t\t\t\t\t\t\t\t\t\t\t\t\t<\/div>\n\t\t\t\t<\/div>\n\t\t\t\t<div class=\"elementor-element elementor-element-8b24cd0 elementor-widget elementor-widget-image\" data-id=\"8b24cd0\" data-element_type=\"widget\" data-widget_type=\"image.default\">\n\t\t\t\t<div class=\"elementor-widget-container\">\n\t\t\t\t\t\t\t\t\t\t\t\t\t\t\t<img fetchpriority=\"high\" decoding=\"async\" width=\"800\" height=\"234\" src=\"https:\/\/hydria.se\/wp-content\/uploads\/2022\/11\/KRO_logo_BR_neg.svg\" class=\"attachment-large size-large wp-image-96\" alt=\"\" \/>\t\t\t\t\t\t\t\t\t\t\t\t\t\t\t<\/div>\n\t\t\t\t<\/div>\n\t\t\t\t\t<\/div>\n\t\t\t\t<\/div>\n\t\t<div class=\"elementor-element elementor-element-0ae0bfc e-flex e-con-boxed e-con e-child\" data-id=\"0ae0bfc\" data-element_type=\"container\">\n\t\t\t\t\t<div class=\"e-con-inner\">\n\t\t\t\t<div class=\"elementor-element elementor-element-1ecddaa elementor-widget elementor-widget-text-editor\" data-id=\"1ecddaa\" data-element_type=\"widget\" data-widget_type=\"text-editor.default\">\n\t\t\t\t<div class=\"elementor-widget-container\">\n\t\t\t\t\t\t\t\t\t<p>I aff\u00e4rsomr\u00e5det ventilation ing\u00e5r Bevent Rasch och Kro Produksjon AS.<br \/>F\u00f6rs\u00e4ljningskontor finns i Bor\u00e5s, Stockholm, Motala och Oslo och produktion i Motala och Oslo.<\/p>\t\t\t\t\t\t\t\t<\/div>\n\t\t\t\t<\/div>\n\t\t\t\t\t<\/div>\n\t\t\t\t<\/div>\n\t\t\t\t\t<\/div>\n\t\t\t\t<\/div>\n\t\t\t\t<\/div>\n\t\t<div class=\"elementor-element elementor-element-1d2a6d1 e-con-full e-flex e-con e-parent\" data-id=\"1d2a6d1\" data-element_type=\"container\">\n\t\t<div class=\"elementor-element elementor-element-fe60325 e-flex e-con-boxed e-con e-child\" data-id=\"fe60325\" data-element_type=\"container\" data-settings=\"{&quot;background_background&quot;:&quot;classic&quot;,&quot;position&quot;:&quot;absolute&quot;}\">\n\t\t\t\t\t<div class=\"e-con-inner\">\n\t\t\t\t\t<\/div>\n\t\t\t\t<\/div>\n\t\t<div class=\"elementor-element elementor-element-f85ec03 e-flex e-con-boxed e-con e-child\" data-id=\"f85ec03\" data-element_type=\"container\" data-settings=\"{&quot;background_background&quot;:&quot;classic&quot;,&quot;position&quot;:&quot;absolute&quot;}\">\n\t\t\t\t\t<div class=\"e-con-inner\">\n\t\t\t\t\t<\/div>\n\t\t\t\t<\/div>\n\t\t<div class=\"elementor-element elementor-element-e63debc e-flex e-con-boxed e-con e-child\" data-id=\"e63debc\" data-element_type=\"container\" data-settings=\"{&quot;background_background&quot;:&quot;classic&quot;,&quot;position&quot;:&quot;absolute&quot;}\">\n\t\t\t\t\t<div class=\"e-con-inner\">\n\t\t\t\t\t<\/div>\n\t\t\t\t<\/div>\n\t\t\t\t<\/div>\n\t\t\t\t<\/div>","protected":false},"excerpt":{"rendered":"<p>Innovation som s\u00e4krar ventilation V\u00e5ra bolag inom ventilation har s\u00e4krat inomhusventilationen sedan 1930. Med egen produktutveckling och produktion skapar vi l\u00f6sningar inom brandskydd och ventilation. Oms\u00e4ttning maj 2023-april 2024 (Mkr) 0 Antal anst\u00e4llda 0 Den s\u00e4kraste partnern f\u00f6r ventilationsl\u00f6sningar Ventilationsbranschen f\u00f6r\u00e4ndras och det st\u00e4lls idag h\u00f6gre krav p\u00e5 precision och h\u00e5llbarhet. Det tycker vi \u00e4r [&hellip;]<\/p>","protected":false},"author":1,"featured_media":0,"parent":0,"menu_order":0,"comment_status":"closed","ping_status":"closed","template":"","meta":{"footnotes":""},"class_list":["post-141","page","type-page","status-publish","hentry"],"_links":{"self":[{"href":"https:\/\/hydria.se\/en\/wp-json\/wp\/v2\/pages\/141","targetHints":{"allow":["GET"]}}],"collection":[{"href":"https:\/\/hydria.se\/en\/wp-json\/wp\/v2\/pages"}],"about":[{"href":"https:\/\/hydria.se\/en\/wp-json\/wp\/v2\/types\/page"}],"author":[{"embeddable":true,"href":"https:\/\/hydria.se\/en\/wp-json\/wp\/v2\/users\/1"}],"replies":[{"embeddable":true,"href":"https:\/\/hydria.se\/en\/wp-json\/wp\/v2\/comments?post=141"}],"version-history":[{"count":157,"href":"https:\/\/hydria.se\/en\/wp-json\/wp\/v2\/pages\/141\/revisions"}],"predecessor-version":[{"id":2299,"href":"https:\/\/hydria.se\/en\/wp-json\/wp\/v2\/pages\/141\/revisions\/2299"}],"wp:attachment":[{"href":"https:\/\/hydria.se\/en\/wp-json\/wp\/v2\/media?parent=141"}],"curies":[{"name":"wp","href":"https:\/\/api.w.org\/{rel}","templated":true}]}}